{"id":152,"date":"2024-07-16T16:54:41","date_gmt":"2024-07-16T16:54:41","guid":{"rendered":"https:\/\/www.nnas.ca\/fr\/?page_id=152"},"modified":"2025-12-24T17:00:19","modified_gmt":"2025-12-24T17:00:19","slug":"guides-de-presentation-dune-demande-2","status":"publish","type":"page","link":"https:\/\/www.nnas.ca\/fr\/guides-de-presentation-dune-demande-2\/","title":{"rendered":"Guides de pr\u00e9sentation d\u2019une demande"},"content":{"rendered":"\n<div class=\"wp-block-zp4-group bottom-spacing-3 block-spacing-undefined\"><div class=\"layout-container\">\n<div class=\"wp-block-zp4-masthead alignfull\"><div class=\"masthead\"><div class=\"image-container\"><img decoding=\"async\" src=\"https:\/\/www.nnas.ca\/wp-content\/uploads\/2024\/07\/NNAS-SiteIMG_Masthead_1380x450_3.jpg\" alt=\"\" class=\"wp-image-963\" \/><div class=\"image-overlay\" style=\"background-color:undefined\"><\/div><\/div><div class=\"content-container\"><h1>Guides de pr\u00e9sentation d\u2019une demande<\/h1><p class=\"has-large-font-size\">T\u00e9l\u00e9chargez nos guides d\u00e9taill\u00e9s pour le Service acc\u00e9l\u00e9r\u00e9 ou le Service r\u00e9gulier.<\/p>\n\n<div class=\"wp-block-buttons is-content-justification-left is-layout-flex wp-container-core-buttons-is-layout-fc4fd283 wp-block-buttons-is-layout-flex\">\n\n\n\n<\/div>\n\n<\/div><\/div><\/div>\n<\/div><\/div>\n\n\n\n<h2 class=\"wp-block-heading\"><strong>Guides de demande du SNEI<\/strong><\/h2>\n\n\n\n<p>Ces guides vous aideront \u00e0 comprendre le processus suivi par le SNEI et \u00e0 amorcer vos d\u00e9marches en vue d\u2019exercer la profession infirmi\u00e8re au Canada.<\/p>\n\n\n\n<div class=\"wp-block-columns is-layout-flex wp-container-core-columns-is-layout-28f84493 wp-block-columns-is-layout-flex\">\n<div class=\"wp-block-column is-layout-flow wp-block-column-is-layout-flow\">\n<p>Guide de pr\u00e9sentation d\u2019une demande avec le Service acc\u00e9l\u00e9r\u00e9<\/p>\n\n\n\n<figure class=\"wp-block-image size-large\"><a href=\"https:\/\/www.nnas.ca\/fr\/wp-content\/uploads\/sites\/2\/2024\/07\/NNAS-ApplicantHandbook-FRE-ExpeditedVersion.pdf\"><img loading=\"lazy\" decoding=\"async\" width=\"796\" height=\"1024\" src=\"https:\/\/www.nnas.ca\/fr\/wp-content\/uploads\/sites\/2\/2024\/07\/NNAS-ApplicantHandbook-FRE-ExpeditedVersion_V2_Page_01-796x1024.png\" alt=\"\" class=\"wp-image-210\" srcset=\"https:\/\/www.nnas.ca\/fr\/wp-content\/uploads\/sites\/2\/2024\/07\/NNAS-ApplicantHandbook-FRE-ExpeditedVersion_V2_Page_01-796x1024.png 796w, https:\/\/www.nnas.ca\/fr\/wp-content\/uploads\/sites\/2\/2024\/07\/NNAS-ApplicantHandbook-FRE-ExpeditedVersion_V2_Page_01-233x300.png 233w, https:\/\/www.nnas.ca\/fr\/wp-content\/uploads\/sites\/2\/2024\/07\/NNAS-ApplicantHandbook-FRE-ExpeditedVersion_V2_Page_01-768x988.png 768w, https:\/\/www.nnas.ca\/fr\/wp-content\/uploads\/sites\/2\/2024\/07\/NNAS-ApplicantHandbook-FRE-ExpeditedVersion_V2_Page_01-1193x1536.png 1193w, https:\/\/www.nnas.ca\/fr\/wp-content\/uploads\/sites\/2\/2024\/07\/NNAS-ApplicantHandbook-FRE-ExpeditedVersion_V2_Page_01-1591x2048.png 1591w, https:\/\/www.nnas.ca\/fr\/wp-content\/uploads\/sites\/2\/2024\/07\/NNAS-ApplicantHandbook-FRE-ExpeditedVersion_V2_Page_01-350x450.png 350w, https:\/\/www.nnas.ca\/fr\/wp-content\/uploads\/sites\/2\/2024\/07\/NNAS-ApplicantHandbook-FRE-ExpeditedVersion_V2_Page_01.png 1658w\" sizes=\"auto, (max-width: 796px) 100vw, 796px\" \/><\/a><\/figure>\n\n\n\n<p>T\u00e9l\u00e9chargez le guide complet pour mieux comprendre le Service acc\u00e9l\u00e9r\u00e9.<\/p>\n\n\n\n<div class=\"wp-block-buttons is-content-justification-center is-layout-flex wp-container-core-buttons-is-layout-a89b3969 wp-block-buttons-is-layout-flex\">\n<div class=\"wp-block-button\"><a class=\"wp-block-button__link wp-element-button\" href=\"https:\/\/www.nnas.ca\/wp-content\/uploads\/2025\/12\/NNAS-ApplicantHandbook-FRE-ExpeditedVersion.pdf\">T\u00e9l\u00e9chargement<\/a><\/div>\n\n\n\n<div class=\"wp-block-button\"><a class=\"wp-block-button__link wp-element-button\" href=\"https:\/\/www.nnas.ca\/fr\/expedited-service-french\/\">Pour en savoir plus sur ce service<\/a><\/div>\n<\/div>\n<\/div>\n\n\n\n<div class=\"wp-block-column is-layout-flow wp-block-column-is-layout-flow\">\n<p>Guide de pr\u00e9sentation d\u2019une demande avec le Service r\u00e9gulier.<\/p>\n\n\n\n<figure class=\"wp-block-image size-full\"><a href=\"https:\/\/www.nnas.ca\/fr\/wp-content\/uploads\/sites\/2\/2024\/07\/NNAS-ApplicantHandbook-FRE.pdf\"><img loading=\"lazy\" decoding=\"async\" width=\"1173\" height=\"1518\" src=\"https:\/\/www.nnas.ca\/fr\/wp-content\/uploads\/sites\/2\/2024\/07\/NNAS-ApplicantHandbook-FRE_V2_Page_01.png\" alt=\"\" class=\"wp-image-207\" srcset=\"https:\/\/www.nnas.ca\/fr\/wp-content\/uploads\/sites\/2\/2024\/07\/NNAS-ApplicantHandbook-FRE_V2_Page_01.png 1173w, https:\/\/www.nnas.ca\/fr\/wp-content\/uploads\/sites\/2\/2024\/07\/NNAS-ApplicantHandbook-FRE_V2_Page_01-232x300.png 232w, https:\/\/www.nnas.ca\/fr\/wp-content\/uploads\/sites\/2\/2024\/07\/NNAS-ApplicantHandbook-FRE_V2_Page_01-791x1024.png 791w, https:\/\/www.nnas.ca\/fr\/wp-content\/uploads\/sites\/2\/2024\/07\/NNAS-ApplicantHandbook-FRE_V2_Page_01-768x994.png 768w, https:\/\/www.nnas.ca\/fr\/wp-content\/uploads\/sites\/2\/2024\/07\/NNAS-ApplicantHandbook-FRE_V2_Page_01-348x450.png 348w\" sizes=\"auto, (max-width: 1173px) 100vw, 1173px\" \/><\/a><\/figure>\n\n\n\n<p>T\u00e9l\u00e9chargez le guide complet pour mieux comprendre le Service r\u00e9gulier.<\/p>\n\n\n\n<div class=\"wp-block-buttons is-content-justification-center is-layout-flex wp-container-core-buttons-is-layout-a89b3969 wp-block-buttons-is-layout-flex\">\n<div class=\"wp-block-button\"><a class=\"wp-block-button__link wp-element-button\" href=\"https:\/\/www.nnas.ca\/wp-content\/uploads\/2025\/12\/NNAS-ApplicantHandbook-FRE.pdf\">T\u00e9l\u00e9chargement<\/a><\/div>\n\n\n\n<div class=\"wp-block-button\"><a class=\"wp-block-button__link wp-element-button\" href=\"https:\/\/www.nnas.ca\/fr\/regular-service-french\/\">Pour en savoir plus sur ce service<\/a><\/div>\n<\/div>\n<\/div>\n<\/div>\n\n\n\n<p><\/p>\n","protected":false},"excerpt":{"rendered":"<p>Guides de demande du SNEI Ces guides vous aideront \u00e0 comprendre le processus suivi par le SNEI et \u00e0 amorcer vos d\u00e9marches en vue d\u2019exercer la profession infirmi\u00e8re au Canada. Guide de pr\u00e9sentation d\u2019une demande avec le Service acc\u00e9l\u00e9r\u00e9 T\u00e9l\u00e9chargez le guide complet pour mieux comprendre le Service acc\u00e9l\u00e9r\u00e9. Guide de pr\u00e9sentation d\u2019une demande avec [&hellip;]<\/p>\n","protected":false},"author":2,"featured_media":0,"parent":0,"menu_order":0,"comment_status":"closed","ping_status":"closed","template":"","meta":{"footnotes":""},"class_list":["post-152","page","type-page","status-publish","hentry"],"yoast_head":"<!-- This site is optimized with the Yoast SEO plugin v27.3 - https:\/\/yoast.com\/product\/yoast-seo-wordpress\/ -->\n<title>Guides de pr\u00e9sentation d\u2019une demande - Service national d&#039;evaluation infirmi\u00e8re<\/title>\n<meta name=\"robots\" content=\"index, follow, max-snippet:-1, max-image-preview:large, max-video-preview:-1\" \/>\n<link rel=\"canonical\" href=\"https:\/\/www.nnas.ca\/fr\/guides-de-presentation-dune-demande-2\/\" \/>\n<meta property=\"og:locale\" content=\"fr_CA\" \/>\n<meta property=\"og:type\" content=\"article\" \/>\n<meta property=\"og:title\" content=\"Guides de pr\u00e9sentation d\u2019une demande - Service national d&#039;evaluation infirmi\u00e8re\" \/>\n<meta property=\"og:description\" content=\"Guides de demande du SNEI Ces guides vous aideront \u00e0 comprendre le processus suivi par le SNEI et \u00e0 amorcer vos d\u00e9marches en vue d\u2019exercer la profession infirmi\u00e8re au Canada. Guide de pr\u00e9sentation d\u2019une demande avec le Service acc\u00e9l\u00e9r\u00e9 T\u00e9l\u00e9chargez le guide complet pour mieux comprendre le Service acc\u00e9l\u00e9r\u00e9. Guide de pr\u00e9sentation d\u2019une demande avec [&hellip;]\" \/>\n<meta property=\"og:url\" content=\"https:\/\/www.nnas.ca\/fr\/guides-de-presentation-dune-demande-2\/\" \/>\n<meta property=\"og:site_name\" content=\"Service national d&#039;evaluation infirmi\u00e8re\" \/>\n<meta property=\"article:modified_time\" content=\"2025-12-24T17:00:19+00:00\" \/>\n<meta property=\"og:image\" content=\"https:\/\/www.nnas.ca\/fr\/wp-content\/uploads\/sites\/2\/2024\/07\/nnas-fb-share-image-fr.png\" \/>\n\t<meta property=\"og:image:width\" content=\"1400\" \/>\n\t<meta property=\"og:image:height\" content=\"713\" \/>\n\t<meta property=\"og:image:type\" content=\"image\/png\" \/>\n<meta name=\"twitter:card\" content=\"summary_large_image\" \/>\n<meta name=\"twitter:label1\" content=\"Estimation du temps de lecture\" \/>\n\t<meta name=\"twitter:data1\" content=\"2 minutes\" \/>\n<script type=\"application\/ld+json\" class=\"yoast-schema-graph\">{\"@context\":\"https:\\\/\\\/schema.org\",\"@graph\":[{\"@type\":\"WebPage\",\"@id\":\"https:\\\/\\\/www.nnas.ca\\\/fr\\\/guides-de-presentation-dune-demande-2\\\/\",\"url\":\"https:\\\/\\\/www.nnas.ca\\\/fr\\\/guides-de-presentation-dune-demande-2\\\/\",\"name\":\"Guides de pr\u00e9sentation d\u2019une demande - Service national d&#039;evaluation infirmi\u00e8re\",\"isPartOf\":{\"@id\":\"https:\\\/\\\/www.nnas.ca\\\/fr\\\/#website\"},\"primaryImageOfPage\":{\"@id\":\"https:\\\/\\\/www.nnas.ca\\\/fr\\\/guides-de-presentation-dune-demande-2\\\/#primaryimage\"},\"image\":{\"@id\":\"https:\\\/\\\/www.nnas.ca\\\/fr\\\/guides-de-presentation-dune-demande-2\\\/#primaryimage\"},\"thumbnailUrl\":\"https:\\\/\\\/www.nnas.ca\\\/wp-content\\\/uploads\\\/2024\\\/07\\\/NNAS-SiteIMG_Masthead_1380x450_3.jpg\",\"datePublished\":\"2024-07-16T16:54:41+00:00\",\"dateModified\":\"2025-12-24T17:00:19+00:00\",\"breadcrumb\":{\"@id\":\"https:\\\/\\\/www.nnas.ca\\\/fr\\\/guides-de-presentation-dune-demande-2\\\/#breadcrumb\"},\"inLanguage\":\"fr-CA\",\"potentialAction\":[{\"@type\":\"ReadAction\",\"target\":[\"https:\\\/\\\/www.nnas.ca\\\/fr\\\/guides-de-presentation-dune-demande-2\\\/\"]}]},{\"@type\":\"ImageObject\",\"inLanguage\":\"fr-CA\",\"@id\":\"https:\\\/\\\/www.nnas.ca\\\/fr\\\/guides-de-presentation-dune-demande-2\\\/#primaryimage\",\"url\":\"https:\\\/\\\/www.nnas.ca\\\/wp-content\\\/uploads\\\/2024\\\/07\\\/NNAS-SiteIMG_Masthead_1380x450_3.jpg\",\"contentUrl\":\"https:\\\/\\\/www.nnas.ca\\\/wp-content\\\/uploads\\\/2024\\\/07\\\/NNAS-SiteIMG_Masthead_1380x450_3.jpg\"},{\"@type\":\"BreadcrumbList\",\"@id\":\"https:\\\/\\\/www.nnas.ca\\\/fr\\\/guides-de-presentation-dune-demande-2\\\/#breadcrumb\",\"itemListElement\":[{\"@type\":\"ListItem\",\"position\":1,\"name\":\"Home\",\"item\":\"https:\\\/\\\/www.nnas.ca\\\/fr\\\/\"},{\"@type\":\"ListItem\",\"position\":2,\"name\":\"Guides de pr\u00e9sentation d\u2019une demande\"}]},{\"@type\":\"WebSite\",\"@id\":\"https:\\\/\\\/www.nnas.ca\\\/fr\\\/#website\",\"url\":\"https:\\\/\\\/www.nnas.ca\\\/fr\\\/\",\"name\":\"Service national d&#039;evaluation infirmi\u00e8re\",\"description\":\"\",\"potentialAction\":[{\"@type\":\"SearchAction\",\"target\":{\"@type\":\"EntryPoint\",\"urlTemplate\":\"https:\\\/\\\/www.nnas.ca\\\/fr\\\/?s={search_term_string}\"},\"query-input\":{\"@type\":\"PropertyValueSpecification\",\"valueRequired\":true,\"valueName\":\"search_term_string\"}}],\"inLanguage\":\"fr-CA\"}]}<\/script>\n<!-- \/ Yoast SEO plugin. -->","yoast_head_json":{"title":"Guides de pr\u00e9sentation d\u2019une demande - Service national d&#039;evaluation infirmi\u00e8re","robots":{"index":"index","follow":"follow","max-snippet":"max-snippet:-1","max-image-preview":"max-image-preview:large","max-video-preview":"max-video-preview:-1"},"canonical":"https:\/\/www.nnas.ca\/fr\/guides-de-presentation-dune-demande-2\/","og_locale":"fr_CA","og_type":"article","og_title":"Guides de pr\u00e9sentation d\u2019une demande - Service national d&#039;evaluation infirmi\u00e8re","og_description":"Guides de demande du SNEI Ces guides vous aideront \u00e0 comprendre le processus suivi par le SNEI et \u00e0 amorcer vos d\u00e9marches en vue d\u2019exercer la profession infirmi\u00e8re au Canada. Guide de pr\u00e9sentation d\u2019une demande avec le Service acc\u00e9l\u00e9r\u00e9 T\u00e9l\u00e9chargez le guide complet pour mieux comprendre le Service acc\u00e9l\u00e9r\u00e9. Guide de pr\u00e9sentation d\u2019une demande avec [&hellip;]","og_url":"https:\/\/www.nnas.ca\/fr\/guides-de-presentation-dune-demande-2\/","og_site_name":"Service national d&#039;evaluation infirmi\u00e8re","article_modified_time":"2025-12-24T17:00:19+00:00","og_image":[{"width":1400,"height":713,"url":"https:\/\/www.nnas.ca\/fr\/wp-content\/uploads\/sites\/2\/2024\/07\/nnas-fb-share-image-fr.png","type":"image\/png"}],"twitter_card":"summary_large_image","twitter_misc":{"Estimation du temps de lecture":"2 minutes"},"schema":{"@context":"https:\/\/schema.org","@graph":[{"@type":"WebPage","@id":"https:\/\/www.nnas.ca\/fr\/guides-de-presentation-dune-demande-2\/","url":"https:\/\/www.nnas.ca\/fr\/guides-de-presentation-dune-demande-2\/","name":"Guides de pr\u00e9sentation d\u2019une demande - Service national d&#039;evaluation infirmi\u00e8re","isPartOf":{"@id":"https:\/\/www.nnas.ca\/fr\/#website"},"primaryImageOfPage":{"@id":"https:\/\/www.nnas.ca\/fr\/guides-de-presentation-dune-demande-2\/#primaryimage"},"image":{"@id":"https:\/\/www.nnas.ca\/fr\/guides-de-presentation-dune-demande-2\/#primaryimage"},"thumbnailUrl":"https:\/\/www.nnas.ca\/wp-content\/uploads\/2024\/07\/NNAS-SiteIMG_Masthead_1380x450_3.jpg","datePublished":"2024-07-16T16:54:41+00:00","dateModified":"2025-12-24T17:00:19+00:00","breadcrumb":{"@id":"https:\/\/www.nnas.ca\/fr\/guides-de-presentation-dune-demande-2\/#breadcrumb"},"inLanguage":"fr-CA","potentialAction":[{"@type":"ReadAction","target":["https:\/\/www.nnas.ca\/fr\/guides-de-presentation-dune-demande-2\/"]}]},{"@type":"ImageObject","inLanguage":"fr-CA","@id":"https:\/\/www.nnas.ca\/fr\/guides-de-presentation-dune-demande-2\/#primaryimage","url":"https:\/\/www.nnas.ca\/wp-content\/uploads\/2024\/07\/NNAS-SiteIMG_Masthead_1380x450_3.jpg","contentUrl":"https:\/\/www.nnas.ca\/wp-content\/uploads\/2024\/07\/NNAS-SiteIMG_Masthead_1380x450_3.jpg"},{"@type":"BreadcrumbList","@id":"https:\/\/www.nnas.ca\/fr\/guides-de-presentation-dune-demande-2\/#breadcrumb","itemListElement":[{"@type":"ListItem","position":1,"name":"Home","item":"https:\/\/www.nnas.ca\/fr\/"},{"@type":"ListItem","position":2,"name":"Guides de pr\u00e9sentation d\u2019une demande"}]},{"@type":"WebSite","@id":"https:\/\/www.nnas.ca\/fr\/#website","url":"https:\/\/www.nnas.ca\/fr\/","name":"Service national d&#039;evaluation infirmi\u00e8re","description":"","potentialAction":[{"@type":"SearchAction","target":{"@type":"EntryPoint","urlTemplate":"https:\/\/www.nnas.ca\/fr\/?s={search_term_string}"},"query-input":{"@type":"PropertyValueSpecification","valueRequired":true,"valueName":"search_term_string"}}],"inLanguage":"fr-CA"}]}},"_links":{"self":[{"href":"https:\/\/www.nnas.ca\/fr\/wp-json\/wp\/v2\/pages\/152","targetHints":{"allow":["GET"]}}],"collection":[{"href":"https:\/\/www.nnas.ca\/fr\/wp-json\/wp\/v2\/pages"}],"about":[{"href":"https:\/\/www.nnas.ca\/fr\/wp-json\/wp\/v2\/types\/page"}],"author":[{"embeddable":true,"href":"https:\/\/www.nnas.ca\/fr\/wp-json\/wp\/v2\/users\/2"}],"replies":[{"embeddable":true,"href":"https:\/\/www.nnas.ca\/fr\/wp-json\/wp\/v2\/comments?post=152"}],"version-history":[{"count":1,"href":"https:\/\/www.nnas.ca\/fr\/wp-json\/wp\/v2\/pages\/152\/revisions"}],"predecessor-version":[{"id":462,"href":"https:\/\/www.nnas.ca\/fr\/wp-json\/wp\/v2\/pages\/152\/revisions\/462"}],"wp:attachment":[{"href":"https:\/\/www.nnas.ca\/fr\/wp-json\/wp\/v2\/media?parent=152"}],"curies":[{"name":"wp","href":"https:\/\/api.w.org\/{rel}","templated":true}]}}