{"id":158,"date":"2024-07-16T17:13:53","date_gmt":"2024-07-16T17:13:53","guid":{"rendered":"https:\/\/www.nnas.ca\/fr\/?page_id=158"},"modified":"2024-08-01T15:25:43","modified_gmt":"2024-08-01T15:25:43","slug":"voyages-ien","status":"publish","type":"page","link":"https:\/\/www.nnas.ca\/fr\/voyages-ien\/","title":{"rendered":"Voyages IEN"},"content":{"rendered":"\n<div class=\"wp-block-zp4-group bottom-spacing-3 block-spacing-undefined\"><div class=\"layout-container\">\n<div class=\"wp-block-zp4-masthead alignwide\"><div class=\"masthead\"><div class=\"image-container\"><img loading=\"lazy\" decoding=\"async\" width=\"1380\" height=\"450\" src=\"https:\/\/www.nnas.ca\/fr\/wp-content\/uploads\/sites\/2\/2024\/07\/NNAS-SiteIMG_Masthead_1380x450_16.jpg\" alt=\"\" class=\"wp-image-223\" srcset=\"https:\/\/www.nnas.ca\/fr\/wp-content\/uploads\/sites\/2\/2024\/07\/NNAS-SiteIMG_Masthead_1380x450_16.jpg 1380w, https:\/\/www.nnas.ca\/fr\/wp-content\/uploads\/sites\/2\/2024\/07\/NNAS-SiteIMG_Masthead_1380x450_16-300x98.jpg 300w, https:\/\/www.nnas.ca\/fr\/wp-content\/uploads\/sites\/2\/2024\/07\/NNAS-SiteIMG_Masthead_1380x450_16-1024x334.jpg 1024w, https:\/\/www.nnas.ca\/fr\/wp-content\/uploads\/sites\/2\/2024\/07\/NNAS-SiteIMG_Masthead_1380x450_16-768x250.jpg 768w\" sizes=\"auto, (max-width: 1380px) 100vw, 1380px\" \/><div class=\"image-overlay\" style=\"background-color:undefined;opacity:0.5\"><\/div><\/div><div class=\"content-container\"><h1>Voyages IEN<\/h1><p class=\"has-large-font-size\">Les infirmi\u00e8res form\u00e9es \u00e0 l\u2019\u00e9tranger (IIDE) partagent leur exp\u00e9rience de devenir infirmi\u00e8re au Canada.<\/p>\n<div class=\"wp-block-buttons is-content-justification-left is-layout-flex wp-container-core-buttons-is-layout-fc4fd283 wp-block-buttons-is-layout-flex\">\n\n\n\n<\/div>\n<\/div><\/div><\/div>\n<\/div><\/div>\n\n\n\n<h2 class=\"wp-block-heading\">\u00c9coutez les histoires de ces infirmi\u00e8res<\/h2>\n\n\n\n<div class=\"wp-block-zp4-testimonial-video has-media-on-the-right\"><div class=\"layout-container\">\n<div class=\"wp-block-columns are-vertically-aligned-center is-style-default is-layout-flex wp-container-core-columns-is-layout-2a0d0d46 wp-block-columns-is-layout-flex\" style=\"margin-top:0;margin-bottom:0;padding-top:0;padding-bottom:0\">\n<div class=\"wp-block-column is-vertically-aligned-center is-layout-flow wp-block-column-is-layout-flow\">\n<h2 class=\"wp-block-heading wp-embed-aspect-16-9 wp-has-aspect-ratio\">\u00c9lo\u00efse des Philippines<\/h2>\n\n\n\n<p class=\"wp-embed-aspect-16-9 wp-has-aspect-ratio\">Eloise parle de son exp\u00e9rience d&rsquo;utilisation du SNEI dans le cadre du processus de demande d&rsquo;admission en soins infirmiers au Canada.<\/p>\n\n\n\n<div class=\"wp-block-buttons wp-embed-aspect-16-9 wp-has-aspect-ratio is-layout-flex wp-block-buttons-is-layout-flex\"><\/div>\n<\/div>\n\n\n\n<div class=\"wp-block-column is-vertically-aligned-center is-layout-flow wp-block-column-is-layout-flow\">\n<figure class=\"wp-block-embed is-type-video is-provider-youtube wp-block-embed-youtube wp-embed-aspect-16-9 wp-has-aspect-ratio\"><div class=\"wp-block-embed__wrapper\">\n<iframe loading=\"lazy\" title=\"NNAS - Eloise&#039;s Story\" width=\"500\" height=\"281\" src=\"https:\/\/www.youtube.com\/embed\/rxOVzvdQOvY?feature=oembed\" frameborder=\"0\" allow=\"accelerometer; autoplay; clipboard-write; encrypted-media; gyroscope; picture-in-picture; web-share\" referrerpolicy=\"strict-origin-when-cross-origin\" allowfullscreen><\/iframe>\n<\/div><\/figure>\n<\/div>\n<\/div>\n<\/div><\/div>\n\n\n\n<div class=\"wp-block-zp4-testimonial-video has-media-on-the-left\"><div class=\"layout-container\">\n<div class=\"wp-block-columns are-vertically-aligned-center is-style-default is-layout-flex wp-container-core-columns-is-layout-2a0d0d46 wp-block-columns-is-layout-flex\" style=\"margin-top:0;margin-bottom:0;padding-top:0;padding-bottom:0\">\n<div class=\"wp-block-column is-vertically-aligned-center is-layout-flow wp-block-column-is-layout-flow\">\n<h2 class=\"wp-block-heading wp-embed-aspect-16-9 wp-has-aspect-ratio\">Mamta d&rsquo;Inde<\/h2>\n\n\n\n<p class=\"wp-embed-aspect-16-9 wp-has-aspect-ratio\">De Mumbai au Kowe\u00eft en passant par le Canada, Mamta d\u00e9taille sa carri\u00e8re internationale d&rsquo;infirmi\u00e8re et les raisons pour lesquelles elle est venue au Canada.<\/p>\n\n\n\n<div class=\"wp-block-buttons wp-embed-aspect-16-9 wp-has-aspect-ratio is-layout-flex wp-block-buttons-is-layout-flex\"><\/div>\n<\/div>\n\n\n\n<div class=\"wp-block-column is-vertically-aligned-center is-layout-flow wp-block-column-is-layout-flow\">\n<figure class=\"wp-block-embed is-type-video is-provider-youtube wp-block-embed-youtube wp-embed-aspect-16-9 wp-has-aspect-ratio\"><div class=\"wp-block-embed__wrapper\">\n<iframe loading=\"lazy\" title=\"NNAS - Mamta&#039;s Story\" width=\"500\" height=\"281\" src=\"https:\/\/www.youtube.com\/embed\/B9oq6iPeeYM?feature=oembed\" frameborder=\"0\" allow=\"accelerometer; autoplay; clipboard-write; encrypted-media; gyroscope; picture-in-picture; web-share\" referrerpolicy=\"strict-origin-when-cross-origin\" allowfullscreen><\/iframe>\n<\/div><\/figure>\n<\/div>\n<\/div>\n<\/div><\/div>\n\n\n\n<div class=\"wp-block-zp4-testimonial-video has-media-on-the-right\"><div class=\"layout-container\">\n<div class=\"wp-block-columns are-vertically-aligned-center is-layout-flex wp-container-core-columns-is-layout-28f84493 wp-block-columns-is-layout-flex\">\n<div class=\"wp-block-column is-vertically-aligned-center is-layout-flow wp-block-column-is-layout-flow\">\n<h2 class=\"wp-block-heading\"><strong>Clarisse du C\u00f4te d&rsquo;Ivoire<\/strong><\/h2>\n\n\n\n<p>Clarisse est arriv\u00e9e au Canada depuis la C\u00f4te d&rsquo;Ivoire pour commencer une nouvelle vie avec sa famille.<\/p>\n\n\n\n<div class=\"wp-block-buttons is-layout-flex wp-block-buttons-is-layout-flex\"><\/div>\n<\/div>\n\n\n\n<div class=\"wp-block-column is-vertically-aligned-center is-layout-flow wp-block-column-is-layout-flow\">\n<figure class=\"wp-block-embed is-type-video is-provider-youtube wp-block-embed-youtube wp-embed-aspect-16-9 wp-has-aspect-ratio\"><div class=\"wp-block-embed__wrapper\">\n<iframe loading=\"lazy\" title=\"NNAS - Clarisse du C\u00f4te d&#039;Ivoire&#039;s Story\" width=\"500\" height=\"281\" src=\"https:\/\/www.youtube.com\/embed\/ASw9a8b67ao?feature=oembed\" frameborder=\"0\" allow=\"accelerometer; autoplay; clipboard-write; encrypted-media; gyroscope; picture-in-picture; web-share\" referrerpolicy=\"strict-origin-when-cross-origin\" allowfullscreen><\/iframe>\n<\/div><\/figure>\n<\/div>\n<\/div>\n<\/div><\/div>\n\n\n\n<div class=\"wp-block-zp4-testimonial-video has-media-on-the-left\"><div class=\"layout-container\">\n<div class=\"wp-block-columns are-vertically-aligned-center is-layout-flex wp-container-core-columns-is-layout-28f84493 wp-block-columns-is-layout-flex\">\n<div class=\"wp-block-column is-vertically-aligned-center is-layout-flow wp-block-column-is-layout-flow\">\n<h2 class=\"wp-block-heading\"><strong>Chuck des Philippines<\/strong><\/h2>\n\n\n\n<p>Chuck partage sa motivation personnelle \u00e0 poursuivre ses \u00e9tudes en soins infirmiers et ce que c&rsquo;\u00e9tait que d&rsquo;utiliser le SNEI dans son parcours pour devenir infirmier au Canada.<\/p>\n\n\n\n<div class=\"wp-block-buttons is-layout-flex wp-block-buttons-is-layout-flex\"><\/div>\n<\/div>\n\n\n\n<div class=\"wp-block-column is-vertically-aligned-center is-layout-flow wp-block-column-is-layout-flow\">\n<figure class=\"wp-block-embed is-type-video is-provider-youtube wp-block-embed-youtube wp-embed-aspect-16-9 wp-has-aspect-ratio\"><div class=\"wp-block-embed__wrapper\">\n<iframe loading=\"lazy\" title=\"NNAS -  Chuck&#039;s Story\" width=\"500\" height=\"281\" src=\"https:\/\/www.youtube.com\/embed\/z1SOpKUkpXE?feature=oembed\" frameborder=\"0\" allow=\"accelerometer; autoplay; clipboard-write; encrypted-media; gyroscope; picture-in-picture; web-share\" referrerpolicy=\"strict-origin-when-cross-origin\" allowfullscreen><\/iframe>\n<\/div><\/figure>\n<\/div>\n<\/div>\n<\/div><\/div>\n\n\n\n<div class=\"wp-block-zp4-testimonial-video has-media-on-the-right\"><div class=\"layout-container\">\n<div class=\"wp-block-columns are-vertically-aligned-center is-style-default is-layout-flex wp-container-core-columns-is-layout-2a0d0d46 wp-block-columns-is-layout-flex\" style=\"margin-top:0;margin-bottom:0;padding-top:0;padding-bottom:0\">\n<div class=\"wp-block-column is-vertically-aligned-center is-layout-flow wp-block-column-is-layout-flow\">\n<h2 class=\"wp-block-heading wp-embed-aspect-16-9 wp-has-aspect-ratio\">Patricia du Br\u00e9sil<\/h2>\n\n\n\n<p class=\"wp-embed-aspect-16-9 wp-has-aspect-ratio\">Patricia parle du choix du Canada et du soutien aux autres IIDE dans leur parcours.<\/p>\n\n\n\n<div class=\"wp-block-buttons wp-embed-aspect-16-9 wp-has-aspect-ratio is-layout-flex wp-block-buttons-is-layout-flex\"><\/div>\n<\/div>\n\n\n\n<div class=\"wp-block-column is-vertically-aligned-center is-layout-flow wp-block-column-is-layout-flow\">\n<figure class=\"wp-block-embed is-type-video is-provider-youtube wp-block-embed-youtube wp-embed-aspect-16-9 wp-has-aspect-ratio\"><div class=\"wp-block-embed__wrapper\">\n<iframe loading=\"lazy\" title=\"NNAS - Patricia&#039;s Story\" width=\"500\" height=\"281\" src=\"https:\/\/www.youtube.com\/embed\/5AnLN1xMXyE?feature=oembed\" frameborder=\"0\" allow=\"accelerometer; autoplay; clipboard-write; encrypted-media; gyroscope; picture-in-picture; web-share\" referrerpolicy=\"strict-origin-when-cross-origin\" allowfullscreen><\/iframe>\n<\/div><\/figure>\n<\/div>\n<\/div>\n<\/div><\/div>\n\n\n\n<div class=\"wp-block-zp4-group block-spacing-undefined\"><div class=\"layout-container\"><\/div><\/div>\n\n\n\n<p><\/p>\n\n\n\n<p>&nbsp;<\/p>\n\n\n\n<p><\/p>\n","protected":false},"excerpt":{"rendered":"<p>\u00c9coutez les histoires de ces infirmi\u00e8res &nbsp;<\/p>\n","protected":false},"author":2,"featured_media":223,"parent":0,"menu_order":0,"comment_status":"closed","ping_status":"closed","template":"","meta":{"footnotes":""},"class_list":["post-158","page","type-page","status-publish","has-post-thumbnail","hentry"],"yoast_head":"<!-- This site is optimized with the Yoast SEO plugin v27.3 - https:\/\/yoast.com\/product\/yoast-seo-wordpress\/ -->\n<title>Voyages IEN - Service national d&#039;evaluation infirmi\u00e8re<\/title>\n<meta name=\"robots\" content=\"index, follow, max-snippet:-1, max-image-preview:large, max-video-preview:-1\" \/>\n<link rel=\"canonical\" href=\"https:\/\/www.nnas.ca\/fr\/voyages-ien\/\" \/>\n<meta property=\"og:locale\" content=\"fr_CA\" \/>\n<meta property=\"og:type\" content=\"article\" \/>\n<meta property=\"og:title\" content=\"Voyages IEN - Service national d&#039;evaluation infirmi\u00e8re\" \/>\n<meta property=\"og:description\" content=\"\u00c9coutez les histoires de ces infirmi\u00e8res &nbsp;\" \/>\n<meta property=\"og:url\" content=\"https:\/\/www.nnas.ca\/fr\/voyages-ien\/\" \/>\n<meta property=\"og:site_name\" content=\"Service national d&#039;evaluation infirmi\u00e8re\" \/>\n<meta property=\"article:modified_time\" content=\"2024-08-01T15:25:43+00:00\" \/>\n<meta property=\"og:image\" content=\"https:\/\/www.nnas.ca\/fr\/wp-content\/uploads\/sites\/2\/2024\/07\/NNAS-SiteIMG_Masthead_1380x450_16.jpg\" \/>\n\t<meta property=\"og:image:width\" content=\"1380\" \/>\n\t<meta property=\"og:image:height\" content=\"450\" \/>\n\t<meta property=\"og:image:type\" content=\"image\/jpeg\" \/>\n<meta name=\"twitter:card\" content=\"summary_large_image\" \/>\n<meta name=\"twitter:label1\" content=\"Estimation du temps de lecture\" \/>\n\t<meta name=\"twitter:data1\" content=\"2 minutes\" \/>\n<script type=\"application\/ld+json\" class=\"yoast-schema-graph\">{\"@context\":\"https:\\\/\\\/schema.org\",\"@graph\":[{\"@type\":\"WebPage\",\"@id\":\"https:\\\/\\\/www.nnas.ca\\\/fr\\\/voyages-ien\\\/\",\"url\":\"https:\\\/\\\/www.nnas.ca\\\/fr\\\/voyages-ien\\\/\",\"name\":\"Voyages IEN - Service national d&#039;evaluation infirmi\u00e8re\",\"isPartOf\":{\"@id\":\"https:\\\/\\\/www.nnas.ca\\\/fr\\\/#website\"},\"primaryImageOfPage\":{\"@id\":\"https:\\\/\\\/www.nnas.ca\\\/fr\\\/voyages-ien\\\/#primaryimage\"},\"image\":{\"@id\":\"https:\\\/\\\/www.nnas.ca\\\/fr\\\/voyages-ien\\\/#primaryimage\"},\"thumbnailUrl\":\"https:\\\/\\\/www.nnas.ca\\\/fr\\\/wp-content\\\/uploads\\\/sites\\\/2\\\/2024\\\/07\\\/NNAS-SiteIMG_Masthead_1380x450_16.jpg\",\"datePublished\":\"2024-07-16T17:13:53+00:00\",\"dateModified\":\"2024-08-01T15:25:43+00:00\",\"breadcrumb\":{\"@id\":\"https:\\\/\\\/www.nnas.ca\\\/fr\\\/voyages-ien\\\/#breadcrumb\"},\"inLanguage\":\"fr-CA\",\"potentialAction\":[{\"@type\":\"ReadAction\",\"target\":[\"https:\\\/\\\/www.nnas.ca\\\/fr\\\/voyages-ien\\\/\"]}]},{\"@type\":\"ImageObject\",\"inLanguage\":\"fr-CA\",\"@id\":\"https:\\\/\\\/www.nnas.ca\\\/fr\\\/voyages-ien\\\/#primaryimage\",\"url\":\"https:\\\/\\\/www.nnas.ca\\\/fr\\\/wp-content\\\/uploads\\\/sites\\\/2\\\/2024\\\/07\\\/NNAS-SiteIMG_Masthead_1380x450_16.jpg\",\"contentUrl\":\"https:\\\/\\\/www.nnas.ca\\\/fr\\\/wp-content\\\/uploads\\\/sites\\\/2\\\/2024\\\/07\\\/NNAS-SiteIMG_Masthead_1380x450_16.jpg\",\"width\":1380,\"height\":450},{\"@type\":\"BreadcrumbList\",\"@id\":\"https:\\\/\\\/www.nnas.ca\\\/fr\\\/voyages-ien\\\/#breadcrumb\",\"itemListElement\":[{\"@type\":\"ListItem\",\"position\":1,\"name\":\"Home\",\"item\":\"https:\\\/\\\/www.nnas.ca\\\/fr\\\/\"},{\"@type\":\"ListItem\",\"position\":2,\"name\":\"Voyages IEN\"}]},{\"@type\":\"WebSite\",\"@id\":\"https:\\\/\\\/www.nnas.ca\\\/fr\\\/#website\",\"url\":\"https:\\\/\\\/www.nnas.ca\\\/fr\\\/\",\"name\":\"Service national d&#039;evaluation infirmi\u00e8re\",\"description\":\"\",\"potentialAction\":[{\"@type\":\"SearchAction\",\"target\":{\"@type\":\"EntryPoint\",\"urlTemplate\":\"https:\\\/\\\/www.nnas.ca\\\/fr\\\/?s={search_term_string}\"},\"query-input\":{\"@type\":\"PropertyValueSpecification\",\"valueRequired\":true,\"valueName\":\"search_term_string\"}}],\"inLanguage\":\"fr-CA\"}]}<\/script>\n<!-- \/ Yoast SEO plugin. -->","yoast_head_json":{"title":"Voyages IEN - Service national d&#039;evaluation infirmi\u00e8re","robots":{"index":"index","follow":"follow","max-snippet":"max-snippet:-1","max-image-preview":"max-image-preview:large","max-video-preview":"max-video-preview:-1"},"canonical":"https:\/\/www.nnas.ca\/fr\/voyages-ien\/","og_locale":"fr_CA","og_type":"article","og_title":"Voyages IEN - Service national d&#039;evaluation infirmi\u00e8re","og_description":"\u00c9coutez les histoires de ces infirmi\u00e8res &nbsp;","og_url":"https:\/\/www.nnas.ca\/fr\/voyages-ien\/","og_site_name":"Service national d&#039;evaluation infirmi\u00e8re","article_modified_time":"2024-08-01T15:25:43+00:00","og_image":[{"width":1380,"height":450,"url":"https:\/\/www.nnas.ca\/fr\/wp-content\/uploads\/sites\/2\/2024\/07\/NNAS-SiteIMG_Masthead_1380x450_16.jpg","type":"image\/jpeg"}],"twitter_card":"summary_large_image","twitter_misc":{"Estimation du temps de lecture":"2 minutes"},"schema":{"@context":"https:\/\/schema.org","@graph":[{"@type":"WebPage","@id":"https:\/\/www.nnas.ca\/fr\/voyages-ien\/","url":"https:\/\/www.nnas.ca\/fr\/voyages-ien\/","name":"Voyages IEN - Service national d&#039;evaluation infirmi\u00e8re","isPartOf":{"@id":"https:\/\/www.nnas.ca\/fr\/#website"},"primaryImageOfPage":{"@id":"https:\/\/www.nnas.ca\/fr\/voyages-ien\/#primaryimage"},"image":{"@id":"https:\/\/www.nnas.ca\/fr\/voyages-ien\/#primaryimage"},"thumbnailUrl":"https:\/\/www.nnas.ca\/fr\/wp-content\/uploads\/sites\/2\/2024\/07\/NNAS-SiteIMG_Masthead_1380x450_16.jpg","datePublished":"2024-07-16T17:13:53+00:00","dateModified":"2024-08-01T15:25:43+00:00","breadcrumb":{"@id":"https:\/\/www.nnas.ca\/fr\/voyages-ien\/#breadcrumb"},"inLanguage":"fr-CA","potentialAction":[{"@type":"ReadAction","target":["https:\/\/www.nnas.ca\/fr\/voyages-ien\/"]}]},{"@type":"ImageObject","inLanguage":"fr-CA","@id":"https:\/\/www.nnas.ca\/fr\/voyages-ien\/#primaryimage","url":"https:\/\/www.nnas.ca\/fr\/wp-content\/uploads\/sites\/2\/2024\/07\/NNAS-SiteIMG_Masthead_1380x450_16.jpg","contentUrl":"https:\/\/www.nnas.ca\/fr\/wp-content\/uploads\/sites\/2\/2024\/07\/NNAS-SiteIMG_Masthead_1380x450_16.jpg","width":1380,"height":450},{"@type":"BreadcrumbList","@id":"https:\/\/www.nnas.ca\/fr\/voyages-ien\/#breadcrumb","itemListElement":[{"@type":"ListItem","position":1,"name":"Home","item":"https:\/\/www.nnas.ca\/fr\/"},{"@type":"ListItem","position":2,"name":"Voyages IEN"}]},{"@type":"WebSite","@id":"https:\/\/www.nnas.ca\/fr\/#website","url":"https:\/\/www.nnas.ca\/fr\/","name":"Service national d&#039;evaluation infirmi\u00e8re","description":"","potentialAction":[{"@type":"SearchAction","target":{"@type":"EntryPoint","urlTemplate":"https:\/\/www.nnas.ca\/fr\/?s={search_term_string}"},"query-input":{"@type":"PropertyValueSpecification","valueRequired":true,"valueName":"search_term_string"}}],"inLanguage":"fr-CA"}]}},"_links":{"self":[{"href":"https:\/\/www.nnas.ca\/fr\/wp-json\/wp\/v2\/pages\/158","targetHints":{"allow":["GET"]}}],"collection":[{"href":"https:\/\/www.nnas.ca\/fr\/wp-json\/wp\/v2\/pages"}],"about":[{"href":"https:\/\/www.nnas.ca\/fr\/wp-json\/wp\/v2\/types\/page"}],"author":[{"embeddable":true,"href":"https:\/\/www.nnas.ca\/fr\/wp-json\/wp\/v2\/users\/2"}],"replies":[{"embeddable":true,"href":"https:\/\/www.nnas.ca\/fr\/wp-json\/wp\/v2\/comments?post=158"}],"version-history":[{"count":1,"href":"https:\/\/www.nnas.ca\/fr\/wp-json\/wp\/v2\/pages\/158\/revisions"}],"predecessor-version":[{"id":302,"href":"https:\/\/www.nnas.ca\/fr\/wp-json\/wp\/v2\/pages\/158\/revisions\/302"}],"wp:featuredmedia":[{"embeddable":true,"href":"https:\/\/www.nnas.ca\/fr\/wp-json\/wp\/v2\/media\/223"}],"wp:attachment":[{"href":"https:\/\/www.nnas.ca\/fr\/wp-json\/wp\/v2\/media?parent=158"}],"curies":[{"name":"wp","href":"https:\/\/api.w.org\/{rel}","templated":true}]}}