{"id":2,"date":"2024-05-28T16:42:18","date_gmt":"2024-05-28T16:42:18","guid":{"rendered":"https:\/\/www.nnas.ca\/fr\/?page_id=2"},"modified":"2024-07-19T16:16:36","modified_gmt":"2024-07-19T16:16:36","slug":"page-d-accueil","status":"publish","type":"page","link":"https:\/\/www.nnas.ca\/fr\/","title":{"rendered":"Commencez votre parcours infirmier au Canada"},"content":{"rendered":"\n<div class=\"wp-block-zp4-masthead alignfull alignwide\"><div class=\"masthead\"><div class=\"image-container\"><img decoding=\"async\" src=\"https:\/\/www.nnas.ca\/wp-content\/uploads\/2024\/06\/NNAS-SiteIMG_Masthead_1380x450.jpg\" alt=\"\" class=\"wp-image-779\"\/><div class=\"image-overlay\" style=\"background-color:undefined;opacity:0.5\"><\/div><\/div><div class=\"content-container\"><h1>Commencez votre parcours infirmier au Canada<\/h1><p class=\"has-large-font-size\">Simple, rapide et s\u00fbr avec le National Nursing Assessment<br>Service (NNAS). La premi\u00e8re \u00e9tape d\u2019une infirmi\u00e8re form\u00e9e \u00e0 l\u2019\u00e9tranger<br>vers devenir infirmi\u00e8re au Canada.<\/p>\n<div class=\"wp-block-buttons is-content-justification-left is-layout-flex wp-container-core-buttons-is-layout-fc4fd283 wp-block-buttons-is-layout-flex\">\n\n\n\n<\/div>\n<\/div><\/div><\/div>\n\n\n\n<div class=\"wp-block-zp4-group top-spacing-3 bottom-spacing-3 block-spacing-undefined\"><div class=\"layout-container\">\n<h2 class=\"wp-block-heading has-text-align-center\">Votre application NNAS en un coup d&rsquo;\u0153il<\/h2>\n\n\n\n<div class=\"wp-block-zp4-cards has-4-columns is-style-rounded-contained\">\n<div class=\"wp-block-zp4-card has-link\"><div class=\"image-container\"><img decoding=\"async\" src=\"https:\/\/www.nnas.ca\/wp-content\/uploads\/2024\/04\/circle-clipboard.png\" alt=\"\" class=\"wp-image-104\"\/><\/div><div class=\"content-container \"><a href=\"https:\/\/www.nnas.ca\/eligibility\/\"><h3 class=\"title has-large-font-size\">Admissibilit\u00e9<\/h3><\/a><p>D\u00e9couvrez si vous \u00eates \u00e9ligible \u00e0 nos services.<\/p><\/div><\/div>\n\n\n\n<div class=\"wp-block-zp4-card has-link\"><div class=\"image-container\"><img decoding=\"async\" src=\"https:\/\/www.nnas.ca\/wp-content\/uploads\/2024\/04\/circle-clock.png\" alt=\"\" class=\"wp-image-107\"\/><\/div><div class=\"content-container \"><a href=\"https:\/\/www.nnas.ca\/application-process-timeline\/\"><h3 class=\"title has-large-font-size\">Processus et calendrier<\/h3><\/a><p>Un aper\u00e7u du processus de demande du SNEI.<\/p><\/div><\/div>\n\n\n\n<div class=\"wp-block-zp4-card has-link\"><div class=\"image-container\"><img decoding=\"async\" src=\"https:\/\/www.nnas.ca\/wp-content\/uploads\/2024\/04\/circle-bills.png\" alt=\"\" class=\"wp-image-108\"\/><\/div><div class=\"content-container \"><a href=\"https:\/\/www.nnas.ca\/fees\/\"><h3 class=\"title has-large-font-size\">Frais<\/h3><\/a><p>Frais \u00e0 pr\u00e9voir au moment de remplir votre demande.<\/p><\/div><\/div>\n\n\n\n<div class=\"wp-block-zp4-card has-link\"><div class=\"image-container\"><img loading=\"lazy\" decoding=\"async\" width=\"117\" height=\"116\" src=\"https:\/\/www.nnas.ca\/fr\/wp-content\/uploads\/sites\/2\/2024\/07\/circle-cross-1.png\" alt=\"\" class=\"wp-image-280\"\/><\/div><div class=\"content-container \"><a href=\"https:\/\/www.nnas.ca\/apply-now\/\"><h3 class=\"title has-large-font-size\">Portail d&rsquo;applications<\/h3><\/a><p>Cr\u00e9ez un compte et commencez.<\/p><\/div><\/div>\n<\/div>\n<\/div><\/div>\n\n\n\n<div class=\"wp-block-zp4-group bottom-spacing-3 block-spacing-undefined\"><div class=\"layout-container\">\n<div class=\"wp-block-zp4-media-text\">\n<div class=\"wp-block-zp4-media-text-card has-media-on-the-left is-style-media-on-the-right\"><div class=\"content-container\"><h3 class=\"has-x-large-font-size\">Service acc\u00e9l\u00e9r\u00e9<\/h3><p class=\"has-medium-font-size\">&nbsp;<br>Simple, rapide et s\u00fbr. Commencez le processus d\u2019accr\u00e9ditation pour un RN ou un LPN en m\u00eame temps et \u00e0 un prix unique. Aucune \u00e9valuation individuelle du programme n\u2019est requise.<\/p>\n<div class=\"wp-block-buttons is-layout-flex wp-block-buttons-is-layout-flex\">\n<div class=\"wp-block-button\"><a class=\"wp-block-button__link wp-element-button\" href=\"https:\/\/www.nnas.ca\/fr\/expedited-service-french\/\">En savoir plus<\/a><\/div>\n<\/div>\n<\/div><div class=\"image-container\"><img decoding=\"async\" src=\"https:\/\/www.nnas.ca\/wp-content\/uploads\/2024\/06\/NNAS-SiteIMG_Postcard_630x333_1-614x333.jpg\" alt=\"\" class=\"wp-image-780\"\/><\/div><\/div>\n\n\n\n<div class=\"wp-block-zp4-media-text-card has-media-on-the-right\"><div class=\"content-container\"><h3 class=\"has-x-large-font-size\">Service r\u00e9gulier<\/h3><p class=\"has-medium-font-size\">D\u00e9marrez le processus de demande d\u2019accr\u00e9ditation RN, LPN ou RPN. Utilisez ce service si vous n&rsquo;\u00eates pas \u00e9ligible au service acc\u00e9l\u00e9r\u00e9.<\/p>\n<div class=\"wp-block-buttons is-layout-flex wp-block-buttons-is-layout-flex\">\n<div class=\"wp-block-button\"><a class=\"wp-block-button__link wp-element-button\" href=\"https:\/\/www.nnas.ca\/fr\/regular-service-french\/\">En savoir plus<\/a><\/div>\n<\/div>\n<\/div><div class=\"image-container\"><img decoding=\"async\" src=\"https:\/\/www.nnas.ca\/wp-content\/uploads\/2024\/06\/NNAS-SiteIMG_Postcard_630x333_2-614x333.jpg\" alt=\"\" class=\"wp-image-781\"\/><\/div><\/div>\n<\/div>\n<\/div><\/div>\n\n\n\n<div class=\"wp-block-zp4-testimonial-video has-media-on-the-right\"><div class=\"layout-container\">\n<div class=\"wp-block-columns are-vertically-aligned-center is-layout-flex wp-container-core-columns-is-layout-28f84493 wp-block-columns-is-layout-flex\">\n<div class=\"wp-block-column is-vertically-aligned-center is-layout-flow wp-block-column-is-layout-flow\" style=\"flex-basis:33.33%\">\n<h2 class=\"wp-block-heading\">Vid\u00e9o IEN<\/h2>\n\n\n\n<p>Des infirmi\u00e8res form\u00e9es \u00e0 l\u2019\u00e9tranger (IIDE) partagent leur exp\u00e9rience de devenir infirmi\u00e8re au Canada.<\/p>\n\n\n\n<div class=\"wp-block-buttons is-layout-flex wp-block-buttons-is-layout-flex\">\n<div class=\"wp-block-button is-style-outline is-style-outline--1\"><a class=\"wp-block-button__link has-text-align-left wp-element-button\" href=\"https:\/\/www.nnas.ca\/fr\/voyages-ien\/\">Voir toutes les vid\u00e9os<\/a><\/div>\n<\/div>\n<\/div>\n\n\n\n<div class=\"wp-block-column is-vertically-aligned-center is-layout-flow wp-block-column-is-layout-flow\" style=\"flex-basis:66.66%\">\n<figure class=\"wp-block-embed is-type-video is-provider-youtube wp-block-embed-youtube wp-embed-aspect-16-9 wp-has-aspect-ratio\"><div class=\"wp-block-embed__wrapper\">\n<iframe loading=\"lazy\" title=\"NNAS - For Internationally Educated Nurses (IENs)\" width=\"500\" height=\"281\" src=\"https:\/\/www.youtube.com\/embed\/kt4TOFeZWTQ?feature=oembed\" frameborder=\"0\" allow=\"accelerometer; autoplay; clipboard-write; encrypted-media; gyroscope; picture-in-picture; web-share\" referrerpolicy=\"strict-origin-when-cross-origin\" allowfullscreen><\/iframe>\n<\/div><\/figure>\n<\/div>\n<\/div>\n<\/div><\/div>\n\n\n\n<div class=\"wp-block-zp4-group top-spacing-3 bottom-spacing-2 block-spacing-undefined\"><div class=\"layout-container\">\n<h2 class=\"wp-block-heading has-text-align-center\">Helpful Resources<\/h2>\n\n\n\n<div class=\"wp-block-zp4-cards has-4-columns is-style-horizontal is-style-contained\">\n<div class=\"wp-block-zp4-card has-link\"><div class=\"content-container no-image\"><a href=\"https:\/\/www.nnas.ca\/faqs\/\"><h3 class=\"title has-large-font-size\"><strong>Questions fr\u00e9quentes<\/strong><\/h3><\/a><p>Foire aux questions sur le m\u00e9tier d&rsquo;infirmi\u00e8re au Canada, le SNEI et nos services.<\/p><\/div><\/div>\n\n\n\n<div class=\"wp-block-zp4-card has-link\"><div class=\"content-container no-image\"><a href=\"https:\/\/www.nnas.ca\/applicant-handbook\/\"><h3 class=\"title has-large-font-size\">Guides de pr\u00e9sentation d\u2019une demande<\/h3><\/a><p>T\u00e9l\u00e9chargez ce guide complet pour vous accompagner dans votre candidature.<\/p><\/div><\/div>\n\n\n\n<div class=\"wp-block-zp4-card has-link\"><div class=\"content-container no-image\"><a href=\"https:\/\/www.nnas.ca\/events-and-webinars\/\"><h3 class=\"title has-large-font-size\">\u00c9v\u00e9nements et webinaires<\/h3><\/a><p>Participez \u00e0 un \u00e9v\u00e9nement \u00e9ducatif ou \u00e0 un webinaire \u00e0 venir pour en savoir plus sur le parcours pour devenir infirmi\u00e8re au Canada.<\/p><\/div><\/div>\n\n\n\n<div class=\"wp-block-zp4-card has-link\"><div class=\"content-container no-image\"><a href=\"https:\/\/www.nnas.ca\/fr\/documents-importants\/\"><h3 class=\"title has-large-font-size\">D\u00e9tails du document<\/h3><\/a><p>Plusieurs documents sont requis pour une demande au NNAS. D\u00e9couvrez tous les d\u00e9tails ici.<\/p><\/div><\/div>\n<\/div>\n<\/div><\/div>\n\n\n\n<div class=\"wp-block-columns is-style-bordered is-layout-flex wp-container-core-columns-is-layout-a580cbad wp-block-columns-is-layout-flex\" style=\"padding-top:var(--wp--preset--spacing--60);padding-bottom:var(--wp--preset--spacing--60)\">\n<div class=\"wp-block-column is-layout-flow wp-block-column-is-layout-flow\">\n<h2 class=\"wp-block-heading\">Professions infirmi\u00e8res canadiennes<\/h2>\n\n\n\n<p>Le Canada compte trois professions infirmi\u00e8res: IA, IAA et IPA. La formation et l&rsquo;exp\u00e9rience dans l&rsquo;un de ces r\u00f4les peuvent mener \u00e0 une carri\u00e8re enrichissante dans le domaine de la sant\u00e9 au Canada, y compris en administration et en gestion.<\/p>\n\n\n\n<div class=\"wp-block-buttons is-layout-flex wp-block-buttons-is-layout-flex\">\n<div class=\"wp-block-button\"><a class=\"wp-block-button__link wp-element-button\" href=\"https:\/\/www.nnas.ca\/fr\/les-differentes-professions-infirmieres\/\">En savoir plus<\/a><\/div>\n<\/div>\n<\/div>\n\n\n\n<div class=\"wp-block-column is-layout-flow wp-block-column-is-layout-flow\">\n<h2 class=\"wp-block-heading\">Notre r\u00f4le dans les soins de sant\u00e9 au Canada<\/h2>\n\n\n\n<p>Nous sommes un service d&rsquo;accr\u00e9ditation pour les infirmi\u00e8res form\u00e9es \u00e0 l&rsquo;\u00e9tranger et la premi\u00e8re \u00e9tape pour devenir infirmi\u00e8re au Canada. Pour nos partenaires r\u00e9glementaires, nous veillons \u00e0 partager des informations pr\u00e9cises et v\u00e9rifi\u00e9es qui les aident \u00e0 prendre des d\u00e9cisions en mati\u00e8re de licence.<\/p>\n\n\n\n<div class=\"wp-block-buttons is-layout-flex wp-block-buttons-is-layout-flex\">\n<div class=\"wp-block-button\"><a class=\"wp-block-button__link wp-element-button\" href=\"https:\/\/www.nnas.ca\/fr\/notre-role\/\">En savoir plus<\/a><\/div>\n<\/div>\n<\/div>\n<\/div>\n","protected":false},"excerpt":{"rendered":"<p>Professions infirmi\u00e8res canadiennes Le Canada compte trois professions infirmi\u00e8res: IA, IAA et IPA. La formation et l&rsquo;exp\u00e9rience dans l&rsquo;un de ces r\u00f4les peuvent mener \u00e0 une carri\u00e8re enrichissante dans le domaine de la sant\u00e9 au Canada, y compris en administration et en gestion. Notre r\u00f4le dans les soins de sant\u00e9 au Canada Nous sommes un [&hellip;]<\/p>\n","protected":false},"author":1,"featured_media":0,"parent":0,"menu_order":0,"comment_status":"closed","ping_status":"open","template":"","meta":{"footnotes":""},"class_list":["post-2","page","type-page","status-publish","hentry"],"yoast_head":"<!-- This site is optimized with the Yoast SEO plugin v27.3 - https:\/\/yoast.com\/product\/yoast-seo-wordpress\/ -->\n<title>Commencez votre parcours infirmier au Canada - Service national d&#039;evaluation infirmi\u00e8re<\/title>\n<meta name=\"robots\" content=\"index, follow, max-snippet:-1, max-image-preview:large, max-video-preview:-1\" \/>\n<link rel=\"canonical\" href=\"https:\/\/www.nnas.ca\/fr\/\" \/>\n<meta property=\"og:locale\" content=\"fr_CA\" \/>\n<meta property=\"og:type\" content=\"article\" \/>\n<meta property=\"og:title\" content=\"Commencez votre parcours infirmier au Canada - Service national d&#039;evaluation infirmi\u00e8re\" \/>\n<meta property=\"og:description\" content=\"Professions infirmi\u00e8res canadiennes Le Canada compte trois professions infirmi\u00e8res: IA, IAA et IPA. La formation et l&rsquo;exp\u00e9rience dans l&rsquo;un de ces r\u00f4les peuvent mener \u00e0 une carri\u00e8re enrichissante dans le domaine de la sant\u00e9 au Canada, y compris en administration et en gestion. Notre r\u00f4le dans les soins de sant\u00e9 au Canada Nous sommes un [&hellip;]\" \/>\n<meta property=\"og:url\" content=\"https:\/\/www.nnas.ca\/fr\/\" \/>\n<meta property=\"og:site_name\" content=\"Service national d&#039;evaluation infirmi\u00e8re\" \/>\n<meta property=\"article:modified_time\" content=\"2024-07-19T16:16:36+00:00\" \/>\n<meta property=\"og:image\" content=\"https:\/\/www.nnas.ca\/fr\/wp-content\/uploads\/sites\/2\/2024\/07\/nnas-fb-share-image-fr.png\" \/>\n\t<meta property=\"og:image:width\" content=\"1400\" \/>\n\t<meta property=\"og:image:height\" content=\"713\" \/>\n\t<meta property=\"og:image:type\" content=\"image\/png\" \/>\n<meta name=\"twitter:card\" content=\"summary_large_image\" \/>\n<meta name=\"twitter:label1\" content=\"Estimation du temps de lecture\" \/>\n\t<meta name=\"twitter:data1\" content=\"4 minutes\" \/>\n<script type=\"application\/ld+json\" class=\"yoast-schema-graph\">{\"@context\":\"https:\\\/\\\/schema.org\",\"@graph\":[{\"@type\":\"WebPage\",\"@id\":\"https:\\\/\\\/www.nnas.ca\\\/fr\\\/\",\"url\":\"https:\\\/\\\/www.nnas.ca\\\/fr\\\/\",\"name\":\"Commencez votre parcours infirmier au Canada - Service national d&#039;evaluation infirmi\u00e8re\",\"isPartOf\":{\"@id\":\"https:\\\/\\\/www.nnas.ca\\\/fr\\\/#website\"},\"primaryImageOfPage\":{\"@id\":\"https:\\\/\\\/www.nnas.ca\\\/fr\\\/#primaryimage\"},\"image\":{\"@id\":\"https:\\\/\\\/www.nnas.ca\\\/fr\\\/#primaryimage\"},\"thumbnailUrl\":\"https:\\\/\\\/www.nnas.ca\\\/wp-content\\\/uploads\\\/2024\\\/06\\\/NNAS-SiteIMG_Masthead_1380x450.jpg\",\"datePublished\":\"2024-05-28T16:42:18+00:00\",\"dateModified\":\"2024-07-19T16:16:36+00:00\",\"breadcrumb\":{\"@id\":\"https:\\\/\\\/www.nnas.ca\\\/fr\\\/#breadcrumb\"},\"inLanguage\":\"fr-CA\",\"potentialAction\":[{\"@type\":\"ReadAction\",\"target\":[\"https:\\\/\\\/www.nnas.ca\\\/fr\\\/\"]}]},{\"@type\":\"ImageObject\",\"inLanguage\":\"fr-CA\",\"@id\":\"https:\\\/\\\/www.nnas.ca\\\/fr\\\/#primaryimage\",\"url\":\"https:\\\/\\\/www.nnas.ca\\\/wp-content\\\/uploads\\\/2024\\\/06\\\/NNAS-SiteIMG_Masthead_1380x450.jpg\",\"contentUrl\":\"https:\\\/\\\/www.nnas.ca\\\/wp-content\\\/uploads\\\/2024\\\/06\\\/NNAS-SiteIMG_Masthead_1380x450.jpg\"},{\"@type\":\"BreadcrumbList\",\"@id\":\"https:\\\/\\\/www.nnas.ca\\\/fr\\\/#breadcrumb\",\"itemListElement\":[{\"@type\":\"ListItem\",\"position\":1,\"name\":\"Home\",\"item\":\"https:\\\/\\\/www.nnas.ca\\\/fr\\\/\"},{\"@type\":\"ListItem\",\"position\":2,\"name\":\"Commencez votre parcours infirmier au Canada\"}]},{\"@type\":\"WebSite\",\"@id\":\"https:\\\/\\\/www.nnas.ca\\\/fr\\\/#website\",\"url\":\"https:\\\/\\\/www.nnas.ca\\\/fr\\\/\",\"name\":\"Service national d&#039;evaluation infirmi\u00e8re\",\"description\":\"\",\"potentialAction\":[{\"@type\":\"SearchAction\",\"target\":{\"@type\":\"EntryPoint\",\"urlTemplate\":\"https:\\\/\\\/www.nnas.ca\\\/fr\\\/?s={search_term_string}\"},\"query-input\":{\"@type\":\"PropertyValueSpecification\",\"valueRequired\":true,\"valueName\":\"search_term_string\"}}],\"inLanguage\":\"fr-CA\"}]}<\/script>\n<!-- \/ Yoast SEO plugin. -->","yoast_head_json":{"title":"Commencez votre parcours infirmier au Canada - Service national d&#039;evaluation infirmi\u00e8re","robots":{"index":"index","follow":"follow","max-snippet":"max-snippet:-1","max-image-preview":"max-image-preview:large","max-video-preview":"max-video-preview:-1"},"canonical":"https:\/\/www.nnas.ca\/fr\/","og_locale":"fr_CA","og_type":"article","og_title":"Commencez votre parcours infirmier au Canada - Service national d&#039;evaluation infirmi\u00e8re","og_description":"Professions infirmi\u00e8res canadiennes Le Canada compte trois professions infirmi\u00e8res: IA, IAA et IPA. La formation et l&rsquo;exp\u00e9rience dans l&rsquo;un de ces r\u00f4les peuvent mener \u00e0 une carri\u00e8re enrichissante dans le domaine de la sant\u00e9 au Canada, y compris en administration et en gestion. Notre r\u00f4le dans les soins de sant\u00e9 au Canada Nous sommes un [&hellip;]","og_url":"https:\/\/www.nnas.ca\/fr\/","og_site_name":"Service national d&#039;evaluation infirmi\u00e8re","article_modified_time":"2024-07-19T16:16:36+00:00","og_image":[{"width":1400,"height":713,"url":"https:\/\/www.nnas.ca\/fr\/wp-content\/uploads\/sites\/2\/2024\/07\/nnas-fb-share-image-fr.png","type":"image\/png"}],"twitter_card":"summary_large_image","twitter_misc":{"Estimation du temps de lecture":"4 minutes"},"schema":{"@context":"https:\/\/schema.org","@graph":[{"@type":"WebPage","@id":"https:\/\/www.nnas.ca\/fr\/","url":"https:\/\/www.nnas.ca\/fr\/","name":"Commencez votre parcours infirmier au Canada - Service national d&#039;evaluation infirmi\u00e8re","isPartOf":{"@id":"https:\/\/www.nnas.ca\/fr\/#website"},"primaryImageOfPage":{"@id":"https:\/\/www.nnas.ca\/fr\/#primaryimage"},"image":{"@id":"https:\/\/www.nnas.ca\/fr\/#primaryimage"},"thumbnailUrl":"https:\/\/www.nnas.ca\/wp-content\/uploads\/2024\/06\/NNAS-SiteIMG_Masthead_1380x450.jpg","datePublished":"2024-05-28T16:42:18+00:00","dateModified":"2024-07-19T16:16:36+00:00","breadcrumb":{"@id":"https:\/\/www.nnas.ca\/fr\/#breadcrumb"},"inLanguage":"fr-CA","potentialAction":[{"@type":"ReadAction","target":["https:\/\/www.nnas.ca\/fr\/"]}]},{"@type":"ImageObject","inLanguage":"fr-CA","@id":"https:\/\/www.nnas.ca\/fr\/#primaryimage","url":"https:\/\/www.nnas.ca\/wp-content\/uploads\/2024\/06\/NNAS-SiteIMG_Masthead_1380x450.jpg","contentUrl":"https:\/\/www.nnas.ca\/wp-content\/uploads\/2024\/06\/NNAS-SiteIMG_Masthead_1380x450.jpg"},{"@type":"BreadcrumbList","@id":"https:\/\/www.nnas.ca\/fr\/#breadcrumb","itemListElement":[{"@type":"ListItem","position":1,"name":"Home","item":"https:\/\/www.nnas.ca\/fr\/"},{"@type":"ListItem","position":2,"name":"Commencez votre parcours infirmier au Canada"}]},{"@type":"WebSite","@id":"https:\/\/www.nnas.ca\/fr\/#website","url":"https:\/\/www.nnas.ca\/fr\/","name":"Service national d&#039;evaluation infirmi\u00e8re","description":"","potentialAction":[{"@type":"SearchAction","target":{"@type":"EntryPoint","urlTemplate":"https:\/\/www.nnas.ca\/fr\/?s={search_term_string}"},"query-input":{"@type":"PropertyValueSpecification","valueRequired":true,"valueName":"search_term_string"}}],"inLanguage":"fr-CA"}]}},"_links":{"self":[{"href":"https:\/\/www.nnas.ca\/fr\/wp-json\/wp\/v2\/pages\/2","targetHints":{"allow":["GET"]}}],"collection":[{"href":"https:\/\/www.nnas.ca\/fr\/wp-json\/wp\/v2\/pages"}],"about":[{"href":"https:\/\/www.nnas.ca\/fr\/wp-json\/wp\/v2\/types\/page"}],"author":[{"embeddable":true,"href":"https:\/\/www.nnas.ca\/fr\/wp-json\/wp\/v2\/users\/1"}],"replies":[{"embeddable":true,"href":"https:\/\/www.nnas.ca\/fr\/wp-json\/wp\/v2\/comments?post=2"}],"version-history":[{"count":3,"href":"https:\/\/www.nnas.ca\/fr\/wp-json\/wp\/v2\/pages\/2\/revisions"}],"predecessor-version":[{"id":284,"href":"https:\/\/www.nnas.ca\/fr\/wp-json\/wp\/v2\/pages\/2\/revisions\/284"}],"wp:attachment":[{"href":"https:\/\/www.nnas.ca\/fr\/wp-json\/wp\/v2\/media?parent=2"}],"curies":[{"name":"wp","href":"https:\/\/api.w.org\/{rel}","templated":true}]}}