{"id":21,"date":"2024-06-07T16:35:06","date_gmt":"2024-06-07T16:35:06","guid":{"rendered":"https:\/\/www.nnas.ca\/fr\/?page_id=21"},"modified":"2024-07-18T20:17:45","modified_gmt":"2024-07-18T20:17:45","slug":"admissibilite","status":"publish","type":"page","link":"https:\/\/www.nnas.ca\/fr\/admissibilite\/","title":{"rendered":"Admissibilit\u00e9\u00a0\u00a0"},"content":{"rendered":"\n<div class=\"wp-block-zp4-masthead alignfull alignwide\"><div class=\"masthead\"><div class=\"image-container\"><img loading=\"lazy\" decoding=\"async\" width=\"1380\" height=\"450\" src=\"https:\/\/www.nnas.ca\/fr\/wp-content\/uploads\/sites\/2\/2024\/07\/NNAS-SiteIMG_Masthead_1380x450_2.jpg\" alt=\"\" class=\"wp-image-110\" srcset=\"https:\/\/www.nnas.ca\/fr\/wp-content\/uploads\/sites\/2\/2024\/07\/NNAS-SiteIMG_Masthead_1380x450_2.jpg 1380w, https:\/\/www.nnas.ca\/fr\/wp-content\/uploads\/sites\/2\/2024\/07\/NNAS-SiteIMG_Masthead_1380x450_2-300x98.jpg 300w, https:\/\/www.nnas.ca\/fr\/wp-content\/uploads\/sites\/2\/2024\/07\/NNAS-SiteIMG_Masthead_1380x450_2-1024x334.jpg 1024w, https:\/\/www.nnas.ca\/fr\/wp-content\/uploads\/sites\/2\/2024\/07\/NNAS-SiteIMG_Masthead_1380x450_2-768x250.jpg 768w\" sizes=\"auto, (max-width: 1380px) 100vw, 1380px\" \/><div class=\"image-overlay\" style=\"background-color:var(--wp--custom--colors--blue);opacity:0.5\"><\/div><\/div><div class=\"content-container\"><h1>Admissibilit\u00e9\u00a0\u00a0<\/h1><p class=\"has-large-font-size\">V\u00e9rifiez si vous \u00eates admissible aux services de demande du SNEI.&nbsp;<\/p>\n<div class=\"wp-block-buttons is-content-justification-left is-layout-flex wp-container-core-buttons-is-layout-fc4fd283 wp-block-buttons-is-layout-flex\">\n\n\n\n<\/div>\n<\/div><\/div><\/div>\n\n\n\n<div class=\"wp-block-zp4-group top-spacing-1 bottom-spacing-2 block-spacing-undefined\"><div class=\"layout-container\">\n<h2 class=\"wp-block-heading\">Qui peut soumettre une demande?&nbsp;<\/h2>\n\n\n\n<p>Vous pouvez soumettre une demande au SNEI si vous\u202f:\u202f&nbsp;<\/p>\n\n\n\n<ol start=\"1\" class=\"wp-block-list\">\n<li>Avez termin\u00e9 un programme d\u2019\u00e9tudes {postsecondaires} en soins infirmiers \u00e0 l\u2019ext\u00e9rieur du Canada.\u202f&nbsp;<\/li>\n<\/ol>\n\n\n\n<ol start=\"2\" class=\"wp-block-list\">\n<li>N\u2019avez jamais obtenu de permis d\u2019exercice de la profession infirmi\u00e8re au Canada dans le groupe infirmier pour lequel vous souhaitez soumettre votre demande.\u202f&nbsp;&nbsp;<\/li>\n<\/ol>\n\n\n\n<ol start=\"3\" class=\"wp-block-list\">\n<li>Avez obtenu un permis d\u2019exercice de la profession infirmi\u00e8re \u00e0 l\u2019ext\u00e9rieur du Canada (service acc\u00e9l\u00e9r\u00e9 seulement).&nbsp;<\/li>\n<\/ol>\n\n\n\n<p>Pour conna\u00eetre les exigences pr\u00e9cises pour chaque type de service, veuillez consulter la page appropri\u00e9e\u202f:&nbsp;<\/p>\n\n\n\n<div class=\"wp-block-buttons is-layout-flex wp-block-buttons-is-layout-flex\">\n<div class=\"wp-block-button\"><a class=\"wp-block-button__link wp-element-button\" href=\"https:\/\/www.nnas.ca\/fr\/expedited-service-french\/\">Service acc\u00e9l\u00e9r\u00e9<\/a><\/div>\n\n\n\n<div class=\"wp-block-button\"><a class=\"wp-block-button__link wp-element-button\" href=\"https:\/\/www.nnas.ca\/fr\/regular-service-french\/\">Service r\u00e9gulier<\/a><\/div>\n<\/div>\n\n\n\n<div class=\"wp-block-zp4-accordions top-spacing-0 bottom-spacing-0 block-spacing-0\" data-accordions-multiselect=\"true\">\n<div class=\"wp-block-zp4-accordion\"><button class=\"accordion-toggle has-medium-font-size\" id=\"accordion-header\" aria-expanded=\"false\" data-accordion-header=\"true\"><span class=\"accordion-icon\"><\/span><h3 class=\"accordion-intro has-medium-font-size\">Remarque pour les citoyens canadiens\u00a0<\/h3><\/button><div id=\"accordion-panel\" class=\"accordion-content\" hidden>\n<p>Les citoyens et r\u00e9sidents canadiens qui ont fait leurs \u00e9tudes \u00e0 l\u2019ext\u00e9rieur du Canada doivent \u00e9galement soumettre une demande au SNEI.<\/p>\n<\/div><\/div>\n<\/div>\n<\/div><\/div>\n\n\n\n<h2 class=\"wp-block-heading\">Conditions pour la demande&nbsp;<\/h2>\n\n\n\n<div class=\"wp-block-zp4-media-text\">\n<div class=\"wp-block-zp4-media-text-card has-media-on-the-right\"><div class=\"content-container\"><h3 class=\"has-x-large-font-size\"><strong>Ouverture d\u2019un compte et frais<\/strong>\u00a0<\/h3><p class=\"has-medium-font-size\">Pour amorcer le processus de demande du SNEI, vous devez cr\u00e9er un compte en ligne dans le portail de demande du SNEI. Il vous faudra remplir un formulaire de demande et fournir des renseignements personnels, de m\u00eame que de l\u2019information sur votre formation infirmi\u00e8re, vos permis d\u2019exercice de la profession et votre exp\u00e9rience dans le m\u00e9tier.&nbsp;<\/p>\n<div class=\"wp-block-buttons is-layout-flex wp-block-buttons-is-layout-flex\">\n<div class=\"wp-block-button\"><a class=\"wp-block-button__link wp-element-button\" href=\"https:\/\/my.nnas.ca\/nnasweb\/system\/IEN\/2\">Cr\u00e9er un compte<\/a><\/div>\n<\/div>\n<\/div><div class=\"image-container\"><img decoding=\"async\" src=\"https:\/\/www.nnas.ca\/wp-content\/uploads\/2024\/05\/Screenshot-2024-05-30-112330.png\" alt=\"\" class=\"wp-image-490\"\/><\/div><\/div>\n\n\n\n<div class=\"wp-block-zp4-media-text-card has-media-on-the-left\"><div class=\"content-container\"><h3 class=\"has-x-large-font-size\"><strong>D\u00e9p\u00f4t de documents<\/strong>\u00a0<\/h3><p class=\"has-medium-font-size\">Vous devez vous-m\u00eame soumettre des documents d\u2019identification au SNEI par l\u2019interm\u00e9diaire du portail. Les autres documents doivent \u00eatre transmis par les tierces parties concern\u00e9es (comme une autorit\u00e9 qui octroie les permis d\u2019exercice de la profession infirmi\u00e8re ou un \u00e9tablissement d\u2019enseignement).&nbsp;<\/p>\n<div class=\"wp-block-buttons is-layout-flex wp-block-buttons-is-layout-flex\">\n<div class=\"wp-block-button\"><a class=\"wp-block-button__link wp-element-button\" href=\"https:\/\/www.nnas.ca\/fr\/expedited-service-french\/\">Service acc\u00e9l\u00e9r\u00e9<\/a><\/div>\n\n\n\n<div class=\"wp-block-button\"><a class=\"wp-block-button__link wp-element-button\" href=\"https:\/\/www.nnas.ca\/fr\/regular-service-french\/\">Service r\u00e9gulier<\/a><\/div>\n<\/div>\n<\/div><div class=\"image-container\"><img decoding=\"async\" src=\"https:\/\/www.nnas.ca\/wp-content\/uploads\/2024\/05\/Screenshot-2024-05-30-112446.png\" alt=\"\" class=\"wp-image-492\"\/><\/div><\/div>\n<\/div>\n\n\n\n<div class=\"wp-block-zp4-group bottom-spacing-3 block-spacing-undefined\"><div class=\"layout-container\">\n<div class=\"wp-block-zp4-accordions top-spacing-0 bottom-spacing-2 block-spacing-2\" data-accordions-multiselect=\"true\">\n<div class=\"wp-block-zp4-accordion\"><button class=\"accordion-toggle has-medium-font-size\" id=\"accordion-header\" aria-expanded=\"false\" data-accordion-header=\"true\"><span class=\"accordion-icon\"><\/span><h3 class=\"accordion-intro has-medium-font-size\"><strong>Remarque importante concernant l\u2019exhaustivit\u00e9 des documents.\u00a0<\/strong><\/h3><\/button><div id=\"accordion-panel\" class=\"accordion-content\" hidden>\n<p>Les documents que vous soumettez ou qui sont transmis en votre nom au SNEI doivent \u00eatre v\u00e9ridiques et complets. Veuillez vous assurer de fournir toute l\u2019information qui vous est demand\u00e9e. Les informations ou documents incomplets, alt\u00e9r\u00e9s ou falsifi\u00e9s entra\u00eeneront l\u2019annulation de votre demande ou un retard dans le processus.\u00a0\u00a0<\/p>\n\n\n\n<div class=\"wp-block-buttons is-layout-flex wp-block-buttons-is-layout-flex\">\n<div class=\"wp-block-button\"><a class=\"wp-block-button__link wp-element-button\" href=\"https:\/\/www.nnas.ca\/fr\/documents-importants\/\">En savoir plus<\/a><\/div>\n<\/div>\n<\/div><\/div>\n<\/div>\n<\/div><\/div>\n","protected":false},"excerpt":{"rendered":"<p>Conditions pour la demande&nbsp;<\/p>\n","protected":false},"author":4,"featured_media":110,"parent":0,"menu_order":0,"comment_status":"closed","ping_status":"closed","template":"","meta":{"footnotes":""},"class_list":["post-21","page","type-page","status-publish","has-post-thumbnail","hentry"],"yoast_head":"<!-- This site is optimized with the Yoast SEO plugin v27.3 - https:\/\/yoast.com\/product\/yoast-seo-wordpress\/ -->\n<title>Admissibilit\u00e9\u00a0\u00a0 - Service national d&#039;evaluation infirmi\u00e8re<\/title>\n<meta name=\"robots\" content=\"index, follow, max-snippet:-1, max-image-preview:large, max-video-preview:-1\" \/>\n<link rel=\"canonical\" href=\"https:\/\/www.nnas.ca\/fr\/admissibilite\/\" \/>\n<meta property=\"og:locale\" content=\"fr_CA\" \/>\n<meta property=\"og:type\" content=\"article\" \/>\n<meta property=\"og:title\" content=\"Admissibilit\u00e9\u00a0\u00a0 - Service national d&#039;evaluation infirmi\u00e8re\" \/>\n<meta property=\"og:description\" content=\"Conditions pour la demande&nbsp;\" \/>\n<meta property=\"og:url\" content=\"https:\/\/www.nnas.ca\/fr\/admissibilite\/\" \/>\n<meta property=\"og:site_name\" content=\"Service national d&#039;evaluation infirmi\u00e8re\" \/>\n<meta property=\"article:modified_time\" content=\"2024-07-18T20:17:45+00:00\" \/>\n<meta property=\"og:image\" content=\"https:\/\/www.nnas.ca\/fr\/wp-content\/uploads\/sites\/2\/2024\/07\/NNAS-SiteIMG_Masthead_1380x450_2.jpg\" \/>\n\t<meta property=\"og:image:width\" content=\"1380\" \/>\n\t<meta property=\"og:image:height\" content=\"450\" \/>\n\t<meta property=\"og:image:type\" content=\"image\/jpeg\" \/>\n<meta name=\"twitter:card\" content=\"summary_large_image\" \/>\n<meta name=\"twitter:label1\" content=\"Estimation du temps de lecture\" \/>\n\t<meta name=\"twitter:data1\" content=\"3 minutes\" \/>\n<script type=\"application\/ld+json\" class=\"yoast-schema-graph\">{\"@context\":\"https:\\\/\\\/schema.org\",\"@graph\":[{\"@type\":\"WebPage\",\"@id\":\"https:\\\/\\\/www.nnas.ca\\\/fr\\\/admissibilite\\\/\",\"url\":\"https:\\\/\\\/www.nnas.ca\\\/fr\\\/admissibilite\\\/\",\"name\":\"Admissibilit\u00e9\u00a0\u00a0 - Service national d&#039;evaluation infirmi\u00e8re\",\"isPartOf\":{\"@id\":\"https:\\\/\\\/www.nnas.ca\\\/fr\\\/#website\"},\"primaryImageOfPage\":{\"@id\":\"https:\\\/\\\/www.nnas.ca\\\/fr\\\/admissibilite\\\/#primaryimage\"},\"image\":{\"@id\":\"https:\\\/\\\/www.nnas.ca\\\/fr\\\/admissibilite\\\/#primaryimage\"},\"thumbnailUrl\":\"https:\\\/\\\/www.nnas.ca\\\/fr\\\/wp-content\\\/uploads\\\/sites\\\/2\\\/2024\\\/07\\\/NNAS-SiteIMG_Masthead_1380x450_2.jpg\",\"datePublished\":\"2024-06-07T16:35:06+00:00\",\"dateModified\":\"2024-07-18T20:17:45+00:00\",\"breadcrumb\":{\"@id\":\"https:\\\/\\\/www.nnas.ca\\\/fr\\\/admissibilite\\\/#breadcrumb\"},\"inLanguage\":\"fr-CA\",\"potentialAction\":[{\"@type\":\"ReadAction\",\"target\":[\"https:\\\/\\\/www.nnas.ca\\\/fr\\\/admissibilite\\\/\"]}]},{\"@type\":\"ImageObject\",\"inLanguage\":\"fr-CA\",\"@id\":\"https:\\\/\\\/www.nnas.ca\\\/fr\\\/admissibilite\\\/#primaryimage\",\"url\":\"https:\\\/\\\/www.nnas.ca\\\/fr\\\/wp-content\\\/uploads\\\/sites\\\/2\\\/2024\\\/07\\\/NNAS-SiteIMG_Masthead_1380x450_2.jpg\",\"contentUrl\":\"https:\\\/\\\/www.nnas.ca\\\/fr\\\/wp-content\\\/uploads\\\/sites\\\/2\\\/2024\\\/07\\\/NNAS-SiteIMG_Masthead_1380x450_2.jpg\",\"width\":1380,\"height\":450},{\"@type\":\"BreadcrumbList\",\"@id\":\"https:\\\/\\\/www.nnas.ca\\\/fr\\\/admissibilite\\\/#breadcrumb\",\"itemListElement\":[{\"@type\":\"ListItem\",\"position\":1,\"name\":\"Home\",\"item\":\"https:\\\/\\\/www.nnas.ca\\\/fr\\\/\"},{\"@type\":\"ListItem\",\"position\":2,\"name\":\"Admissibilit\u00e9\u00a0\u00a0\"}]},{\"@type\":\"WebSite\",\"@id\":\"https:\\\/\\\/www.nnas.ca\\\/fr\\\/#website\",\"url\":\"https:\\\/\\\/www.nnas.ca\\\/fr\\\/\",\"name\":\"Service national d&#039;evaluation infirmi\u00e8re\",\"description\":\"\",\"potentialAction\":[{\"@type\":\"SearchAction\",\"target\":{\"@type\":\"EntryPoint\",\"urlTemplate\":\"https:\\\/\\\/www.nnas.ca\\\/fr\\\/?s={search_term_string}\"},\"query-input\":{\"@type\":\"PropertyValueSpecification\",\"valueRequired\":true,\"valueName\":\"search_term_string\"}}],\"inLanguage\":\"fr-CA\"}]}<\/script>\n<!-- \/ Yoast SEO plugin. -->","yoast_head_json":{"title":"Admissibilit\u00e9\u00a0\u00a0 - Service national d&#039;evaluation infirmi\u00e8re","robots":{"index":"index","follow":"follow","max-snippet":"max-snippet:-1","max-image-preview":"max-image-preview:large","max-video-preview":"max-video-preview:-1"},"canonical":"https:\/\/www.nnas.ca\/fr\/admissibilite\/","og_locale":"fr_CA","og_type":"article","og_title":"Admissibilit\u00e9\u00a0\u00a0 - Service national d&#039;evaluation infirmi\u00e8re","og_description":"Conditions pour la demande&nbsp;","og_url":"https:\/\/www.nnas.ca\/fr\/admissibilite\/","og_site_name":"Service national d&#039;evaluation infirmi\u00e8re","article_modified_time":"2024-07-18T20:17:45+00:00","og_image":[{"width":1380,"height":450,"url":"https:\/\/www.nnas.ca\/fr\/wp-content\/uploads\/sites\/2\/2024\/07\/NNAS-SiteIMG_Masthead_1380x450_2.jpg","type":"image\/jpeg"}],"twitter_card":"summary_large_image","twitter_misc":{"Estimation du temps de lecture":"3 minutes"},"schema":{"@context":"https:\/\/schema.org","@graph":[{"@type":"WebPage","@id":"https:\/\/www.nnas.ca\/fr\/admissibilite\/","url":"https:\/\/www.nnas.ca\/fr\/admissibilite\/","name":"Admissibilit\u00e9\u00a0\u00a0 - Service national d&#039;evaluation infirmi\u00e8re","isPartOf":{"@id":"https:\/\/www.nnas.ca\/fr\/#website"},"primaryImageOfPage":{"@id":"https:\/\/www.nnas.ca\/fr\/admissibilite\/#primaryimage"},"image":{"@id":"https:\/\/www.nnas.ca\/fr\/admissibilite\/#primaryimage"},"thumbnailUrl":"https:\/\/www.nnas.ca\/fr\/wp-content\/uploads\/sites\/2\/2024\/07\/NNAS-SiteIMG_Masthead_1380x450_2.jpg","datePublished":"2024-06-07T16:35:06+00:00","dateModified":"2024-07-18T20:17:45+00:00","breadcrumb":{"@id":"https:\/\/www.nnas.ca\/fr\/admissibilite\/#breadcrumb"},"inLanguage":"fr-CA","potentialAction":[{"@type":"ReadAction","target":["https:\/\/www.nnas.ca\/fr\/admissibilite\/"]}]},{"@type":"ImageObject","inLanguage":"fr-CA","@id":"https:\/\/www.nnas.ca\/fr\/admissibilite\/#primaryimage","url":"https:\/\/www.nnas.ca\/fr\/wp-content\/uploads\/sites\/2\/2024\/07\/NNAS-SiteIMG_Masthead_1380x450_2.jpg","contentUrl":"https:\/\/www.nnas.ca\/fr\/wp-content\/uploads\/sites\/2\/2024\/07\/NNAS-SiteIMG_Masthead_1380x450_2.jpg","width":1380,"height":450},{"@type":"BreadcrumbList","@id":"https:\/\/www.nnas.ca\/fr\/admissibilite\/#breadcrumb","itemListElement":[{"@type":"ListItem","position":1,"name":"Home","item":"https:\/\/www.nnas.ca\/fr\/"},{"@type":"ListItem","position":2,"name":"Admissibilit\u00e9\u00a0\u00a0"}]},{"@type":"WebSite","@id":"https:\/\/www.nnas.ca\/fr\/#website","url":"https:\/\/www.nnas.ca\/fr\/","name":"Service national d&#039;evaluation infirmi\u00e8re","description":"","potentialAction":[{"@type":"SearchAction","target":{"@type":"EntryPoint","urlTemplate":"https:\/\/www.nnas.ca\/fr\/?s={search_term_string}"},"query-input":{"@type":"PropertyValueSpecification","valueRequired":true,"valueName":"search_term_string"}}],"inLanguage":"fr-CA"}]}},"_links":{"self":[{"href":"https:\/\/www.nnas.ca\/fr\/wp-json\/wp\/v2\/pages\/21","targetHints":{"allow":["GET"]}}],"collection":[{"href":"https:\/\/www.nnas.ca\/fr\/wp-json\/wp\/v2\/pages"}],"about":[{"href":"https:\/\/www.nnas.ca\/fr\/wp-json\/wp\/v2\/types\/page"}],"author":[{"embeddable":true,"href":"https:\/\/www.nnas.ca\/fr\/wp-json\/wp\/v2\/users\/4"}],"replies":[{"embeddable":true,"href":"https:\/\/www.nnas.ca\/fr\/wp-json\/wp\/v2\/comments?post=21"}],"version-history":[{"count":1,"href":"https:\/\/www.nnas.ca\/fr\/wp-json\/wp\/v2\/pages\/21\/revisions"}],"predecessor-version":[{"id":285,"href":"https:\/\/www.nnas.ca\/fr\/wp-json\/wp\/v2\/pages\/21\/revisions\/285"}],"wp:featuredmedia":[{"embeddable":true,"href":"https:\/\/www.nnas.ca\/fr\/wp-json\/wp\/v2\/media\/110"}],"wp:attachment":[{"href":"https:\/\/www.nnas.ca\/fr\/wp-json\/wp\/v2\/media?parent=21"}],"curies":[{"name":"wp","href":"https:\/\/api.w.org\/{rel}","templated":true}]}}