{"id":23,"date":"2024-06-07T17:14:41","date_gmt":"2024-06-07T17:14:41","guid":{"rendered":"https:\/\/www.nnas.ca\/fr\/?page_id=23"},"modified":"2024-07-18T20:19:08","modified_gmt":"2024-07-18T20:19:08","slug":"processus-de-demande-et-delais","status":"publish","type":"page","link":"https:\/\/www.nnas.ca\/fr\/processus-de-demande-et-delais\/","title":{"rendered":"Processus de demande et d\u00e9lais"},"content":{"rendered":"\n<div class=\"wp-block-zp4-masthead alignfull alignwide\"><div class=\"masthead\"><div class=\"image-container\"><img loading=\"lazy\" decoding=\"async\" width=\"1380\" height=\"450\" src=\"https:\/\/www.nnas.ca\/fr\/wp-content\/uploads\/sites\/2\/2024\/07\/NNAS-SiteIMG_Masthead_1380x450_2.jpg\" alt=\"\" class=\"wp-image-110\" srcset=\"https:\/\/www.nnas.ca\/fr\/wp-content\/uploads\/sites\/2\/2024\/07\/NNAS-SiteIMG_Masthead_1380x450_2.jpg 1380w, https:\/\/www.nnas.ca\/fr\/wp-content\/uploads\/sites\/2\/2024\/07\/NNAS-SiteIMG_Masthead_1380x450_2-300x98.jpg 300w, https:\/\/www.nnas.ca\/fr\/wp-content\/uploads\/sites\/2\/2024\/07\/NNAS-SiteIMG_Masthead_1380x450_2-1024x334.jpg 1024w, https:\/\/www.nnas.ca\/fr\/wp-content\/uploads\/sites\/2\/2024\/07\/NNAS-SiteIMG_Masthead_1380x450_2-768x250.jpg 768w\" sizes=\"auto, (max-width: 1380px) 100vw, 1380px\" \/><div class=\"image-overlay\" style=\"background-color:var(--wp--custom--colors--blue);opacity:0.5\"><\/div><\/div><div class=\"content-container\"><h1>Processus de demande et d\u00e9lais<\/h1><p class=\"has-large-font-size\">Survol du processus de demande du SNEI&nbsp;<\/p>\n<div class=\"wp-block-buttons is-content-justification-left is-layout-flex wp-container-core-buttons-is-layout-fc4fd283 wp-block-buttons-is-layout-flex\">\n\n\n\n<\/div>\n<\/div><\/div><\/div>\n\n\n\n<div class=\"wp-block-zp4-group bottom-spacing-2 block-spacing-undefined\"><div class=\"layout-container\">\n<h2 class=\"wp-block-heading\">\u00c9tapes d\u2019une demande&nbsp;<\/h2>\n\n\n\n<p>Pour soumettre une demande, vous devez d\u2019abord cr\u00e9er un compte en ligne \u00e0 partir du portail de demande du SNEI. Voici les cinq \u00e9tapes du d\u00e9p\u00f4t d\u2019une demande aupr\u00e8s du SNEI\u202f:&nbsp;<\/p>\n\n\n\n<ol class=\"wp-block-list\">\n<li>Cr\u00e9er un compte&nbsp;<\/li>\n\n\n\n<li>Accepter les conditions g\u00e9n\u00e9rales&nbsp;<\/li>\n\n\n\n<li>Soumettre l\u2019information requise et payer les frais exigibles&nbsp;<\/li>\n\n\n\n<li>D\u00e9poser les documents requis&nbsp;<\/li>\n\n\n\n<li>Suivre l\u2019\u00e9tat de la demande et surveiller la r\u00e9ception du rapport consultatif&nbsp;<\/li>\n<\/ol>\n\n\n\n<p>Une description de chaque \u00e9tape est fournie aux sections suivantes.&nbsp;<\/p>\n\n\n\n<h3 class=\"wp-block-heading\">\u00c9tape\u202f1\u202f: Cr\u00e9er un compte&nbsp;<\/h3>\n\n\n\n<div class=\"wp-block-columns is-layout-flex wp-container-core-columns-is-layout-28f84493 wp-block-columns-is-layout-flex\">\n<div class=\"wp-block-column is-layout-flow wp-block-column-is-layout-flow\">\n<h4 class=\"wp-block-heading\">Vous devez obligatoirement cr\u00e9er un compte en ligne aupr\u00e8s du SNEI.<\/h4>\n\n\n\n<p>Il vous faudra\u202f:\u202f&nbsp;<\/p>\n\n\n\n<ul class=\"wp-block-list\">\n<li>Fournir votre adresse courriel&nbsp;&nbsp;<\/li>\n\n\n\n<li>Cr\u00e9er trois questions de s\u00e9curit\u00e9&nbsp;<\/li>\n\n\n\n<li>Lire et accepter les conditions g\u00e9n\u00e9rales&nbsp;<\/li>\n\n\n\n<li>Entrer le code de s\u00e9curit\u00e9 envoy\u00e9 \u00e0 votre adresse courriel&nbsp;<\/li>\n\n\n\n<li>Cr\u00e9er un mot de passe&nbsp;<\/li>\n<\/ul>\n\n\n\n<div class=\"wp-block-buttons is-layout-flex wp-block-buttons-is-layout-flex\">\n<div class=\"wp-block-button\"><a class=\"wp-block-button__link wp-element-button\" href=\"https:\/\/my.nnas.ca\/nnasweb\/system\/IEN\/2\">Cr\u00e9er un compte<\/a><\/div>\n<\/div>\n<\/div>\n\n\n\n<div class=\"wp-block-column is-layout-flow wp-block-column-is-layout-flow\">\n<figure class=\"wp-block-image size-full\"><img decoding=\"async\" src=\"https:\/\/www.nnas.ca\/wp-content\/uploads\/2024\/05\/NNAScreate-account.png\" alt=\"\" class=\"wp-image-578\"\/><\/figure>\n<\/div>\n<\/div>\n<\/div><\/div>\n\n\n\n<h3 class=\"wp-block-heading\">\u00c9tape\u202f2\u202f: Soumettre l\u2019information requise et payer les frais exigibles&nbsp;<\/h3>\n\n\n\n<p>Une fois le compte cr\u00e9\u00e9, vous devrez fournir certaines informations dans notre portail.&nbsp;<\/p>\n\n\n\n<p>Il s\u2019agit notamment de votre nom et de votre adresse, de vos ant\u00e9c\u00e9dents professionnels et de votre formation. Les renseignements que vous entrez seront sauvegard\u00e9s dans le portail du SNEI, ce qui signifie que vous pourrez remplir les sections \u00e0 votre rythme. Une fois les renseignements requis entr\u00e9s, vous acc\u00e9derez \u00e0 la page de paiement.&nbsp;<\/p>\n\n\n\n<div class=\"wp-block-zp4-group bottom-spacing-1 block-spacing-undefined\"><div class=\"layout-container\">\n<div class=\"wp-block-zp4-accordions top-spacing-0 bottom-spacing-0 block-spacing-0\" data-accordions-multiselect=\"true\">\n<div class=\"wp-block-zp4-accordion\"><button class=\"accordion-toggle has-medium-font-size\" id=\"accordion-header\" aria-expanded=\"false\" data-accordion-header=\"true\"><span class=\"accordion-icon\"><\/span><h3 class=\"accordion-intro has-medium-font-size\">Remarque importante concernant l\u2019exhaustivit\u00e9 des documents\u00a0<\/h3><\/button><p id=\"accordion-panel\" hidden class=\"accordion-content\">Les documents que vous soumettez ou qui sont transmis en votre nom au SNEI doivent \u00eatre v\u00e9ridiques et complets. Veuillez vous assurer de fournir toute l\u2019information qui vous est demand\u00e9e. Les informations ou documents incomplets, alt\u00e9r\u00e9s ou falsifi\u00e9s entra\u00eeneront l\u2019annulation de votre demande ou un retard dans le processus.&nbsp;&nbsp;<br>&nbsp;<br><a href=\"#\">En savoir plus<\/a><\/p><\/div>\n<\/div>\n<\/div><\/div>\n\n\n\n<p>Veuillez lire et accepter les conditions g\u00e9n\u00e9rales \u00e0 la page de paiement. Il est \u00e9galement important de prendre connaissance de tout avis et des instructions fournies, le cas \u00e9ch\u00e9ant.&nbsp;<\/p>\n\n\n\n<p>Cliquez sur \u00ab\u00a0Passer \u00e0 la caisse\u00a0\u00bb\u202f. Cela ouvrira une nouvelle page Web vous donnant acc\u00e8s \u00e0 notre syst\u00e8me de paiement (Moneris).\u00a0<\/p>\n\n\n\n<div class=\"wp-block-buttons is-layout-flex wp-block-buttons-is-layout-flex\">\n<div class=\"wp-block-button\"><a class=\"wp-block-button__link wp-element-button\" href=\"https:\/\/www.nnas.ca\/fr\/frais\/\">En savoir plus sur les frais<\/a><\/div>\n<\/div>\n\n\n\n<div class=\"wp-block-zp4-group bottom-spacing-1 block-spacing-undefined\"><div class=\"layout-container\">\n<div class=\"wp-block-zp4-accordions top-spacing-0 bottom-spacing-0 block-spacing-0\" data-accordions-multiselect=\"true\">\n<div class=\"wp-block-zp4-accordion\"><button class=\"accordion-toggle has-medium-font-size\" id=\"accordion-header\" aria-expanded=\"false\" data-accordion-header=\"true\"><span class=\"accordion-icon\"><\/span><h3 class=\"accordion-intro has-medium-font-size\">Autres renseignements sur le traitement des paiements\u00a0<\/h3><\/button><p id=\"accordion-panel\" hidden class=\"accordion-content\">Apr\u00e8s chaque tentative de paiement \u00e0 partir de votre carte de cr\u00e9dit, vous recevrez un message de confirmation par courriel de Moneris dans les cinq minutes qui suivent et serez redirig\u00e9(e) vers le portail NNAS. Un courriel vous sera envoy\u00e9 m\u00eame si vous n\u2019\u00eates pas redirig\u00e9(e) vers le portail. V\u00e9rifiez vos courriels avant de tenter le paiement \u00e0 nouveau pour \u00e9viter que votre carte soit d\u00e9bit\u00e9e plus d\u2019une fois.<br><br>Si le paiement a \u00e9t\u00e9 confirm\u00e9 par courriel sans que cela ne soit refl\u00e9t\u00e9 dans le portail, <strong>NE TENTEZ PAS DE PAYER \u00c0 NOUVEAU<\/strong>. Veuillez plut\u00f4t communiquer avec nous au 1-855-977-1898 ou par courriel \u00e0 l\u2019adresse support@nnas.ca. Si vous ne recevez pas de courriel confirmant l\u2019approbation de la transaction ou si le courriel que vous recevez indique que votre paiement par carte de cr\u00e9dit a \u00e9t\u00e9 refus\u00e9, veuillez ouvrir une nouvelle session dans votre compte et tenter de payer \u00e0 nouveau avec une carte de cr\u00e9dit valide.<\/p><\/div>\n<\/div>\n<\/div><\/div>\n\n\n\n<h3 class=\"wp-block-heading\">\u00c9tape\u202f3\u202f: D\u00e9poser les documents requis&nbsp;<\/h3>\n\n\n\n<p>Une fois votre paiement v\u00e9rifi\u00e9, vous acc\u00e9derez aux pages de d\u00e9p\u00f4t de documents. Vous pourrez y t\u00e9l\u00e9charger les formulaires requis et soumettre certains documents au SNEI.&nbsp;<\/p>\n\n\n\n<p>Sachez que la plupart des documents doivent \u00eatre transmis au SNEI par des tierces parties, et non par vous. Les documents peuvent \u00eatre soumis par voie \u00e9lectronique ou par la poste. Nous privil\u00e9gions toutefois le d\u00e9p\u00f4t \u00e9lectronique.&nbsp;<\/p>\n\n\n\n<p>Les documents exig\u00e9s pour le service acc\u00e9l\u00e9r\u00e9 ne sont pas les m\u00eames que pour le service r\u00e9gulier. Le nombre de documents requis est moins grand dans le cas du service acc\u00e9l\u00e9r\u00e9. Pour plus de d\u00e9tails, veuillez vous reporter \u00e0 la page de chaque type de service.&nbsp;<\/p>\n\n\n\n<div class=\"wp-block-buttons is-layout-flex wp-block-buttons-is-layout-flex\">\n<div class=\"wp-block-button\"><a class=\"wp-block-button__link wp-element-button\" href=\"https:\/\/www.nnas.ca\/fr\/expedited-service-french\/\">Service acc\u00e9l\u00e9r\u00e9<\/a><\/div>\n\n\n\n<div class=\"wp-block-button\"><a class=\"wp-block-button__link wp-element-button\" href=\"https:\/\/www.nnas.ca\/fr\/regular-service-french\/\">Service r\u00e9gulier<\/a><\/div>\n<\/div>\n\n\n\n<h3 class=\"wp-block-heading\">\u00c9tape\u202f4\u202f: Suivre l\u2019\u00e9tat de la demande et surveiller la r\u00e9ception du rapport consultatif&nbsp;<\/h3>\n\n\n\n<p>Suivre l\u2019\u00e9tat d\u2019une demande se fait ais\u00e9ment \u00e0 partir du portail. Vous pouvez ainsi voir quels documents ont \u00e9t\u00e9 re\u00e7us par le SNEI, de m\u00eame que l\u2019\u00e9tat d\u2019avancement de l\u2019\u00e9valuation.&nbsp;&nbsp;&nbsp;<\/p>\n\n\n\n<p>Le rapport consultatif du SNEI contient l\u2019ensemble des documents soumis au SNEI et v\u00e9rifi\u00e9s par celui-ci, de m\u00eame que toute correspondance entre vous et le SNEI.&nbsp;<\/p>\n\n\n\n<p>Une fois que vous aurez re\u00e7u le rapport consultatif, vous pourrez effectuer une demande aupr\u00e8s de l\u2019organisme de r\u00e9glementation de votre choix. Votre rapport consultatif sera envoy\u00e9 directement aux organismes de r\u00e9glementation que vous aurez s\u00e9lectionn\u00e9s. Assurez-vous d\u2019en t\u00e9l\u00e9charger une copie pour vos dossiers.&nbsp;<\/p>\n\n\n\n<h2 class=\"wp-block-heading\">D\u00e9lais&nbsp;<\/h2>\n\n\n\n<h3 class=\"wp-block-heading\"><strong>Service acc\u00e9l\u00e9r\u00e9<\/strong>&nbsp;<\/h3>\n\n\n\n<p>Une fois tous les documents re\u00e7us, le rapport consultatif vous sera remis dans un d\u00e9lai de <strong>cinq jours<\/strong>, \u00e0 condition qu\u2019aucune pr\u00e9cision ne soit requise.&nbsp;&nbsp;<\/p>\n\n\n\n<h3 class=\"wp-block-heading\"><strong>Service r\u00e9gulier<\/strong>&nbsp;<\/h3>\n\n\n\n<p>Une fois tous les documents re\u00e7us, le rapport consultatif vous sera remis dans un d\u00e9lai de <strong>12\u202fsemaines<\/strong>, \u00e0 condition qu\u2019aucune pr\u00e9cision ne soit requise.&nbsp;<\/p>\n\n\n\n<p>Une fois que vous aurez re\u00e7u le rapport consultatif, vous pourrez effectuer une demande aupr\u00e8s de l\u2019organisme de r\u00e9glementation dans la province de votre choix directement \u00e0 partir du portail du SNEI. Chaque organisme de r\u00e9glementation a ses propres exigences et d\u00e9lais en ce qui a trait \u00e0 l\u2019inscription. Veuillez vous reporter au site Web de l\u2019organisme de r\u00e9glementation en question pour en savoir plus.&nbsp;<\/p>\n\n\n\n<div class=\"wp-block-zp4-group bottom-spacing-3 block-spacing-undefined\"><div class=\"layout-container\">\n<div class=\"wp-block-zp4-accordions top-spacing-0 bottom-spacing-0 block-spacing-0\" data-accordions-multiselect=\"true\">\n<div class=\"wp-block-zp4-accordion\"><button class=\"accordion-toggle has-medium-font-size\" id=\"accordion-header\" aria-expanded=\"false\" data-accordion-header=\"true\"><span class=\"accordion-icon\"><\/span><h3 class=\"accordion-intro has-medium-font-size\"><strong>Conseils pour remplir votre demande\u00a0<\/strong>\u00a0<\/h3><\/button><p id=\"accordion-panel\" hidden class=\"accordion-content\">1. Lisez le <a href=\"https:\/\/www.nnas.ca\/fr\/guides-de-presentation-dune-demande-2\/\" data-type=\"page\" data-id=\"152\"><strong>Guide de demande du SNEI<\/strong> <\/a>afin de vous assurer de bien comprendre le processus avant de commencer.&nbsp;<br>2. Assistez \u00e0 une webinaire du SNEI \u00e0 l\u2019intention des candidats et candidates avant d\u2019amorcer le processus.&nbsp;<br>3. Amorcez vos d\u00e9marches aupr\u00e8s du SNEI avant ou en m\u00eame temps que vous entamez le processus d\u2019immigration.&nbsp;<br>4. Pour toute question \u00e0 laquelle vous ne trouvez pas la r\u00e9ponse dans notre <a href=\"https:\/\/www.nnas.ca\/fr\/questions-frequentes\/\" data-type=\"page\" data-id=\"77\"><strong>FAQ<\/strong><\/a>, vous pouvez toujours communiquer avec notre \u00e9quipe de soutien. Appelez sans frais au 855-977-1898 ou \u00e9crivez-nous. Il vaut mieux poser ces questions d\u2019abord pour se sentir en confiance tout au long du processus de demande.\u202f&nbsp;<br>5. Entrez toute l\u2019information demand\u00e9e et assurez-vous de d\u00e9poser des documents qui soient v\u00e9ridiques et complets. Les documents incomplets, alt\u00e9r\u00e9s ou falsifi\u00e9s entra\u00eeneront l\u2019annulation de votre demande ou un retard dans le processus.&nbsp;&nbsp;&nbsp;<br>6. Il est important de savoir quels documents devront \u00eatre transmis par des tierces parties. Renseignez-vous sur les modalit\u00e9s d\u2019envoi des documents au SNEI.&nbsp;<br>7. V\u00e9rifiez r\u00e9guli\u00e8rement l\u2019\u00e9tat de votre demande \u00e0 des fins de suivi.&nbsp;<br>8. V\u00e9rifiez que les documents qui devraient avoir \u00e9t\u00e9 soumis en votre nom ont bel et bien \u00e9t\u00e9 re\u00e7us par le SNEI.&nbsp;<br>9. Concentrez-vous sur la province ou le territoire o\u00f9 vous avez l\u2019intention de r\u00e9sider et de travailler. \u00c0 long terme, cela vous fera gagner du temps et \u00e9conomiser de l\u2019argent.&nbsp;<br>10. Si, apr\u00e8s que vous ayez communiqu\u00e9 avec nous, notre \u00e9quipe de soutien n\u2019a pu r\u00e9pondre \u00e0 vos pr\u00e9occupations et que vous estimez devoir composer avec des obstacles inutilement, veuillez \u00e9crire \u00e0 <a href=\"mailto:applicantnavigator@nnas.ca\" target=\"_blank\" rel=\"noreferrer noopener\">applicantnavigator@nnas.ca<\/a>.&nbsp;<\/p><\/div>\n<\/div>\n<\/div><\/div>\n","protected":false},"excerpt":{"rendered":"<p>\u00c9tape\u202f2\u202f: Soumettre l\u2019information requise et payer les frais exigibles&nbsp; Une fois le compte cr\u00e9\u00e9, vous devrez fournir certaines informations dans notre portail.&nbsp; Il s\u2019agit notamment de votre nom et de votre adresse, de vos ant\u00e9c\u00e9dents professionnels et de votre formation. Les renseignements que vous entrez seront sauvegard\u00e9s dans le portail du SNEI, ce qui signifie [&hellip;]<\/p>\n","protected":false},"author":4,"featured_media":110,"parent":0,"menu_order":0,"comment_status":"closed","ping_status":"closed","template":"","meta":{"footnotes":""},"class_list":["post-23","page","type-page","status-publish","has-post-thumbnail","hentry"],"yoast_head":"<!-- This site is optimized with the Yoast SEO plugin v27.3 - https:\/\/yoast.com\/product\/yoast-seo-wordpress\/ -->\n<title>Processus de demande et d\u00e9lais - Service national d&#039;evaluation infirmi\u00e8re<\/title>\n<meta name=\"robots\" content=\"index, follow, max-snippet:-1, max-image-preview:large, max-video-preview:-1\" \/>\n<link rel=\"canonical\" href=\"https:\/\/www.nnas.ca\/fr\/processus-de-demande-et-delais\/\" \/>\n<meta property=\"og:locale\" content=\"fr_CA\" \/>\n<meta property=\"og:type\" content=\"article\" \/>\n<meta property=\"og:title\" content=\"Processus de demande et d\u00e9lais - Service national d&#039;evaluation infirmi\u00e8re\" \/>\n<meta property=\"og:description\" content=\"\u00c9tape\u202f2\u202f: Soumettre l\u2019information requise et payer les frais exigibles&nbsp; Une fois le compte cr\u00e9\u00e9, vous devrez fournir certaines informations dans notre portail.&nbsp; Il s\u2019agit notamment de votre nom et de votre adresse, de vos ant\u00e9c\u00e9dents professionnels et de votre formation. Les renseignements que vous entrez seront sauvegard\u00e9s dans le portail du SNEI, ce qui signifie [&hellip;]\" \/>\n<meta property=\"og:url\" content=\"https:\/\/www.nnas.ca\/fr\/processus-de-demande-et-delais\/\" \/>\n<meta property=\"og:site_name\" content=\"Service national d&#039;evaluation infirmi\u00e8re\" \/>\n<meta property=\"article:modified_time\" content=\"2024-07-18T20:19:08+00:00\" \/>\n<meta property=\"og:image\" content=\"https:\/\/www.nnas.ca\/fr\/wp-content\/uploads\/sites\/2\/2024\/07\/NNAS-SiteIMG_Masthead_1380x450_2.jpg\" \/>\n\t<meta property=\"og:image:width\" content=\"1380\" \/>\n\t<meta property=\"og:image:height\" content=\"450\" \/>\n\t<meta property=\"og:image:type\" content=\"image\/jpeg\" \/>\n<meta name=\"twitter:card\" content=\"summary_large_image\" \/>\n<meta name=\"twitter:label1\" content=\"Estimation du temps de lecture\" \/>\n\t<meta name=\"twitter:data1\" content=\"7 minutes\" \/>\n<script type=\"application\/ld+json\" class=\"yoast-schema-graph\">{\"@context\":\"https:\\\/\\\/schema.org\",\"@graph\":[{\"@type\":\"WebPage\",\"@id\":\"https:\\\/\\\/www.nnas.ca\\\/fr\\\/processus-de-demande-et-delais\\\/\",\"url\":\"https:\\\/\\\/www.nnas.ca\\\/fr\\\/processus-de-demande-et-delais\\\/\",\"name\":\"Processus de demande et d\u00e9lais - Service national d&#039;evaluation infirmi\u00e8re\",\"isPartOf\":{\"@id\":\"https:\\\/\\\/www.nnas.ca\\\/fr\\\/#website\"},\"primaryImageOfPage\":{\"@id\":\"https:\\\/\\\/www.nnas.ca\\\/fr\\\/processus-de-demande-et-delais\\\/#primaryimage\"},\"image\":{\"@id\":\"https:\\\/\\\/www.nnas.ca\\\/fr\\\/processus-de-demande-et-delais\\\/#primaryimage\"},\"thumbnailUrl\":\"https:\\\/\\\/www.nnas.ca\\\/fr\\\/wp-content\\\/uploads\\\/sites\\\/2\\\/2024\\\/07\\\/NNAS-SiteIMG_Masthead_1380x450_2.jpg\",\"datePublished\":\"2024-06-07T17:14:41+00:00\",\"dateModified\":\"2024-07-18T20:19:08+00:00\",\"breadcrumb\":{\"@id\":\"https:\\\/\\\/www.nnas.ca\\\/fr\\\/processus-de-demande-et-delais\\\/#breadcrumb\"},\"inLanguage\":\"fr-CA\",\"potentialAction\":[{\"@type\":\"ReadAction\",\"target\":[\"https:\\\/\\\/www.nnas.ca\\\/fr\\\/processus-de-demande-et-delais\\\/\"]}]},{\"@type\":\"ImageObject\",\"inLanguage\":\"fr-CA\",\"@id\":\"https:\\\/\\\/www.nnas.ca\\\/fr\\\/processus-de-demande-et-delais\\\/#primaryimage\",\"url\":\"https:\\\/\\\/www.nnas.ca\\\/fr\\\/wp-content\\\/uploads\\\/sites\\\/2\\\/2024\\\/07\\\/NNAS-SiteIMG_Masthead_1380x450_2.jpg\",\"contentUrl\":\"https:\\\/\\\/www.nnas.ca\\\/fr\\\/wp-content\\\/uploads\\\/sites\\\/2\\\/2024\\\/07\\\/NNAS-SiteIMG_Masthead_1380x450_2.jpg\",\"width\":1380,\"height\":450},{\"@type\":\"BreadcrumbList\",\"@id\":\"https:\\\/\\\/www.nnas.ca\\\/fr\\\/processus-de-demande-et-delais\\\/#breadcrumb\",\"itemListElement\":[{\"@type\":\"ListItem\",\"position\":1,\"name\":\"Home\",\"item\":\"https:\\\/\\\/www.nnas.ca\\\/fr\\\/\"},{\"@type\":\"ListItem\",\"position\":2,\"name\":\"Processus de demande et d\u00e9lais\"}]},{\"@type\":\"WebSite\",\"@id\":\"https:\\\/\\\/www.nnas.ca\\\/fr\\\/#website\",\"url\":\"https:\\\/\\\/www.nnas.ca\\\/fr\\\/\",\"name\":\"Service national d&#039;evaluation infirmi\u00e8re\",\"description\":\"\",\"potentialAction\":[{\"@type\":\"SearchAction\",\"target\":{\"@type\":\"EntryPoint\",\"urlTemplate\":\"https:\\\/\\\/www.nnas.ca\\\/fr\\\/?s={search_term_string}\"},\"query-input\":{\"@type\":\"PropertyValueSpecification\",\"valueRequired\":true,\"valueName\":\"search_term_string\"}}],\"inLanguage\":\"fr-CA\"}]}<\/script>\n<!-- \/ Yoast SEO plugin. -->","yoast_head_json":{"title":"Processus de demande et d\u00e9lais - Service national d&#039;evaluation infirmi\u00e8re","robots":{"index":"index","follow":"follow","max-snippet":"max-snippet:-1","max-image-preview":"max-image-preview:large","max-video-preview":"max-video-preview:-1"},"canonical":"https:\/\/www.nnas.ca\/fr\/processus-de-demande-et-delais\/","og_locale":"fr_CA","og_type":"article","og_title":"Processus de demande et d\u00e9lais - Service national d&#039;evaluation infirmi\u00e8re","og_description":"\u00c9tape\u202f2\u202f: Soumettre l\u2019information requise et payer les frais exigibles&nbsp; Une fois le compte cr\u00e9\u00e9, vous devrez fournir certaines informations dans notre portail.&nbsp; Il s\u2019agit notamment de votre nom et de votre adresse, de vos ant\u00e9c\u00e9dents professionnels et de votre formation. Les renseignements que vous entrez seront sauvegard\u00e9s dans le portail du SNEI, ce qui signifie [&hellip;]","og_url":"https:\/\/www.nnas.ca\/fr\/processus-de-demande-et-delais\/","og_site_name":"Service national d&#039;evaluation infirmi\u00e8re","article_modified_time":"2024-07-18T20:19:08+00:00","og_image":[{"width":1380,"height":450,"url":"https:\/\/www.nnas.ca\/fr\/wp-content\/uploads\/sites\/2\/2024\/07\/NNAS-SiteIMG_Masthead_1380x450_2.jpg","type":"image\/jpeg"}],"twitter_card":"summary_large_image","twitter_misc":{"Estimation du temps de lecture":"7 minutes"},"schema":{"@context":"https:\/\/schema.org","@graph":[{"@type":"WebPage","@id":"https:\/\/www.nnas.ca\/fr\/processus-de-demande-et-delais\/","url":"https:\/\/www.nnas.ca\/fr\/processus-de-demande-et-delais\/","name":"Processus de demande et d\u00e9lais - Service national d&#039;evaluation infirmi\u00e8re","isPartOf":{"@id":"https:\/\/www.nnas.ca\/fr\/#website"},"primaryImageOfPage":{"@id":"https:\/\/www.nnas.ca\/fr\/processus-de-demande-et-delais\/#primaryimage"},"image":{"@id":"https:\/\/www.nnas.ca\/fr\/processus-de-demande-et-delais\/#primaryimage"},"thumbnailUrl":"https:\/\/www.nnas.ca\/fr\/wp-content\/uploads\/sites\/2\/2024\/07\/NNAS-SiteIMG_Masthead_1380x450_2.jpg","datePublished":"2024-06-07T17:14:41+00:00","dateModified":"2024-07-18T20:19:08+00:00","breadcrumb":{"@id":"https:\/\/www.nnas.ca\/fr\/processus-de-demande-et-delais\/#breadcrumb"},"inLanguage":"fr-CA","potentialAction":[{"@type":"ReadAction","target":["https:\/\/www.nnas.ca\/fr\/processus-de-demande-et-delais\/"]}]},{"@type":"ImageObject","inLanguage":"fr-CA","@id":"https:\/\/www.nnas.ca\/fr\/processus-de-demande-et-delais\/#primaryimage","url":"https:\/\/www.nnas.ca\/fr\/wp-content\/uploads\/sites\/2\/2024\/07\/NNAS-SiteIMG_Masthead_1380x450_2.jpg","contentUrl":"https:\/\/www.nnas.ca\/fr\/wp-content\/uploads\/sites\/2\/2024\/07\/NNAS-SiteIMG_Masthead_1380x450_2.jpg","width":1380,"height":450},{"@type":"BreadcrumbList","@id":"https:\/\/www.nnas.ca\/fr\/processus-de-demande-et-delais\/#breadcrumb","itemListElement":[{"@type":"ListItem","position":1,"name":"Home","item":"https:\/\/www.nnas.ca\/fr\/"},{"@type":"ListItem","position":2,"name":"Processus de demande et d\u00e9lais"}]},{"@type":"WebSite","@id":"https:\/\/www.nnas.ca\/fr\/#website","url":"https:\/\/www.nnas.ca\/fr\/","name":"Service national d&#039;evaluation infirmi\u00e8re","description":"","potentialAction":[{"@type":"SearchAction","target":{"@type":"EntryPoint","urlTemplate":"https:\/\/www.nnas.ca\/fr\/?s={search_term_string}"},"query-input":{"@type":"PropertyValueSpecification","valueRequired":true,"valueName":"search_term_string"}}],"inLanguage":"fr-CA"}]}},"_links":{"self":[{"href":"https:\/\/www.nnas.ca\/fr\/wp-json\/wp\/v2\/pages\/23","targetHints":{"allow":["GET"]}}],"collection":[{"href":"https:\/\/www.nnas.ca\/fr\/wp-json\/wp\/v2\/pages"}],"about":[{"href":"https:\/\/www.nnas.ca\/fr\/wp-json\/wp\/v2\/types\/page"}],"author":[{"embeddable":true,"href":"https:\/\/www.nnas.ca\/fr\/wp-json\/wp\/v2\/users\/4"}],"replies":[{"embeddable":true,"href":"https:\/\/www.nnas.ca\/fr\/wp-json\/wp\/v2\/comments?post=23"}],"version-history":[{"count":2,"href":"https:\/\/www.nnas.ca\/fr\/wp-json\/wp\/v2\/pages\/23\/revisions"}],"predecessor-version":[{"id":287,"href":"https:\/\/www.nnas.ca\/fr\/wp-json\/wp\/v2\/pages\/23\/revisions\/287"}],"wp:featuredmedia":[{"embeddable":true,"href":"https:\/\/www.nnas.ca\/fr\/wp-json\/wp\/v2\/media\/110"}],"wp:attachment":[{"href":"https:\/\/www.nnas.ca\/fr\/wp-json\/wp\/v2\/media?parent=23"}],"curies":[{"name":"wp","href":"https:\/\/api.w.org\/{rel}","templated":true}]}}