{"id":26,"date":"2024-06-07T17:34:20","date_gmt":"2024-06-07T17:34:20","guid":{"rendered":"https:\/\/www.nnas.ca\/fr\/?page_id=26"},"modified":"2024-07-17T08:03:22","modified_gmt":"2024-07-17T08:03:22","slug":"frais","status":"publish","type":"page","link":"https:\/\/www.nnas.ca\/fr\/frais\/","title":{"rendered":"Frais"},"content":{"rendered":"\n<div class=\"wp-block-zp4-masthead alignfull alignwide\"><div class=\"masthead\"><div class=\"image-container\"><img loading=\"lazy\" decoding=\"async\" width=\"1380\" height=\"450\" src=\"https:\/\/www.nnas.ca\/fr\/wp-content\/uploads\/sites\/2\/2024\/07\/NNAS-SiteIMG_Masthead_1380x450_2.jpg\" alt=\"\" class=\"wp-image-110\" srcset=\"https:\/\/www.nnas.ca\/fr\/wp-content\/uploads\/sites\/2\/2024\/07\/NNAS-SiteIMG_Masthead_1380x450_2.jpg 1380w, https:\/\/www.nnas.ca\/fr\/wp-content\/uploads\/sites\/2\/2024\/07\/NNAS-SiteIMG_Masthead_1380x450_2-300x98.jpg 300w, https:\/\/www.nnas.ca\/fr\/wp-content\/uploads\/sites\/2\/2024\/07\/NNAS-SiteIMG_Masthead_1380x450_2-1024x334.jpg 1024w, https:\/\/www.nnas.ca\/fr\/wp-content\/uploads\/sites\/2\/2024\/07\/NNAS-SiteIMG_Masthead_1380x450_2-768x250.jpg 768w\" sizes=\"auto, (max-width: 1380px) 100vw, 1380px\" \/><div class=\"image-overlay\" style=\"background-color:var(--wp--custom--colors--blue)\"><\/div><\/div><div class=\"content-container\"><h1>Frais<\/h1><p class=\"has-large-font-size\">Information concernant les frais<\/p>\n<div class=\"wp-block-buttons is-content-justification-left is-layout-flex wp-container-core-buttons-is-layout-fc4fd283 wp-block-buttons-is-layout-flex\">\n\n\n\n<\/div>\n<\/div><\/div><\/div>\n\n\n\n<div class=\"wp-block-zp4-group bottom-spacing-2 block-spacing-undefined\"><div class=\"layout-container\">\n<h2 class=\"wp-block-heading\">Tableau des frais<\/h2>\n\n\n\n<figure class=\"wp-block-table\"><table><thead><tr><th><strong>Type de demande<\/strong><\/th><th><strong>Service acc\u00e9l\u00e9r\u00e9<\/strong><\/th><th><strong>Service r\u00e9gulier<\/strong><\/th><\/tr><\/thead><tbody><tr><td><strong><strong>Demande principale<\/strong><\/strong><\/td><td>750\u202f$ CA<br>(525 $ USD)*<\/td><td>650 $ US (845 $ CA)*<\/td><\/tr><tr><\/tr><tr><td><strong><strong>Organisme de r\u00e9glementation additionnel, m\u00eame profession<\/strong><\/strong><\/td><td>Sans frais<\/td><td>55 $ US&nbsp;<br>(70 $ CA)*<\/td><\/tr><tr><td><strong><strong>Organisme de r\u00e9glementation additionnel, profession diff\u00e9rente<\/strong><\/strong><\/td><td>Sans frais<\/td><td>220 $ US&nbsp;<br>285\u202f$ CA)*<\/td><\/tr><tr><td><strong><strong>Transfert d\u2019un rapport consultatif \u00e0 des organismes de r\u00e9glementation additionnels, m\u00eame profession<\/strong><\/strong><\/td><td>&#8212;<\/td><td>Jusqu\u2019\u00e0 45\u202f$ US&nbsp;<br>60\u202f$ CA)*<\/td><\/tr><tr><td><strong><strong>R\u00e9activation d\u2019une demande expir\u00e9e<\/strong><\/strong><\/td><td>240\u202f$ CA<\/td><td>180 $ US&nbsp;<br>(25 $ CA)*<\/td><\/tr><tr><td><strong><strong>Traduction d\u2019un document du SNEI (par page)<\/strong><\/strong><\/td><td>115\u202f$ CA<br>(80 $ USD)*<\/td><td>85 $ US&nbsp;<br>(110 $ CA)*<\/td><\/tr><tr><td><strong><strong>Appels<\/strong><\/strong><\/td><td>500\u202f$ CA<br>(350 $ USD)*<\/td><td>500 $ US&nbsp;<br>(650 $ CA)*<\/td><\/tr><\/tbody><tfoot><tr><td>*Les frais du service r\u00e9gulier sont factur\u00e9s en USD. Les frais de service acc\u00e9l\u00e9r\u00e9 sont factur\u00e9s en CAD. Notez que le montant converti en dollars indiqu\u00e9 est approximatif seulement. Pour calculer les taux de change, rendez-vous sur <a href=\"https:\/\/apps.royalbank.com\/apps\/foreign-exchange-calculator\">https:\/\/apps.royalbank.com\/apps\/foreign-exchange-calculator<\/a>.<\/td><td><\/td><td><\/td><\/tr><\/tfoot><\/table><\/figure>\n<\/div><\/div>\n\n\n\n<div class=\"wp-block-zp4-group bottom-spacing-1 block-spacing-undefined\"><div class=\"layout-container\">\n<h2 class=\"wp-block-heading\"><strong>Service acc\u00e9l\u00e9r\u00e9<\/strong><\/h2>\n\n\n\n<p><strong>750\u202f$ CA pour de multiples professions et organismes de r\u00e9glementation.<\/strong><\/p>\n\n\n\n<p>Notre Service acc\u00e9l\u00e9r\u00e9 se veut un processus simple, rapide et s\u00fbr pour l\u2019\u00e9valuation de vos titres de comp\u00e9tences. Ce service permet aux personnes qui pr\u00e9sentent une demande d\u2019engager le processus d\u2019accr\u00e9ditation pour les professions d\u2019infirmi\u00e8re autoris\u00e9e\/infirmier autoris\u00e9 (IA) ou d\u2019infirmi\u00e8re auxiliaire autoris\u00e9e\/infirmier auxiliaire autoris\u00e9 (IAA) en m\u00eame temps et pour le m\u00eame tarif.<\/p>\n\n\n\n<p>Les personnes qui pr\u00e9sentent une demande peuvent aussi demander qu\u2019un rapport consultatif soit remis \u00e0 de multiples organismes de r\u00e9glementation, sans frais suppl\u00e9mentaires. Les organismes de r\u00e9glementation additionnels doivent \u00eatre choisis lorsque la demande principale est active, et avant que le rapport consultatif soit produit. Les rapports consultatifs sont publi\u00e9s dans les cinq jours ouvrables suivant la r\u00e9ception de tous les documents. Les frais comprennent l\u2019\u00e9valuation de la formation en soins infirmiers selon le niveau du pays, le cas \u00e9ch\u00e9ant.<\/p>\n\n\n\n<p>Veuillez prendre note que le SNEI n\u2019accorde aucun remboursement.<\/p>\n\n\n\n<div class=\"wp-block-buttons is-layout-flex wp-block-buttons-is-layout-flex\">\n<div class=\"wp-block-button\"><a class=\"wp-block-button__link wp-element-button\" href=\"https:\/\/www.nnas.ca\/expedited-service\/\">Pour en savoir plus<\/a><\/div>\n<\/div>\n<\/div><\/div>\n\n\n\n<div class=\"wp-block-zp4-group bottom-spacing-1 block-spacing-undefined\"><div class=\"layout-container\">\n<h2 class=\"wp-block-heading\"><strong>Service r\u00e9gulier<\/strong><\/h2>\n\n\n\n<p><strong><strong>650\u202f$ US (approximativement 845\u202f$ CA) pour une profession et un organisme de r\u00e9glementation.<\/strong><\/strong>&nbsp;<\/p>\n\n\n\n<p>Les rapports consultatifs produits dans le cadre du processus de Service r\u00e9gulier sont bas\u00e9s sur le service offert \u00e0 l\u2019origine par le SNEI. Avec le Service r\u00e9gulier, vous devez payer les frais pour une demande principale qui comptent pour une profession et un organisme de r\u00e9glementation. Vous devrez payer des frais suppl\u00e9mentaires si vous souhaitez ajouter d\u2019autres organismes de r\u00e9glementation ou professions. Les frais incluent une \u00e9valuation individuelle du programme d\u2019\u00e9tudes en soins infirmiers fourni par votre \u00e9tablissement d\u2019enseignement. Les rapports consultatifs sont produits en 12\u202fsemaines.&nbsp;<\/p>\n\n\n\n<p>Veuillez prendre note que le SNEI n\u2019accorde aucun remboursement.<\/p>\n\n\n\n<div class=\"wp-block-buttons is-layout-flex wp-block-buttons-is-layout-flex\">\n<div class=\"wp-block-button\"><a class=\"wp-block-button__link wp-element-button\" href=\"https:\/\/www.nnas.ca\/regular-service\/\">Pour en savoir plus<\/a><\/div>\n<\/div>\n<\/div><\/div>\n\n\n\n<div class=\"wp-block-zp4-group block-spacing-undefined\"><div class=\"layout-container\">\n<h3 class=\"wp-block-heading\"><strong><strong>Autres renseignements importants<\/strong><\/strong><\/h3>\n\n\n\n<p><strong>S\u00e9lection des r\u00e9gulateurs qui recevront votre rapport consultatif<\/strong>\u00a0<\/p>\n\n\n\n<p>Au d\u00e9marrage de votre candidature, il vous sera demand\u00e9 de s\u00e9lectionner un r\u00e9gulateur principal ou \u00ab ordre principal \u00bb. Vous pouvez \u00e9galement s\u00e9lectionner des r\u00e9gulateurs suppl\u00e9mentaires \u00e0 tout moment pendant que votre candidature est ouverte. Votre commande principale sera active pendant 12 mois. La date d&rsquo;expiration de votre candidature sera calcul\u00e9e en fonction de la date \u00e0 laquelle vous avez pay\u00e9 pour la premi\u00e8re fois vos frais de candidature et commenc\u00e9 le processus.\u00a0<\/p>\n\n\n\n<p>Si vous postulez via le service acc\u00e9l\u00e9r\u00e9, votre rapport consultatif peut \u00eatre d\u00e9livr\u00e9 aux r\u00e9gulateurs des infirmi\u00e8res autoris\u00e9es et des IAA. Il n&rsquo;y a pas de frais suppl\u00e9mentaires pour la s\u00e9lection de r\u00e9gulateurs suppl\u00e9mentaires dans le service acc\u00e9l\u00e9r\u00e9. Cependant, vous devez s\u00e9lectionner tout organisme de r\u00e9glementation suppl\u00e9mentaire pendant que votre candidature principale est ouverte et avant la publication de votre rapport consultatif.\u00a0\u00a0<\/p>\n\n\n\n<p>Si vous postulez via le service r\u00e9gulier, des frais suppl\u00e9mentaires s&rsquo;appliquent pour les r\u00e9gulateurs suppl\u00e9mentaires au sein de la m\u00eame profession. De plus, il y a des frais suppl\u00e9mentaires pour chaque profession infirmi\u00e8re suppl\u00e9mentaire que vous s\u00e9lectionnez dans le service r\u00e9gulier. Veuillez consulter le bar\u00e8me des frais pour plus de d\u00e9tails. Veuillez noter que vous devez s\u00e9lectionner un organisme de r\u00e9glementation ou une profession suppl\u00e9mentaire pendant que votre candidature principale est ouverte et avant la publication de votre rapport consultatif.\u00a0<\/p>\n\n\n\n<p><strong>Acc\u00e8s \u00e0 votre rapport consultatif<\/strong><\/p>\n\n\n\n<p>Vous aurez acc\u00e8s \u00e0 votre rapport consultatif pendant un an, \u00e0 partir de la date de sa publication. Votre demande restera active pendant 12\u202fmois, \u00e0 partir de la date de paiement de vos frais de demande.&nbsp;&nbsp;&nbsp;<\/p>\n\n\n\n<p><strong>R\u00e9activation d\u2019une demande expir\u00e9e<\/strong><\/p>\n\n\n\n<p>Si tous les documents requis pour votre rapport consultatif n\u2019ont pas \u00e9t\u00e9 re\u00e7us et accept\u00e9s par le SNEI\u202f<strong>dans les<\/strong>\u202f<strong>12\u202fmois<\/strong>\u202fsuivant le paiement de votre demande principale, cette demande viendra \u00e0 expiration. Vous pouvez r\u00e9activer une demande principale\u202f<strong>dans les 12\u202fmois suivant la date d\u2019expiration<\/strong>. La r\u00e9activation ne peut \u00eatre faite qu\u2019<strong>une seule fois<\/strong>.<\/p>\n\n\n\n<p><strong>Portage d&rsquo;un rapport consultatif compl\u00e9t\u00e9<\/strong><\/p>\n\n\n\n<p>Si votre rapport consultatif a \u00e9t\u00e9 d\u00e9livr\u00e9 dans le cadre du service r\u00e9gulier, vous pouvez transf\u00e9rer votre rapport consultatif vers un organisme de r\u00e9glementation diff\u00e9rent de celui indiqu\u00e9 dans votre commande de candidature principale. Les rapports consultatifs ne peuvent \u00eatre port\u00e9s que pour la m\u00eame profession. Vous ne pouvez transf\u00e9rer les rapports consultatifs que dans les 12 mois suivant la date d&rsquo;\u00e9mission du rapport original.<\/p>\n\n\n\n<p>Les rapports consultatifs \u00e9mis dans le cadre du service acc\u00e9l\u00e9r\u00e9 ne peuvent pas \u00eatre transf\u00e9r\u00e9s. Cependant, vous pouvez faire d\u00e9livrer votre rapport consultatif \u00e0 plusieurs organismes de r\u00e9glementation sans frais suppl\u00e9mentaires. Vous pouvez s\u00e9lectionner tous les organismes de r\u00e9glementation participants auxquels vous souhaitez postuler pendant que votre candidature principale est ouverte et avant la publication de votre rapport consultatif.<\/p>\n\n\n\n<p><strong>Traduction d\u2019un document du SNEI<\/strong><\/p>\n\n\n\n<p>Tous les documents faisant partie de la demande que vous pr\u00e9sentez au SNEI doivent \u00eatre r\u00e9dig\u00e9s ou traduits en fran\u00e7ais ou en anglais, en fonction des exigences de l\u2019organisme (ou des organismes) de r\u00e9glementation qui vous int\u00e9ressent.&nbsp;&nbsp;<\/p>\n\n\n\n<p>Options pour la traduction<\/p>\n\n\n\n<ol class=\"wp-block-list\" start=\"1\">\n<li>Par un organisme source approuv\u00e9 (par exemple, un \u00e9tablissement d\u2019enseignement ou une autorit\u00e9 d\u00e9livrant des permis)<\/li>\n\n\n\n<li>Par un traducteur agr\u00e9\u00e9 ou une traductrice agr\u00e9\u00e9e&nbsp;&nbsp;<\/li>\n\n\n\n<li>Par le SNEI&nbsp;&nbsp;<\/li>\n<\/ol>\n\n\n\n<p>Tous les documents traduits doivent inclure:<\/p>\n\n\n\n<ul class=\"wp-block-list\">\n<li>Le sceau officiel du traducteur ou de la traductrice et\/ou son num\u00e9ro d\u2019identification, son adresse, son num\u00e9ro de t\u00e9l\u00e9phone et la date de la traduction.\u202f&nbsp;&nbsp;<\/li>\n\n\n\n<li>Une d\u00e9claration du traducteur\/de la traductrice attestant qu\u2019il s\u2019agit d\u2019une repr\u00e9sentation exacte du document original ou des documents originaux.\u202f&nbsp;&nbsp;<\/li>\n\n\n\n<li>Le nom en lettres moul\u00e9es et la signature originale du traducteur\/de la traductrice.&nbsp;&nbsp;<\/li>\n<\/ul>\n\n\n\n<p>Les personnes qui pr\u00e9sentent une demande sont responsables de tous les frais de traduction associ\u00e9s \u00e0 la pr\u00e9sentation de leur demande. Veuillez v\u00e9rifier les tarifs demand\u00e9s par diff\u00e9rentes sources pour faire le choix qui vous convient.&nbsp;<\/p>\n\n\n\n<p><strong>Faire appel aupr\u00e8s du SNEI<\/strong><\/p>\n\n\n\n<p>Vous pouvez faire appel d\u2019une d\u00e9cision en faisant parvenir une demande par \u00e9crit au SNEI, si vous croyez que l\u2019\u00e9valuation de votre demande est erron\u00e9e. Le SNEI r\u00e9visera votre dossier et vous fera parvenir une r\u00e9ponse par \u00e9crit.&nbsp;<\/p>\n\n\n\n<p>Les frais pour d\u00e9poser un appel sont de 500\u202f$ CA dans le cas du Service acc\u00e9l\u00e9r\u00e9 et de 500\u202f$ US pour le Service r\u00e9gulier. (Les frais d\u2019appel sont remboursables si l\u2019appel est favorable.)&nbsp;&nbsp;<\/p>\n\n\n\n<div class=\"wp-block-buttons is-layout-flex wp-block-buttons-is-layout-flex\">\n<div class=\"wp-block-button\"><a class=\"wp-block-button__link wp-element-button\" href=\"https:\/\/www.nnas.ca\/fr\/wp-content\/uploads\/sites\/2\/2024\/07\/SNEI_Le_processus_dappel-FR-20240619.pdf\"><strong>Pour en savoir plus \u00e0 propos des appels<\/strong><\/a><\/div>\n<\/div>\n<\/div><\/div>\n","protected":false},"excerpt":{"rendered":"","protected":false},"author":4,"featured_media":110,"parent":0,"menu_order":0,"comment_status":"closed","ping_status":"closed","template":"","meta":{"footnotes":""},"class_list":["post-26","page","type-page","status-publish","has-post-thumbnail","hentry"],"yoast_head":"<!-- This site is optimized with the Yoast SEO plugin v27.3 - https:\/\/yoast.com\/product\/yoast-seo-wordpress\/ -->\n<title>Frais - Service national d&#039;evaluation infirmi\u00e8re<\/title>\n<meta name=\"robots\" content=\"index, follow, max-snippet:-1, max-image-preview:large, max-video-preview:-1\" \/>\n<link rel=\"canonical\" href=\"https:\/\/www.nnas.ca\/fr\/frais\/\" \/>\n<meta property=\"og:locale\" content=\"fr_CA\" \/>\n<meta property=\"og:type\" content=\"article\" \/>\n<meta property=\"og:title\" content=\"Frais - Service national d&#039;evaluation infirmi\u00e8re\" \/>\n<meta property=\"og:url\" content=\"https:\/\/www.nnas.ca\/fr\/frais\/\" \/>\n<meta property=\"og:site_name\" content=\"Service national d&#039;evaluation infirmi\u00e8re\" \/>\n<meta property=\"article:modified_time\" content=\"2024-07-17T08:03:22+00:00\" \/>\n<meta property=\"og:image\" content=\"https:\/\/www.nnas.ca\/fr\/wp-content\/uploads\/sites\/2\/2024\/07\/NNAS-SiteIMG_Masthead_1380x450_2.jpg\" \/>\n\t<meta property=\"og:image:width\" content=\"1380\" \/>\n\t<meta property=\"og:image:height\" content=\"450\" \/>\n\t<meta property=\"og:image:type\" content=\"image\/jpeg\" \/>\n<meta name=\"twitter:card\" content=\"summary_large_image\" \/>\n<meta name=\"twitter:label1\" content=\"Estimation du temps de lecture\" \/>\n\t<meta name=\"twitter:data1\" content=\"6 minutes\" \/>\n<script type=\"application\/ld+json\" class=\"yoast-schema-graph\">{\"@context\":\"https:\\\/\\\/schema.org\",\"@graph\":[{\"@type\":\"WebPage\",\"@id\":\"https:\\\/\\\/www.nnas.ca\\\/fr\\\/frais\\\/\",\"url\":\"https:\\\/\\\/www.nnas.ca\\\/fr\\\/frais\\\/\",\"name\":\"Frais - Service national d&#039;evaluation infirmi\u00e8re\",\"isPartOf\":{\"@id\":\"https:\\\/\\\/www.nnas.ca\\\/fr\\\/#website\"},\"primaryImageOfPage\":{\"@id\":\"https:\\\/\\\/www.nnas.ca\\\/fr\\\/frais\\\/#primaryimage\"},\"image\":{\"@id\":\"https:\\\/\\\/www.nnas.ca\\\/fr\\\/frais\\\/#primaryimage\"},\"thumbnailUrl\":\"https:\\\/\\\/www.nnas.ca\\\/fr\\\/wp-content\\\/uploads\\\/sites\\\/2\\\/2024\\\/07\\\/NNAS-SiteIMG_Masthead_1380x450_2.jpg\",\"datePublished\":\"2024-06-07T17:34:20+00:00\",\"dateModified\":\"2024-07-17T08:03:22+00:00\",\"breadcrumb\":{\"@id\":\"https:\\\/\\\/www.nnas.ca\\\/fr\\\/frais\\\/#breadcrumb\"},\"inLanguage\":\"fr-CA\",\"potentialAction\":[{\"@type\":\"ReadAction\",\"target\":[\"https:\\\/\\\/www.nnas.ca\\\/fr\\\/frais\\\/\"]}]},{\"@type\":\"ImageObject\",\"inLanguage\":\"fr-CA\",\"@id\":\"https:\\\/\\\/www.nnas.ca\\\/fr\\\/frais\\\/#primaryimage\",\"url\":\"https:\\\/\\\/www.nnas.ca\\\/fr\\\/wp-content\\\/uploads\\\/sites\\\/2\\\/2024\\\/07\\\/NNAS-SiteIMG_Masthead_1380x450_2.jpg\",\"contentUrl\":\"https:\\\/\\\/www.nnas.ca\\\/fr\\\/wp-content\\\/uploads\\\/sites\\\/2\\\/2024\\\/07\\\/NNAS-SiteIMG_Masthead_1380x450_2.jpg\",\"width\":1380,\"height\":450},{\"@type\":\"BreadcrumbList\",\"@id\":\"https:\\\/\\\/www.nnas.ca\\\/fr\\\/frais\\\/#breadcrumb\",\"itemListElement\":[{\"@type\":\"ListItem\",\"position\":1,\"name\":\"Home\",\"item\":\"https:\\\/\\\/www.nnas.ca\\\/fr\\\/\"},{\"@type\":\"ListItem\",\"position\":2,\"name\":\"Frais\"}]},{\"@type\":\"WebSite\",\"@id\":\"https:\\\/\\\/www.nnas.ca\\\/fr\\\/#website\",\"url\":\"https:\\\/\\\/www.nnas.ca\\\/fr\\\/\",\"name\":\"Service national d&#039;evaluation infirmi\u00e8re\",\"description\":\"\",\"potentialAction\":[{\"@type\":\"SearchAction\",\"target\":{\"@type\":\"EntryPoint\",\"urlTemplate\":\"https:\\\/\\\/www.nnas.ca\\\/fr\\\/?s={search_term_string}\"},\"query-input\":{\"@type\":\"PropertyValueSpecification\",\"valueRequired\":true,\"valueName\":\"search_term_string\"}}],\"inLanguage\":\"fr-CA\"}]}<\/script>\n<!-- \/ Yoast SEO plugin. -->","yoast_head_json":{"title":"Frais - Service national d&#039;evaluation infirmi\u00e8re","robots":{"index":"index","follow":"follow","max-snippet":"max-snippet:-1","max-image-preview":"max-image-preview:large","max-video-preview":"max-video-preview:-1"},"canonical":"https:\/\/www.nnas.ca\/fr\/frais\/","og_locale":"fr_CA","og_type":"article","og_title":"Frais - Service national d&#039;evaluation infirmi\u00e8re","og_url":"https:\/\/www.nnas.ca\/fr\/frais\/","og_site_name":"Service national d&#039;evaluation infirmi\u00e8re","article_modified_time":"2024-07-17T08:03:22+00:00","og_image":[{"width":1380,"height":450,"url":"https:\/\/www.nnas.ca\/fr\/wp-content\/uploads\/sites\/2\/2024\/07\/NNAS-SiteIMG_Masthead_1380x450_2.jpg","type":"image\/jpeg"}],"twitter_card":"summary_large_image","twitter_misc":{"Estimation du temps de lecture":"6 minutes"},"schema":{"@context":"https:\/\/schema.org","@graph":[{"@type":"WebPage","@id":"https:\/\/www.nnas.ca\/fr\/frais\/","url":"https:\/\/www.nnas.ca\/fr\/frais\/","name":"Frais - Service national d&#039;evaluation infirmi\u00e8re","isPartOf":{"@id":"https:\/\/www.nnas.ca\/fr\/#website"},"primaryImageOfPage":{"@id":"https:\/\/www.nnas.ca\/fr\/frais\/#primaryimage"},"image":{"@id":"https:\/\/www.nnas.ca\/fr\/frais\/#primaryimage"},"thumbnailUrl":"https:\/\/www.nnas.ca\/fr\/wp-content\/uploads\/sites\/2\/2024\/07\/NNAS-SiteIMG_Masthead_1380x450_2.jpg","datePublished":"2024-06-07T17:34:20+00:00","dateModified":"2024-07-17T08:03:22+00:00","breadcrumb":{"@id":"https:\/\/www.nnas.ca\/fr\/frais\/#breadcrumb"},"inLanguage":"fr-CA","potentialAction":[{"@type":"ReadAction","target":["https:\/\/www.nnas.ca\/fr\/frais\/"]}]},{"@type":"ImageObject","inLanguage":"fr-CA","@id":"https:\/\/www.nnas.ca\/fr\/frais\/#primaryimage","url":"https:\/\/www.nnas.ca\/fr\/wp-content\/uploads\/sites\/2\/2024\/07\/NNAS-SiteIMG_Masthead_1380x450_2.jpg","contentUrl":"https:\/\/www.nnas.ca\/fr\/wp-content\/uploads\/sites\/2\/2024\/07\/NNAS-SiteIMG_Masthead_1380x450_2.jpg","width":1380,"height":450},{"@type":"BreadcrumbList","@id":"https:\/\/www.nnas.ca\/fr\/frais\/#breadcrumb","itemListElement":[{"@type":"ListItem","position":1,"name":"Home","item":"https:\/\/www.nnas.ca\/fr\/"},{"@type":"ListItem","position":2,"name":"Frais"}]},{"@type":"WebSite","@id":"https:\/\/www.nnas.ca\/fr\/#website","url":"https:\/\/www.nnas.ca\/fr\/","name":"Service national d&#039;evaluation infirmi\u00e8re","description":"","potentialAction":[{"@type":"SearchAction","target":{"@type":"EntryPoint","urlTemplate":"https:\/\/www.nnas.ca\/fr\/?s={search_term_string}"},"query-input":{"@type":"PropertyValueSpecification","valueRequired":true,"valueName":"search_term_string"}}],"inLanguage":"fr-CA"}]}},"_links":{"self":[{"href":"https:\/\/www.nnas.ca\/fr\/wp-json\/wp\/v2\/pages\/26","targetHints":{"allow":["GET"]}}],"collection":[{"href":"https:\/\/www.nnas.ca\/fr\/wp-json\/wp\/v2\/pages"}],"about":[{"href":"https:\/\/www.nnas.ca\/fr\/wp-json\/wp\/v2\/types\/page"}],"author":[{"embeddable":true,"href":"https:\/\/www.nnas.ca\/fr\/wp-json\/wp\/v2\/users\/4"}],"replies":[{"embeddable":true,"href":"https:\/\/www.nnas.ca\/fr\/wp-json\/wp\/v2\/comments?post=26"}],"version-history":[{"count":0,"href":"https:\/\/www.nnas.ca\/fr\/wp-json\/wp\/v2\/pages\/26\/revisions"}],"wp:featuredmedia":[{"embeddable":true,"href":"https:\/\/www.nnas.ca\/fr\/wp-json\/wp\/v2\/media\/110"}],"wp:attachment":[{"href":"https:\/\/www.nnas.ca\/fr\/wp-json\/wp\/v2\/media?parent=26"}],"curies":[{"name":"wp","href":"https:\/\/api.w.org\/{rel}","templated":true}]}}