{"id":49,"date":"2024-07-12T18:42:00","date_gmt":"2024-07-12T18:42:00","guid":{"rendered":"https:\/\/www.nnas.ca\/fr\/?page_id=49"},"modified":"2025-10-01T18:41:58","modified_gmt":"2025-10-01T18:41:58","slug":"priorites-et-strategies","status":"publish","type":"page","link":"https:\/\/www.nnas.ca\/fr\/priorites-et-strategies\/","title":{"rendered":"Priorit\u00e9s et strat\u00e9gies\u00a0"},"content":{"rendered":"\n<div class=\"wp-block-zp4-group block-spacing-undefined\"><div class=\"layout-container\">\n<div class=\"wp-block-zp4-masthead alignfull\"><div class=\"masthead\"><div class=\"image-container\"><img loading=\"lazy\" decoding=\"async\" width=\"1380\" height=\"450\" src=\"https:\/\/www.nnas.ca\/fr\/wp-content\/uploads\/sites\/2\/2024\/07\/NNAS-SiteIMG_Masthead_1380x450_9.jpg\" alt=\"\" class=\"wp-image-118\" srcset=\"https:\/\/www.nnas.ca\/fr\/wp-content\/uploads\/sites\/2\/2024\/07\/NNAS-SiteIMG_Masthead_1380x450_9.jpg 1380w, https:\/\/www.nnas.ca\/fr\/wp-content\/uploads\/sites\/2\/2024\/07\/NNAS-SiteIMG_Masthead_1380x450_9-300x98.jpg 300w, https:\/\/www.nnas.ca\/fr\/wp-content\/uploads\/sites\/2\/2024\/07\/NNAS-SiteIMG_Masthead_1380x450_9-1024x334.jpg 1024w, https:\/\/www.nnas.ca\/fr\/wp-content\/uploads\/sites\/2\/2024\/07\/NNAS-SiteIMG_Masthead_1380x450_9-768x250.jpg 768w\" sizes=\"auto, (max-width: 1380px) 100vw, 1380px\" \/><div class=\"image-overlay\" style=\"background-color:undefined;opacity:0.5\"><\/div><\/div><div class=\"content-container\"><h1>Priorit\u00e9s et strat\u00e9gies\u00a0<\/h1><p class=\"has-large-font-size\"><\/p>\n<div class=\"wp-block-buttons is-content-justification-left is-layout-flex wp-container-core-buttons-is-layout-fc4fd283 wp-block-buttons-is-layout-flex\">\n\n\n\n<\/div>\n<\/div><\/div><\/div>\n\n\n\n<h2 class=\"wp-block-heading\"><strong>Plans strat\u00e9giques<\/strong>&nbsp;<\/h2>\n\n\n\n<div class=\"wp-block-columns is-layout-flex wp-container-core-columns-is-layout-28f84493 wp-block-columns-is-layout-flex\">\n<div class=\"wp-block-column is-layout-flow wp-block-column-is-layout-flow\">\n<figure class=\"wp-block-image size-full\"><a href=\"https:\/\/www.nnas.ca\/wp-content\/uploads\/2024\/06\/NNAS-Strategic-Plan-2023-2026-Approved.pdf\"><img decoding=\"async\" src=\"https:\/\/www.nnas.ca\/wp-content\/uploads\/2024\/06\/NNAS-Strategic-Plan-2023-Cover-Image-232x300-1.jpg\" alt=\"\" class=\"wp-image-799\" \/><\/a><\/figure>\n\n\n\n<p>Plan strat\u00e9gique 2023-2026&nbsp;<\/p>\n<\/div>\n\n\n\n<div class=\"wp-block-column is-layout-flow wp-block-column-is-layout-flow\">\n<figure class=\"wp-block-image size-full\"><a href=\"https:\/\/www.nnas.ca\/wp-content\/uploads\/2024\/06\/NNAS-Strategic-Plan-2019-2021-.pdf\"><img decoding=\"async\" src=\"https:\/\/www.nnas.ca\/wp-content\/uploads\/2024\/06\/NNAS_2019-21-Front-Cover-233x300-1.png\" alt=\"\" class=\"wp-image-808\" \/><\/a><\/figure>\n\n\n\n<p>Plan strat\u00e9gique 2019-2021&nbsp;<\/p>\n<\/div>\n\n\n\n<div class=\"wp-block-column is-layout-flow wp-block-column-is-layout-flow\"><\/div>\n<\/div>\n<\/div><\/div>\n\n\n\n<div class=\"wp-block-zp4-group block-spacing-undefined\"><div class=\"layout-container\">\n<h2 class=\"wp-block-heading\"><strong>Rapports annuels<\/strong>&nbsp;<\/h2>\n\n\n\n<div class=\"wp-block-columns is-layout-flex wp-container-core-columns-is-layout-28f84493 wp-block-columns-is-layout-flex\">\n<div class=\"wp-block-column is-layout-flow wp-block-column-is-layout-flow\">\n<figure class=\"wp-block-image size-medium\"><a href=\"https:\/\/www.nnas.ca\/fr\/wp-content\/uploads\/sites\/2\/2025\/10\/2025-Annual-Report-FR.pdf\"><img loading=\"lazy\" decoding=\"async\" width=\"231\" height=\"300\" src=\"https:\/\/www.nnas.ca\/fr\/wp-content\/uploads\/sites\/2\/2025\/09\/Annual-Report-2025-COVER-FR--231x300.png\" alt=\"\" class=\"wp-image-425\" srcset=\"https:\/\/www.nnas.ca\/fr\/wp-content\/uploads\/sites\/2\/2025\/09\/Annual-Report-2025-COVER-FR--231x300.png 231w, https:\/\/www.nnas.ca\/fr\/wp-content\/uploads\/sites\/2\/2025\/09\/Annual-Report-2025-COVER-FR--346x450.png 346w, https:\/\/www.nnas.ca\/fr\/wp-content\/uploads\/sites\/2\/2025\/09\/Annual-Report-2025-COVER-FR-.png 555w\" sizes=\"auto, (max-width: 231px) 100vw, 231px\" \/><\/a><\/figure>\n\n\n\n<p>Rapport annuel 2025&nbsp;<\/p>\n<\/div>\n\n\n\n<div class=\"wp-block-column is-layout-flow wp-block-column-is-layout-flow\"><\/div>\n<\/div>\n\n\n\n<div class=\"wp-block-columns is-layout-flex wp-container-core-columns-is-layout-28f84493 wp-block-columns-is-layout-flex\">\n<div class=\"wp-block-column is-layout-flow wp-block-column-is-layout-flow\">\n<figure class=\"wp-block-image size-medium\"><a href=\"https:\/\/www.nnas.ca\/fr\/wp-content\/uploads\/sites\/2\/2024\/09\/NNAS_2024_AnnualReport_FR_V1.1-1-1.pdf\"><img loading=\"lazy\" decoding=\"async\" width=\"232\" height=\"300\" src=\"https:\/\/www.nnas.ca\/fr\/wp-content\/uploads\/sites\/2\/2024\/09\/NNAS_2024_AnnualReport_FR_V1.1-1_Page_01-232x300.png\" alt=\"\" class=\"wp-image-328\" srcset=\"https:\/\/www.nnas.ca\/fr\/wp-content\/uploads\/sites\/2\/2024\/09\/NNAS_2024_AnnualReport_FR_V1.1-1_Page_01-232x300.png 232w, https:\/\/www.nnas.ca\/fr\/wp-content\/uploads\/sites\/2\/2024\/09\/NNAS_2024_AnnualReport_FR_V1.1-1_Page_01-791x1024.png 791w, https:\/\/www.nnas.ca\/fr\/wp-content\/uploads\/sites\/2\/2024\/09\/NNAS_2024_AnnualReport_FR_V1.1-1_Page_01-768x994.png 768w, https:\/\/www.nnas.ca\/fr\/wp-content\/uploads\/sites\/2\/2024\/09\/NNAS_2024_AnnualReport_FR_V1.1-1_Page_01-1187x1536.png 1187w, https:\/\/www.nnas.ca\/fr\/wp-content\/uploads\/sites\/2\/2024\/09\/NNAS_2024_AnnualReport_FR_V1.1-1_Page_01-1583x2048.png 1583w, https:\/\/www.nnas.ca\/fr\/wp-content\/uploads\/sites\/2\/2024\/09\/NNAS_2024_AnnualReport_FR_V1.1-1_Page_01-348x450.png 348w\" sizes=\"auto, (max-width: 232px) 100vw, 232px\" \/><\/a><\/figure>\n\n\n\n<p>Rapport annuel 2024&nbsp;<\/p>\n<\/div>\n\n\n\n<div class=\"wp-block-column is-layout-flow wp-block-column-is-layout-flow\">\n<figure class=\"wp-block-image size-full\"><a href=\"https:\/\/www.nnas.ca\/wp-content\/uploads\/2024\/06\/NNAS-AnnualReport-2023-ENG.pdf\"><img decoding=\"async\" src=\"https:\/\/www.nnas.ca\/wp-content\/uploads\/2024\/06\/NNAS-Annual-Report-2023-Cover-234x300-1.png\" alt=\"\" class=\"wp-image-814\" \/><\/a><\/figure>\n\n\n\n<p>Rapport annuel 2023&nbsp;<\/p>\n<\/div>\n\n\n\n<div class=\"wp-block-column is-layout-flow wp-block-column-is-layout-flow\">\n<figure class=\"wp-block-image size-full\"><a href=\"https:\/\/www.nnas.ca\/wp-content\/uploads\/2024\/06\/NNAS-2022-Annual-Report-EN_p5.pdf\"><img decoding=\"async\" src=\"https:\/\/www.nnas.ca\/wp-content\/uploads\/2024\/06\/NNAS-2022-Annual-Report-EN-COVER-232x300-1.jpg\" alt=\"\" class=\"wp-image-815\" \/><\/a><\/figure>\n\n\n\n<p>Rapport annuel 2022<\/p>\n<\/div>\n<\/div>\n\n\n\n<div class=\"wp-block-columns is-layout-flex wp-container-core-columns-is-layout-28f84493 wp-block-columns-is-layout-flex\">\n<div class=\"wp-block-column is-layout-flow wp-block-column-is-layout-flow\">\n<figure class=\"wp-block-image size-full\"><a href=\"https:\/\/www.nnas.ca\/wp-content\/uploads\/2024\/06\/NNAS-2021-Annual-Report-EN.pdf\"><img decoding=\"async\" src=\"https:\/\/www.nnas.ca\/wp-content\/uploads\/2024\/06\/NNAS-2021-Annual-Report-EN_p10-232x300-1.jpg\" alt=\"\" class=\"wp-image-816\" \/><\/a><\/figure>\n\n\n\n<p>Rapport annuel 2021&nbsp;<\/p>\n<\/div>\n\n\n\n<div class=\"wp-block-column is-layout-flow wp-block-column-is-layout-flow\">\n<figure class=\"wp-block-image size-full\"><a href=\"https:\/\/www.nnas.ca\/wp-content\/uploads\/2024\/06\/NNAS-2019-2020-Annual-Report-EN-Final-Sept-11-20.pdf\"><img decoding=\"async\" src=\"https:\/\/www.nnas.ca\/wp-content\/uploads\/2024\/06\/Screenshot-2020-09-15-095202-239x300-1.png\" alt=\"\" class=\"wp-image-817\" \/><\/a><\/figure>\n\n\n\n<p>Rapport annuel 2020&nbsp;<\/p>\n<\/div>\n\n\n\n<div class=\"wp-block-column is-layout-flow wp-block-column-is-layout-flow\">\n<figure class=\"wp-block-image size-full\"><a href=\"https:\/\/www.nnas.ca\/wp-content\/uploads\/2024\/06\/NNAS-2018-2019-Annual-Report.pdf\"><img decoding=\"async\" src=\"https:\/\/www.nnas.ca\/wp-content\/uploads\/2024\/06\/2018-2019-Annual-Report-Front-Cover-3-231x300-1.jpg\" alt=\"\" class=\"wp-image-818\" \/><\/a><\/figure>\n\n\n\n<p>Rapport annuel 2019&nbsp;<\/p>\n<\/div>\n<\/div>\n\n\n\n<div class=\"wp-block-columns is-layout-flex wp-container-core-columns-is-layout-28f84493 wp-block-columns-is-layout-flex\">\n<div class=\"wp-block-column is-layout-flow wp-block-column-is-layout-flow\">\n<figure class=\"wp-block-image size-full\"><a href=\"https:\/\/www.nnas.ca\/wp-content\/uploads\/2024\/06\/AnnualReport2018_ID_19.pdf\"><img decoding=\"async\" src=\"https:\/\/www.nnas.ca\/wp-content\/uploads\/2024\/06\/AnnualReport2018Cover-211x300-1.jpg\" alt=\"\" class=\"wp-image-819\" \/><\/a><\/figure>\n\n\n\n<p>Rapport annuel 2018<\/p>\n<\/div>\n\n\n\n<div class=\"wp-block-column is-layout-flow wp-block-column-is-layout-flow\">\n<figure class=\"wp-block-image size-full\"><a href=\"https:\/\/www.nnas.ca\/wp-content\/uploads\/2024\/06\/NNAS_AnnualReport_2017.pdf\"><img decoding=\"async\" src=\"https:\/\/www.nnas.ca\/wp-content\/uploads\/2024\/06\/annual-report-2017-231x300-1.jpg\" alt=\"\" class=\"wp-image-820\" \/><\/a><\/figure>\n\n\n\n<p>Rapport annuel 2017<\/p>\n<\/div>\n\n\n\n<div class=\"wp-block-column is-layout-flow wp-block-column-is-layout-flow\">\n<figure class=\"wp-block-image size-full\"><a href=\"https:\/\/www.nnas.ca\/wp-content\/uploads\/2024\/06\/NNAS_AnnualReport2015.pdf\"><img decoding=\"async\" src=\"https:\/\/www.nnas.ca\/wp-content\/uploads\/2024\/06\/annual-report-2015-231x300-1.jpg\" alt=\"\" class=\"wp-image-822\" \/><\/a><\/figure>\n\n\n\n<p>Rapport annuel 2015<\/p>\n<\/div>\n<\/div>\n\n\n\n<div class=\"wp-block-columns is-layout-flex wp-container-core-columns-is-layout-28f84493 wp-block-columns-is-layout-flex\">\n<div class=\"wp-block-column is-layout-flow wp-block-column-is-layout-flow\">\n<figure class=\"wp-block-image size-full\"><a href=\"https:\/\/www.nnas.ca\/wp-content\/uploads\/2024\/06\/NNAS_AnnualReport2016.pdf\"><img decoding=\"async\" src=\"https:\/\/www.nnas.ca\/wp-content\/uploads\/2024\/06\/annual-report-2016-231x300-1.jpg\" alt=\"\" class=\"wp-image-821\" \/><\/a><\/figure>\n\n\n\n<p>Rapport annuel 2016<\/p>\n<\/div>\n<\/div>\n<\/div><\/div>\n\n\n\n<h2 class=\"wp-block-heading\">\u00c9tats financiers<\/h2>\n\n\n\n<div class=\"wp-block-columns is-layout-flex wp-container-core-columns-is-layout-28f84493 wp-block-columns-is-layout-flex\">\n<div class=\"wp-block-column is-layout-flow wp-block-column-is-layout-flow\">\n<figure class=\"wp-block-image size-medium\"><a href=\"https:\/\/www.nnas.ca\/fr\/wp-content\/uploads\/sites\/2\/2025\/09\/NNAS-2025-Financial-Statements-Final-FR.pdf\"><img loading=\"lazy\" decoding=\"async\" width=\"260\" height=\"300\" src=\"https:\/\/www.nnas.ca\/fr\/wp-content\/uploads\/sites\/2\/2025\/09\/Financial-Statement-Cover-FR--260x300.png\" alt=\"\" class=\"wp-image-429\" srcset=\"https:\/\/www.nnas.ca\/fr\/wp-content\/uploads\/sites\/2\/2025\/09\/Financial-Statement-Cover-FR--260x300.png 260w, https:\/\/www.nnas.ca\/fr\/wp-content\/uploads\/sites\/2\/2025\/09\/Financial-Statement-Cover-FR--390x450.png 390w, https:\/\/www.nnas.ca\/fr\/wp-content\/uploads\/sites\/2\/2025\/09\/Financial-Statement-Cover-FR-.png 651w\" sizes=\"auto, (max-width: 260px) 100vw, 260px\" \/><\/a><\/figure>\n\n\n\n<p>\u00c9tats financiers 2025<\/p>\n<\/div>\n\n\n\n<div class=\"wp-block-column is-layout-flow wp-block-column-is-layout-flow\">\n<figure class=\"wp-block-image size-medium\"><a href=\"https:\/\/www.nnas.ca\/fr\/wp-content\/uploads\/sites\/2\/2024\/09\/NNAS-2024-Financial-Statements-Final-FR.pdf\"><img loading=\"lazy\" decoding=\"async\" width=\"232\" height=\"300\" src=\"https:\/\/www.nnas.ca\/fr\/wp-content\/uploads\/sites\/2\/2024\/09\/NNAS-2024-Financial-Statements-Final-FR_Page_01-232x300.png\" alt=\"\" class=\"wp-image-333\" srcset=\"https:\/\/www.nnas.ca\/fr\/wp-content\/uploads\/sites\/2\/2024\/09\/NNAS-2024-Financial-Statements-Final-FR_Page_01-232x300.png 232w, https:\/\/www.nnas.ca\/fr\/wp-content\/uploads\/sites\/2\/2024\/09\/NNAS-2024-Financial-Statements-Final-FR_Page_01-791x1024.png 791w, https:\/\/www.nnas.ca\/fr\/wp-content\/uploads\/sites\/2\/2024\/09\/NNAS-2024-Financial-Statements-Final-FR_Page_01-768x994.png 768w, https:\/\/www.nnas.ca\/fr\/wp-content\/uploads\/sites\/2\/2024\/09\/NNAS-2024-Financial-Statements-Final-FR_Page_01-1187x1536.png 1187w, https:\/\/www.nnas.ca\/fr\/wp-content\/uploads\/sites\/2\/2024\/09\/NNAS-2024-Financial-Statements-Final-FR_Page_01-1583x2048.png 1583w, https:\/\/www.nnas.ca\/fr\/wp-content\/uploads\/sites\/2\/2024\/09\/NNAS-2024-Financial-Statements-Final-FR_Page_01-348x450.png 348w, https:\/\/www.nnas.ca\/fr\/wp-content\/uploads\/sites\/2\/2024\/09\/NNAS-2024-Financial-Statements-Final-FR_Page_01.png 1700w\" sizes=\"auto, (max-width: 232px) 100vw, 232px\" \/><\/a><\/figure>\n\n\n\n<p>\u00c9tats financiers 2024<\/p>\n<\/div>\n<\/div>\n\n\n\n<p><\/p>\n","protected":false},"excerpt":{"rendered":"<p>\u00c9tats financiers \u00c9tats financiers 2025 \u00c9tats financiers 2024<\/p>\n","protected":false},"author":4,"featured_media":118,"parent":0,"menu_order":0,"comment_status":"closed","ping_status":"closed","template":"","meta":{"footnotes":""},"class_list":["post-49","page","type-page","status-publish","has-post-thumbnail","hentry"],"yoast_head":"<!-- This site is optimized with the Yoast SEO plugin v27.3 - https:\/\/yoast.com\/product\/yoast-seo-wordpress\/ -->\n<title>Priorit\u00e9s et strat\u00e9gies\u00a0 - Service national d&#039;evaluation infirmi\u00e8re<\/title>\n<meta name=\"robots\" content=\"index, follow, max-snippet:-1, max-image-preview:large, max-video-preview:-1\" \/>\n<link rel=\"canonical\" href=\"https:\/\/www.nnas.ca\/fr\/priorites-et-strategies\/\" \/>\n<meta property=\"og:locale\" content=\"fr_CA\" \/>\n<meta property=\"og:type\" content=\"article\" \/>\n<meta property=\"og:title\" content=\"Priorit\u00e9s et strat\u00e9gies\u00a0 - Service national d&#039;evaluation infirmi\u00e8re\" \/>\n<meta property=\"og:description\" content=\"\u00c9tats financiers \u00c9tats financiers 2025 \u00c9tats financiers 2024\" \/>\n<meta property=\"og:url\" content=\"https:\/\/www.nnas.ca\/fr\/priorites-et-strategies\/\" \/>\n<meta property=\"og:site_name\" content=\"Service national d&#039;evaluation infirmi\u00e8re\" \/>\n<meta property=\"article:modified_time\" content=\"2025-10-01T18:41:58+00:00\" \/>\n<meta property=\"og:image\" content=\"https:\/\/www.nnas.ca\/fr\/wp-content\/uploads\/sites\/2\/2024\/07\/NNAS-SiteIMG_Masthead_1380x450_9.jpg\" \/>\n\t<meta property=\"og:image:width\" content=\"1380\" \/>\n\t<meta property=\"og:image:height\" content=\"450\" \/>\n\t<meta property=\"og:image:type\" content=\"image\/jpeg\" \/>\n<meta name=\"twitter:card\" content=\"summary_large_image\" \/>\n<meta name=\"twitter:label1\" content=\"Estimation du temps de lecture\" \/>\n\t<meta name=\"twitter:data1\" content=\"4 minutes\" \/>\n<script type=\"application\/ld+json\" class=\"yoast-schema-graph\">{\"@context\":\"https:\\\/\\\/schema.org\",\"@graph\":[{\"@type\":\"WebPage\",\"@id\":\"https:\\\/\\\/www.nnas.ca\\\/fr\\\/priorites-et-strategies\\\/\",\"url\":\"https:\\\/\\\/www.nnas.ca\\\/fr\\\/priorites-et-strategies\\\/\",\"name\":\"Priorit\u00e9s et strat\u00e9gies\u00a0 - Service national d&#039;evaluation infirmi\u00e8re\",\"isPartOf\":{\"@id\":\"https:\\\/\\\/www.nnas.ca\\\/fr\\\/#website\"},\"primaryImageOfPage\":{\"@id\":\"https:\\\/\\\/www.nnas.ca\\\/fr\\\/priorites-et-strategies\\\/#primaryimage\"},\"image\":{\"@id\":\"https:\\\/\\\/www.nnas.ca\\\/fr\\\/priorites-et-strategies\\\/#primaryimage\"},\"thumbnailUrl\":\"https:\\\/\\\/www.nnas.ca\\\/fr\\\/wp-content\\\/uploads\\\/sites\\\/2\\\/2024\\\/07\\\/NNAS-SiteIMG_Masthead_1380x450_9.jpg\",\"datePublished\":\"2024-07-12T18:42:00+00:00\",\"dateModified\":\"2025-10-01T18:41:58+00:00\",\"breadcrumb\":{\"@id\":\"https:\\\/\\\/www.nnas.ca\\\/fr\\\/priorites-et-strategies\\\/#breadcrumb\"},\"inLanguage\":\"fr-CA\",\"potentialAction\":[{\"@type\":\"ReadAction\",\"target\":[\"https:\\\/\\\/www.nnas.ca\\\/fr\\\/priorites-et-strategies\\\/\"]}]},{\"@type\":\"ImageObject\",\"inLanguage\":\"fr-CA\",\"@id\":\"https:\\\/\\\/www.nnas.ca\\\/fr\\\/priorites-et-strategies\\\/#primaryimage\",\"url\":\"https:\\\/\\\/www.nnas.ca\\\/fr\\\/wp-content\\\/uploads\\\/sites\\\/2\\\/2024\\\/07\\\/NNAS-SiteIMG_Masthead_1380x450_9.jpg\",\"contentUrl\":\"https:\\\/\\\/www.nnas.ca\\\/fr\\\/wp-content\\\/uploads\\\/sites\\\/2\\\/2024\\\/07\\\/NNAS-SiteIMG_Masthead_1380x450_9.jpg\",\"width\":1380,\"height\":450},{\"@type\":\"BreadcrumbList\",\"@id\":\"https:\\\/\\\/www.nnas.ca\\\/fr\\\/priorites-et-strategies\\\/#breadcrumb\",\"itemListElement\":[{\"@type\":\"ListItem\",\"position\":1,\"name\":\"Home\",\"item\":\"https:\\\/\\\/www.nnas.ca\\\/fr\\\/\"},{\"@type\":\"ListItem\",\"position\":2,\"name\":\"Priorit\u00e9s et strat\u00e9gies\u00a0\"}]},{\"@type\":\"WebSite\",\"@id\":\"https:\\\/\\\/www.nnas.ca\\\/fr\\\/#website\",\"url\":\"https:\\\/\\\/www.nnas.ca\\\/fr\\\/\",\"name\":\"Service national d&#039;evaluation infirmi\u00e8re\",\"description\":\"\",\"potentialAction\":[{\"@type\":\"SearchAction\",\"target\":{\"@type\":\"EntryPoint\",\"urlTemplate\":\"https:\\\/\\\/www.nnas.ca\\\/fr\\\/?s={search_term_string}\"},\"query-input\":{\"@type\":\"PropertyValueSpecification\",\"valueRequired\":true,\"valueName\":\"search_term_string\"}}],\"inLanguage\":\"fr-CA\"}]}<\/script>\n<!-- \/ Yoast SEO plugin. -->","yoast_head_json":{"title":"Priorit\u00e9s et strat\u00e9gies\u00a0 - Service national d&#039;evaluation infirmi\u00e8re","robots":{"index":"index","follow":"follow","max-snippet":"max-snippet:-1","max-image-preview":"max-image-preview:large","max-video-preview":"max-video-preview:-1"},"canonical":"https:\/\/www.nnas.ca\/fr\/priorites-et-strategies\/","og_locale":"fr_CA","og_type":"article","og_title":"Priorit\u00e9s et strat\u00e9gies\u00a0 - Service national d&#039;evaluation infirmi\u00e8re","og_description":"\u00c9tats financiers \u00c9tats financiers 2025 \u00c9tats financiers 2024","og_url":"https:\/\/www.nnas.ca\/fr\/priorites-et-strategies\/","og_site_name":"Service national d&#039;evaluation infirmi\u00e8re","article_modified_time":"2025-10-01T18:41:58+00:00","og_image":[{"width":1380,"height":450,"url":"https:\/\/www.nnas.ca\/fr\/wp-content\/uploads\/sites\/2\/2024\/07\/NNAS-SiteIMG_Masthead_1380x450_9.jpg","type":"image\/jpeg"}],"twitter_card":"summary_large_image","twitter_misc":{"Estimation du temps de lecture":"4 minutes"},"schema":{"@context":"https:\/\/schema.org","@graph":[{"@type":"WebPage","@id":"https:\/\/www.nnas.ca\/fr\/priorites-et-strategies\/","url":"https:\/\/www.nnas.ca\/fr\/priorites-et-strategies\/","name":"Priorit\u00e9s et strat\u00e9gies\u00a0 - Service national d&#039;evaluation infirmi\u00e8re","isPartOf":{"@id":"https:\/\/www.nnas.ca\/fr\/#website"},"primaryImageOfPage":{"@id":"https:\/\/www.nnas.ca\/fr\/priorites-et-strategies\/#primaryimage"},"image":{"@id":"https:\/\/www.nnas.ca\/fr\/priorites-et-strategies\/#primaryimage"},"thumbnailUrl":"https:\/\/www.nnas.ca\/fr\/wp-content\/uploads\/sites\/2\/2024\/07\/NNAS-SiteIMG_Masthead_1380x450_9.jpg","datePublished":"2024-07-12T18:42:00+00:00","dateModified":"2025-10-01T18:41:58+00:00","breadcrumb":{"@id":"https:\/\/www.nnas.ca\/fr\/priorites-et-strategies\/#breadcrumb"},"inLanguage":"fr-CA","potentialAction":[{"@type":"ReadAction","target":["https:\/\/www.nnas.ca\/fr\/priorites-et-strategies\/"]}]},{"@type":"ImageObject","inLanguage":"fr-CA","@id":"https:\/\/www.nnas.ca\/fr\/priorites-et-strategies\/#primaryimage","url":"https:\/\/www.nnas.ca\/fr\/wp-content\/uploads\/sites\/2\/2024\/07\/NNAS-SiteIMG_Masthead_1380x450_9.jpg","contentUrl":"https:\/\/www.nnas.ca\/fr\/wp-content\/uploads\/sites\/2\/2024\/07\/NNAS-SiteIMG_Masthead_1380x450_9.jpg","width":1380,"height":450},{"@type":"BreadcrumbList","@id":"https:\/\/www.nnas.ca\/fr\/priorites-et-strategies\/#breadcrumb","itemListElement":[{"@type":"ListItem","position":1,"name":"Home","item":"https:\/\/www.nnas.ca\/fr\/"},{"@type":"ListItem","position":2,"name":"Priorit\u00e9s et strat\u00e9gies\u00a0"}]},{"@type":"WebSite","@id":"https:\/\/www.nnas.ca\/fr\/#website","url":"https:\/\/www.nnas.ca\/fr\/","name":"Service national d&#039;evaluation infirmi\u00e8re","description":"","potentialAction":[{"@type":"SearchAction","target":{"@type":"EntryPoint","urlTemplate":"https:\/\/www.nnas.ca\/fr\/?s={search_term_string}"},"query-input":{"@type":"PropertyValueSpecification","valueRequired":true,"valueName":"search_term_string"}}],"inLanguage":"fr-CA"}]}},"_links":{"self":[{"href":"https:\/\/www.nnas.ca\/fr\/wp-json\/wp\/v2\/pages\/49","targetHints":{"allow":["GET"]}}],"collection":[{"href":"https:\/\/www.nnas.ca\/fr\/wp-json\/wp\/v2\/pages"}],"about":[{"href":"https:\/\/www.nnas.ca\/fr\/wp-json\/wp\/v2\/types\/page"}],"author":[{"embeddable":true,"href":"https:\/\/www.nnas.ca\/fr\/wp-json\/wp\/v2\/users\/4"}],"replies":[{"embeddable":true,"href":"https:\/\/www.nnas.ca\/fr\/wp-json\/wp\/v2\/comments?post=49"}],"version-history":[{"count":7,"href":"https:\/\/www.nnas.ca\/fr\/wp-json\/wp\/v2\/pages\/49\/revisions"}],"predecessor-version":[{"id":437,"href":"https:\/\/www.nnas.ca\/fr\/wp-json\/wp\/v2\/pages\/49\/revisions\/437"}],"wp:featuredmedia":[{"embeddable":true,"href":"https:\/\/www.nnas.ca\/fr\/wp-json\/wp\/v2\/media\/118"}],"wp:attachment":[{"href":"https:\/\/www.nnas.ca\/fr\/wp-json\/wp\/v2\/media?parent=49"}],"curies":[{"name":"wp","href":"https:\/\/api.w.org\/{rel}","templated":true}]}}