{"id":52,"date":"2024-07-12T18:51:53","date_gmt":"2024-07-12T18:51:53","guid":{"rendered":"https:\/\/www.nnas.ca\/fr\/?page_id=52"},"modified":"2024-07-16T18:30:29","modified_gmt":"2024-07-16T18:30:29","slug":"notre-role","status":"publish","type":"page","link":"https:\/\/www.nnas.ca\/fr\/notre-role\/","title":{"rendered":"Notre r\u00f4le\u00a0"},"content":{"rendered":"\n<div class=\"wp-block-zp4-group bottom-spacing-3 block-spacing-undefined\"><div class=\"layout-container\"><\/div><\/div>\n\n\n\n<div class=\"wp-block-zp4-masthead alignfull alignwide\"><div class=\"masthead\"><div class=\"image-container\"><img loading=\"lazy\" decoding=\"async\" width=\"1380\" height=\"450\" src=\"https:\/\/www.nnas.ca\/fr\/wp-content\/uploads\/sites\/2\/2024\/07\/NNAS-SiteIMG_Masthead_1380x450_9.jpg\" alt=\"\" class=\"wp-image-118\" srcset=\"https:\/\/www.nnas.ca\/fr\/wp-content\/uploads\/sites\/2\/2024\/07\/NNAS-SiteIMG_Masthead_1380x450_9.jpg 1380w, https:\/\/www.nnas.ca\/fr\/wp-content\/uploads\/sites\/2\/2024\/07\/NNAS-SiteIMG_Masthead_1380x450_9-300x98.jpg 300w, https:\/\/www.nnas.ca\/fr\/wp-content\/uploads\/sites\/2\/2024\/07\/NNAS-SiteIMG_Masthead_1380x450_9-1024x334.jpg 1024w, https:\/\/www.nnas.ca\/fr\/wp-content\/uploads\/sites\/2\/2024\/07\/NNAS-SiteIMG_Masthead_1380x450_9-768x250.jpg 768w\" sizes=\"auto, (max-width: 1380px) 100vw, 1380px\" \/><div class=\"image-overlay\" style=\"background-color:undefined;opacity:0.5\"><\/div><\/div><div class=\"content-container\"><h1>Notre r\u00f4le\u00a0<\/h1><p class=\"has-large-font-size\">Notre service d\u2019accr\u00e9ditation efficace et respect\u00e9 est la porte d\u2019entr\u00e9e pour exercer la profession infirmi\u00e8re au Canada.&nbsp;&nbsp;<\/p>\n<div class=\"wp-block-buttons is-content-justification-left is-layout-flex wp-container-core-buttons-is-layout-fc4fd283 wp-block-buttons-is-layout-flex\">\n<div class=\"wp-block-button has-custom-font-size has-medium-font-size\"><a class=\"wp-block-button__link wp-element-button\" href=\"#ourrole\">Notre r\u00f4le&nbsp;<\/a><\/div>\n\n\n\n<div class=\"wp-block-button has-custom-font-size has-medium-font-size\"><a class=\"wp-block-button__link wp-element-button\" href=\"#more\">En savoir plus sur le SNEI&nbsp;<\/a><\/div>\n\n\n<\/div>\n<\/div><\/div><\/div>\n\n\n\n<div class=\"wp-block-zp4-group block-spacing-undefined\"><div class=\"layout-container\">\n<h2 class=\"wp-block-heading\" id=\"ourrole\"><strong>Notre r\u00f4le&nbsp;<\/strong>&nbsp;<\/h2>\n\n\n\n<p>Nous sommes un service efficace et respect\u00e9 qui aide le personnel infirmier form\u00e9 \u00e0 l\u2019\u00e9tranger \u00e0 obtenir une accr\u00e9ditation pour exercer la profession au Canada. Nous recueillons et v\u00e9rifions les titres de comp\u00e9tences en sons infirmiers. Nous fournissons des renseignements fiables et v\u00e9rifi\u00e9s qui aident les organismes de r\u00e9glementation des soins infirmiers \u00e0 prendre des d\u00e9cisions en mati\u00e8re d\u2019attribution du droit d\u2019exercice de la profession infirmi\u00e8re. Nos rapports sont accept\u00e9s par tous les organismes de r\u00e9glementation des soins infirmiers au Canada (\u00e0 l\u2019exception du Qu\u00e9bec et des Territoires).&nbsp;<\/p>\n\n\n\n<p>Nous suivons un processus qui assure une approche coh\u00e9rente dans la collecte et la v\u00e9rification des documents requis. Les r\u00e9sultats obtenus sont regroup\u00e9s dans un seul document portant le nom de Rapport consultatif. Ce rapport peut \u00eatre transmis \u00e0 l\u2019organisme de r\u00e9glementation des soins infirmiers de votre choix. Nous fournissons aussi aux organismes de r\u00e9glementation une \u00e9valuation permettant de comparer votre formation aux comp\u00e9tences requises pour l\u2019admission \u00e0 la profession infirmi\u00e8re au Canada.&nbsp;&nbsp;<\/p>\n<\/div><\/div>\n\n\n\n<div class=\"wp-block-zp4-group block-spacing-undefined\"><div class=\"layout-container\">\n<h2 class=\"wp-block-heading\" id=\"more\"><strong>En savoir plus sur le SNEI&nbsp;<\/strong>&nbsp;<\/h2>\n\n\n\n<p>Le SNEI est un organisme sans but lucratif dont font partie 18\u202forganismes de r\u00e9glementation des soins infirmiers du Canada. Ces membres incluent tous les organismes de r\u00e9glementation des soins infirmiers du Canada, \u00e0 l\u2019exception de ceux du Qu\u00e9bec et des Territoires.&nbsp;<br>&nbsp;<br>Comptant plus de dix ans d\u2019exp\u00e9rience dans l\u2019encadrement du personnel infirmier form\u00e9 \u00e0 l\u2019\u00e9tranger, et fort de ses solides relations de travail avec les organismes de r\u00e9glementation des soins infirmiers, le SNEI est fier de jouer un r\u00f4le de guide fiable et bien \u00e9tabli.&nbsp;<\/p>\n\n\n\n<p><strong><strong>Pr\u00e9cision quant \u00e0 notre r\u00f4le<\/strong>&nbsp;<\/strong><\/p>\n\n\n\n<p>Le SNEI n\u2019accorde pas de permis pour exercer la profession infirmi\u00e8re. Le SNEI ne joue aucun r\u00f4le dans la prise de d\u00e9cisions concernant les permis, et le SNEI ne fait pas valoir les int\u00e9r\u00eats des personnes qui pr\u00e9sentent une demande. Seuls les organismes de r\u00e9glementation des soins infirmiers ont le pouvoir de d\u00e9cider si une demande est accept\u00e9e. Les organismes de r\u00e9glementation des soins infirmiers de chaque province d\u00e9terminent les crit\u00e8res d\u2019admission. Par cons\u00e9quent, il est important que toutes les personnes qui pr\u00e9sentent une demande examinent attentivement les exigences relatives \u00e0 l\u2019attribution du droit d\u2019exercice de l\u2019organisme de r\u00e9glementation des soins infirmiers pour lequel elles pr\u00e9sentent une demande.&nbsp;<\/p>\n<\/div><\/div>\n\n\n\n<p><\/p>\n","protected":false},"excerpt":{"rendered":"","protected":false},"author":4,"featured_media":118,"parent":0,"menu_order":0,"comment_status":"closed","ping_status":"closed","template":"","meta":{"footnotes":""},"class_list":["post-52","page","type-page","status-publish","has-post-thumbnail","hentry"],"yoast_head":"<!-- This site is optimized with the Yoast SEO plugin v27.3 - https:\/\/yoast.com\/product\/yoast-seo-wordpress\/ -->\n<title>Notre r\u00f4le\u00a0 - Service national d&#039;evaluation infirmi\u00e8re<\/title>\n<meta name=\"robots\" content=\"index, follow, max-snippet:-1, max-image-preview:large, max-video-preview:-1\" \/>\n<link rel=\"canonical\" href=\"https:\/\/www.nnas.ca\/fr\/notre-role\/\" \/>\n<meta property=\"og:locale\" content=\"fr_CA\" \/>\n<meta property=\"og:type\" content=\"article\" \/>\n<meta property=\"og:title\" content=\"Notre r\u00f4le\u00a0 - Service national d&#039;evaluation infirmi\u00e8re\" \/>\n<meta property=\"og:url\" content=\"https:\/\/www.nnas.ca\/fr\/notre-role\/\" \/>\n<meta property=\"og:site_name\" content=\"Service national d&#039;evaluation infirmi\u00e8re\" \/>\n<meta property=\"article:modified_time\" content=\"2024-07-16T18:30:29+00:00\" \/>\n<meta property=\"og:image\" content=\"https:\/\/www.nnas.ca\/fr\/wp-content\/uploads\/sites\/2\/2024\/07\/NNAS-SiteIMG_Masthead_1380x450_9.jpg\" \/>\n\t<meta property=\"og:image:width\" content=\"1380\" \/>\n\t<meta property=\"og:image:height\" content=\"450\" \/>\n\t<meta property=\"og:image:type\" content=\"image\/jpeg\" \/>\n<meta name=\"twitter:card\" content=\"summary_large_image\" \/>\n<meta name=\"twitter:label1\" content=\"Estimation du temps de lecture\" \/>\n\t<meta name=\"twitter:data1\" content=\"2 minutes\" \/>\n<script type=\"application\/ld+json\" class=\"yoast-schema-graph\">{\"@context\":\"https:\\\/\\\/schema.org\",\"@graph\":[{\"@type\":\"WebPage\",\"@id\":\"https:\\\/\\\/www.nnas.ca\\\/fr\\\/notre-role\\\/\",\"url\":\"https:\\\/\\\/www.nnas.ca\\\/fr\\\/notre-role\\\/\",\"name\":\"Notre r\u00f4le\u00a0 - Service national d&#039;evaluation infirmi\u00e8re\",\"isPartOf\":{\"@id\":\"https:\\\/\\\/www.nnas.ca\\\/fr\\\/#website\"},\"primaryImageOfPage\":{\"@id\":\"https:\\\/\\\/www.nnas.ca\\\/fr\\\/notre-role\\\/#primaryimage\"},\"image\":{\"@id\":\"https:\\\/\\\/www.nnas.ca\\\/fr\\\/notre-role\\\/#primaryimage\"},\"thumbnailUrl\":\"https:\\\/\\\/www.nnas.ca\\\/fr\\\/wp-content\\\/uploads\\\/sites\\\/2\\\/2024\\\/07\\\/NNAS-SiteIMG_Masthead_1380x450_9.jpg\",\"datePublished\":\"2024-07-12T18:51:53+00:00\",\"dateModified\":\"2024-07-16T18:30:29+00:00\",\"breadcrumb\":{\"@id\":\"https:\\\/\\\/www.nnas.ca\\\/fr\\\/notre-role\\\/#breadcrumb\"},\"inLanguage\":\"fr-CA\",\"potentialAction\":[{\"@type\":\"ReadAction\",\"target\":[\"https:\\\/\\\/www.nnas.ca\\\/fr\\\/notre-role\\\/\"]}]},{\"@type\":\"ImageObject\",\"inLanguage\":\"fr-CA\",\"@id\":\"https:\\\/\\\/www.nnas.ca\\\/fr\\\/notre-role\\\/#primaryimage\",\"url\":\"https:\\\/\\\/www.nnas.ca\\\/fr\\\/wp-content\\\/uploads\\\/sites\\\/2\\\/2024\\\/07\\\/NNAS-SiteIMG_Masthead_1380x450_9.jpg\",\"contentUrl\":\"https:\\\/\\\/www.nnas.ca\\\/fr\\\/wp-content\\\/uploads\\\/sites\\\/2\\\/2024\\\/07\\\/NNAS-SiteIMG_Masthead_1380x450_9.jpg\",\"width\":1380,\"height\":450},{\"@type\":\"BreadcrumbList\",\"@id\":\"https:\\\/\\\/www.nnas.ca\\\/fr\\\/notre-role\\\/#breadcrumb\",\"itemListElement\":[{\"@type\":\"ListItem\",\"position\":1,\"name\":\"Home\",\"item\":\"https:\\\/\\\/www.nnas.ca\\\/fr\\\/\"},{\"@type\":\"ListItem\",\"position\":2,\"name\":\"Notre r\u00f4le\u00a0\"}]},{\"@type\":\"WebSite\",\"@id\":\"https:\\\/\\\/www.nnas.ca\\\/fr\\\/#website\",\"url\":\"https:\\\/\\\/www.nnas.ca\\\/fr\\\/\",\"name\":\"Service national d&#039;evaluation infirmi\u00e8re\",\"description\":\"\",\"potentialAction\":[{\"@type\":\"SearchAction\",\"target\":{\"@type\":\"EntryPoint\",\"urlTemplate\":\"https:\\\/\\\/www.nnas.ca\\\/fr\\\/?s={search_term_string}\"},\"query-input\":{\"@type\":\"PropertyValueSpecification\",\"valueRequired\":true,\"valueName\":\"search_term_string\"}}],\"inLanguage\":\"fr-CA\"}]}<\/script>\n<!-- \/ Yoast SEO plugin. -->","yoast_head_json":{"title":"Notre r\u00f4le\u00a0 - Service national d&#039;evaluation infirmi\u00e8re","robots":{"index":"index","follow":"follow","max-snippet":"max-snippet:-1","max-image-preview":"max-image-preview:large","max-video-preview":"max-video-preview:-1"},"canonical":"https:\/\/www.nnas.ca\/fr\/notre-role\/","og_locale":"fr_CA","og_type":"article","og_title":"Notre r\u00f4le\u00a0 - Service national d&#039;evaluation infirmi\u00e8re","og_url":"https:\/\/www.nnas.ca\/fr\/notre-role\/","og_site_name":"Service national d&#039;evaluation infirmi\u00e8re","article_modified_time":"2024-07-16T18:30:29+00:00","og_image":[{"width":1380,"height":450,"url":"https:\/\/www.nnas.ca\/fr\/wp-content\/uploads\/sites\/2\/2024\/07\/NNAS-SiteIMG_Masthead_1380x450_9.jpg","type":"image\/jpeg"}],"twitter_card":"summary_large_image","twitter_misc":{"Estimation du temps de lecture":"2 minutes"},"schema":{"@context":"https:\/\/schema.org","@graph":[{"@type":"WebPage","@id":"https:\/\/www.nnas.ca\/fr\/notre-role\/","url":"https:\/\/www.nnas.ca\/fr\/notre-role\/","name":"Notre r\u00f4le\u00a0 - Service national d&#039;evaluation infirmi\u00e8re","isPartOf":{"@id":"https:\/\/www.nnas.ca\/fr\/#website"},"primaryImageOfPage":{"@id":"https:\/\/www.nnas.ca\/fr\/notre-role\/#primaryimage"},"image":{"@id":"https:\/\/www.nnas.ca\/fr\/notre-role\/#primaryimage"},"thumbnailUrl":"https:\/\/www.nnas.ca\/fr\/wp-content\/uploads\/sites\/2\/2024\/07\/NNAS-SiteIMG_Masthead_1380x450_9.jpg","datePublished":"2024-07-12T18:51:53+00:00","dateModified":"2024-07-16T18:30:29+00:00","breadcrumb":{"@id":"https:\/\/www.nnas.ca\/fr\/notre-role\/#breadcrumb"},"inLanguage":"fr-CA","potentialAction":[{"@type":"ReadAction","target":["https:\/\/www.nnas.ca\/fr\/notre-role\/"]}]},{"@type":"ImageObject","inLanguage":"fr-CA","@id":"https:\/\/www.nnas.ca\/fr\/notre-role\/#primaryimage","url":"https:\/\/www.nnas.ca\/fr\/wp-content\/uploads\/sites\/2\/2024\/07\/NNAS-SiteIMG_Masthead_1380x450_9.jpg","contentUrl":"https:\/\/www.nnas.ca\/fr\/wp-content\/uploads\/sites\/2\/2024\/07\/NNAS-SiteIMG_Masthead_1380x450_9.jpg","width":1380,"height":450},{"@type":"BreadcrumbList","@id":"https:\/\/www.nnas.ca\/fr\/notre-role\/#breadcrumb","itemListElement":[{"@type":"ListItem","position":1,"name":"Home","item":"https:\/\/www.nnas.ca\/fr\/"},{"@type":"ListItem","position":2,"name":"Notre r\u00f4le\u00a0"}]},{"@type":"WebSite","@id":"https:\/\/www.nnas.ca\/fr\/#website","url":"https:\/\/www.nnas.ca\/fr\/","name":"Service national d&#039;evaluation infirmi\u00e8re","description":"","potentialAction":[{"@type":"SearchAction","target":{"@type":"EntryPoint","urlTemplate":"https:\/\/www.nnas.ca\/fr\/?s={search_term_string}"},"query-input":{"@type":"PropertyValueSpecification","valueRequired":true,"valueName":"search_term_string"}}],"inLanguage":"fr-CA"}]}},"_links":{"self":[{"href":"https:\/\/www.nnas.ca\/fr\/wp-json\/wp\/v2\/pages\/52","targetHints":{"allow":["GET"]}}],"collection":[{"href":"https:\/\/www.nnas.ca\/fr\/wp-json\/wp\/v2\/pages"}],"about":[{"href":"https:\/\/www.nnas.ca\/fr\/wp-json\/wp\/v2\/types\/page"}],"author":[{"embeddable":true,"href":"https:\/\/www.nnas.ca\/fr\/wp-json\/wp\/v2\/users\/4"}],"replies":[{"embeddable":true,"href":"https:\/\/www.nnas.ca\/fr\/wp-json\/wp\/v2\/comments?post=52"}],"version-history":[{"count":0,"href":"https:\/\/www.nnas.ca\/fr\/wp-json\/wp\/v2\/pages\/52\/revisions"}],"wp:featuredmedia":[{"embeddable":true,"href":"https:\/\/www.nnas.ca\/fr\/wp-json\/wp\/v2\/media\/118"}],"wp:attachment":[{"href":"https:\/\/www.nnas.ca\/fr\/wp-json\/wp\/v2\/media?parent=52"}],"curies":[{"name":"wp","href":"https:\/\/api.w.org\/{rel}","templated":true}]}}