{"id":55,"date":"2024-07-12T19:02:55","date_gmt":"2024-07-12T19:02:55","guid":{"rendered":"https:\/\/www.nnas.ca\/fr\/?page_id=55"},"modified":"2024-07-18T20:10:25","modified_gmt":"2024-07-18T20:10:25","slug":"loutil-de-preparation-dune-demande","status":"publish","type":"page","link":"https:\/\/www.nnas.ca\/fr\/loutil-de-preparation-dune-demande\/","title":{"rendered":"L\u2019outil de pr\u00e9paration d\u2019une demande"},"content":{"rendered":"\n<div class=\"wp-block-zp4-group bottom-spacing-3 block-spacing-undefined\"><div class=\"layout-container\">\n<div class=\"wp-block-zp4-masthead alignfull\"><div class=\"masthead\"><div class=\"image-container\"><img decoding=\"async\" src=\"https:\/\/www.nnas.ca\/wp-content\/uploads\/2024\/07\/NNAS-SiteIMG_Masthead_1380x450_3.jpg\" alt=\"\" class=\"wp-image-963\" \/><div class=\"image-overlay\" style=\"background-color:undefined\"><\/div><\/div><div class=\"content-container\"><h1>L\u2019outil de pr\u00e9paration d\u2019une demande<\/h1><p class=\"has-large-font-size\"><strong>Avez-vous tout ce qu\u2019il vous faut pour amorcer le processus de pr\u00e9sentation d\u2019une demande aupr\u00e8s du Service national d\u2019\u00e9valuation infirmi\u00e8re (SNEI)?\u00a0<\/strong>\u00a0\u00a0<\/p>\n\n<div class=\"wp-block-buttons is-content-justification-left is-layout-flex wp-container-core-buttons-is-layout-fc4fd283 wp-block-buttons-is-layout-flex\">\n\n\n\n<\/div>\n\n<\/div><\/div><\/div>\n\n\n\n<p>Le SNEI est le point de d\u00e9part pour le personnel infirmier form\u00e9 \u00e0 l\u2019\u00e9tranger qui souhaite travailler comme infirmi\u00e8re autoris\u00e9e\/infirmier autoris\u00e9 au Canada. Nous avons un processus simplifi\u00e9 pour la collecte et la v\u00e9rification des documents que le personnel infirmier form\u00e9 \u00e0 l\u2019\u00e9tranger doit fournir aux organismes de r\u00e9glementation des soins infirmiers au Canada.&nbsp;&nbsp;&nbsp;<\/p>\n\n\n\n<p>\u00c0 partir des renseignements fournis au SNEI, nous produisons un rapport consultatif qui est transmis \u00e0 l\u2019organisme ou aux organismes de r\u00e9glementation choisis par les personnes qui pr\u00e9sentent une demande. Le SNEI produit des rapports consultatifs pour 18 organismes de r\u00e9glementation des soins infirmiers au Canada, pour les trois professions infirmi\u00e8res, c\u2019est-\u00e0-dire :&nbsp;&nbsp;&nbsp;<\/p>\n\n\n\n<ul class=\"wp-block-list\">\n<li>Les infirmi\u00e8res autoris\u00e9es\/infirmiers autoris\u00e9s (IA)&nbsp;&nbsp;<\/li>\n<\/ul>\n\n\n\n<ul class=\"wp-block-list\">\n<li>Les infirmi\u00e8res auxiliaires autoris\u00e9es\/infirmiers auxiliaires autoris\u00e9s (IAA)&nbsp;&nbsp;<\/li>\n<\/ul>\n\n\n\n<ul class=\"wp-block-list\">\n<li>Les infirmi\u00e8res psychiatriques autoris\u00e9es\/infirmiers psychiatriques autoris\u00e9s (IPA)&nbsp;&nbsp;&nbsp;<\/li>\n<\/ul>\n\n\n\n<p>L\u2019outil de pr\u00e9paration d\u2019une demande du SNEI vous aidera \u00e0 pr\u00e9parer votre demande. Avec cet outil, vous pourrez d\u00e9terminer :&nbsp;&nbsp;<\/p>\n\n\n\n<ul class=\"wp-block-list\">\n<li>Si vous \u00eates admissibles aux services fournis par le SNEI.&nbsp;&nbsp;<\/li>\n<\/ul>\n\n\n\n<ul class=\"wp-block-list\">\n<li>Si vous pouvez pr\u00e9senter votre demande en utilisant le processus de <strong><span style=\"text-decoration: underline\"><a href=\"https:\/\/www.nnas.ca\/fr\/expedited-service-french\/\" data-type=\"page\" data-id=\"12\" target=\"_blank\" rel=\"noreferrer noopener\">Service acc\u00e9l\u00e9r\u00e9<\/a><\/span><\/strong>, de <a href=\"https:\/\/www.nnas.ca\/fr\/regular-service-french\/\" data-type=\"page\" data-id=\"19\" target=\"_blank\" rel=\"noreferrer noopener\"><strong>Service r\u00e9gulier<\/strong><\/a> ou ces deux services.&nbsp;<\/li>\n<\/ul>\n\n\n\n<ul class=\"wp-block-list\">\n<li>Quels sont les documents que vous devez fournir pour pr\u00e9senter une demande.&nbsp;&nbsp;<\/li>\n<\/ul>\n\n\n\n<ul class=\"wp-block-list\">\n<li>Quels sont les renseignements additionnels que vous devrez fournir avec votre demande.&nbsp;&nbsp;&nbsp;<\/li>\n<\/ul>\n\n\n\n<p>L\u2019outil ne peut pas servir \u00e0 :&nbsp;&nbsp;<\/p>\n\n\n\n<ul class=\"wp-block-list\">\n<li>\u00c9valuer ni v\u00e9rifier en aucune fa\u00e7on vos titres de comp\u00e9tences.&nbsp;&nbsp;<\/li>\n\n\n\n<li>Pressentir une quelconque d\u00e9cision possible de la part d\u2019un organisme de r\u00e9glementation des soins infirmiers au Canada.<\/li>\n<\/ul>\n\n\n\n<p><strong>L\u2019utilisation de l\u2019outil de pr\u00e9paration d\u2019une demande<\/strong>&nbsp;&nbsp;<\/p>\n\n\n\n<ol start=\"1\" class=\"wp-block-list\">\n<li>Pour commencer \u00e0 utiliser l\u2019outil de pr\u00e9paration d\u2019une demande personnalis\u00e9e,<a href=\"https:\/\/readinesstoapply.nnas.ca\/\"> <strong><span style=\"text-decoration: underline\">cliquez ici.<\/span><\/strong><\/a>\u00a0\u00a0\u00a0<\/li>\n<\/ol>\n\n\n\n<ol start=\"2\" class=\"wp-block-list\">\n<li>Entrez votre adresse de courriel (facultative).&nbsp;&nbsp;<\/li>\n<\/ol>\n\n\n\n<ol start=\"3\" class=\"wp-block-list\">\n<li>Indiquez dans quelle langue vous voulez utiliser l\u2019outil, soit en fran\u00e7ais ou en anglais.&nbsp;&nbsp;&nbsp;<\/li>\n<\/ol>\n\n\n\n<ol start=\"4\" class=\"wp-block-list\">\n<li>Indiquez si vous voulez r\u00e9pondre aux questions pour le <strong><span style=\"text-decoration: underline\"><a href=\"https:\/\/www.nnas.ca\/fr\/expedited-service-french\/\" data-type=\"page\" data-id=\"12\" target=\"_blank\" rel=\"noreferrer noopener\">Service acc\u00e9l\u00e9r\u00e9<\/a><\/span><\/strong> ou le <a href=\"https:\/\/www.nnas.ca\/fr\/regular-service-french\/\" data-type=\"page\" data-id=\"19\" target=\"_blank\" rel=\"noreferrer noopener\"><strong><span style=\"text-decoration: underline\">Service r\u00e9gulier<\/span><\/strong><\/a>. Si les deux services vous int\u00e9ressent, vous devrez r\u00e9pondre \u00e0 deux s\u00e9ries de questions.&nbsp;&nbsp;&nbsp;<\/li>\n<\/ol>\n\n\n\n<ol start=\"5\" class=\"wp-block-list\">\n<li>R\u00e9pondez \u00e0 toutes les questions. Il pourrait vous \u00eatre utile de consulter le <strong><span style=\"text-decoration: underline\"><a href=\"https:\/\/www.nnas.ca\/fr\/wp-content\/uploads\/sites\/2\/2024\/07\/NNAS-ApplicantHandbook-FRE-ExpeditedVersion.pdf\" target=\"_blank\" rel=\"noreferrer noopener\">Guide de demande pour le service acc\u00e9l\u00e9r\u00e9<\/a><\/span><\/strong> et le <a href=\"https:\/\/www.nnas.ca\/fr\/wp-content\/uploads\/sites\/2\/2024\/07\/NNAS-ApplicantHandbook-FRE.pdf\" data-type=\"attachment\" data-id=\"154\" target=\"_blank\" rel=\"noreferrer noopener\"><strong><span style=\"text-decoration: underline\">Guide de demande pour le service r\u00e9gulier<\/span><\/strong><\/a> pour r\u00e9pondre aux questions.&nbsp;&nbsp;<\/li>\n<\/ol>\n\n\n\n<ol start=\"6\" class=\"wp-block-list\">\n<li>En fonction de vos r\u00e9ponses, une liste de v\u00e9rification personnalis\u00e9e sera cr\u00e9\u00e9e dans le but de v\u00e9rifier votre degr\u00e9 de pr\u00e9paration en vue d\u2019amorcer le processus de pr\u00e9sentation d\u2019une demande aupr\u00e8s du SNEI.&nbsp;&nbsp;<\/li>\n<\/ol>\n\n\n\n<ol start=\"7\" class=\"wp-block-list\">\n<li>T\u00e9l\u00e9chargez votre liste de v\u00e9rification en version PDF. Vos r\u00e9ponses ne seront pas sauvegard\u00e9es lorsque vous quitterez la page des r\u00e9sultats. Bien que nous fassions tout ce que nous pouvons pour nous assurer que cet outil soit pr\u00e9cis et \u00e0 jour, celui-ci ne peut pas tenir compte de toutes les situations. Veuillez l\u2019utiliser en gardant \u00e0 l\u2019esprit qu\u2019il sert seulement de guide.&nbsp;<\/li>\n<\/ol>\n\n\n\n<ol start=\"8\" class=\"wp-block-list\">\n<li>Pr\u00eate ou pr\u00eat \u00e0 commencer vos d\u00e9marches aupr\u00e8s du SNEI? <strong><span style=\"text-decoration: underline\"><a href=\"https:\/\/my.nnas.ca\/nnasweb\/system\/IEN\/2\" data-type=\"link\" data-id=\"https:\/\/my.nnas.ca\/nnasweb\/system\/IEN\/2\">Cliquez ici<\/a><\/span><\/strong> pour cr\u00e9er un compte et commencer le processus de demande.&nbsp;&nbsp;<\/li>\n<\/ol>\n\n\n\n<div class=\"wp-block-columns is-layout-flex wp-container-core-columns-is-layout-28f84493 wp-block-columns-is-layout-flex\">\n<div class=\"wp-block-column is-layout-flow wp-block-column-is-layout-flow\" style=\"flex-basis:25%\"><\/div>\n\n\n\n<div class=\"wp-block-column is-layout-flow wp-block-column-is-layout-flow\" style=\"flex-basis:50%\">\n<div class=\"wp-block-buttons is-content-justification-center is-layout-flex wp-container-core-buttons-is-layout-a89b3969 wp-block-buttons-is-layout-flex\">\n<div class=\"wp-block-button\"><a class=\"wp-block-button__link wp-element-button\" href=\"https:\/\/readinesstoapply.nnas.ca\/\">Cliquez ici pour acc\u00e9der \u00e0 l\u2019outil de pr\u00e9paration d\u2019une demande.&nbsp;<\/a><\/div>\n<\/div>\n<\/div>\n\n\n\n<div class=\"wp-block-column is-layout-flow wp-block-column-is-layout-flow\" style=\"flex-basis:25%\"><\/div>\n<\/div>\n<\/div><\/div>\n","protected":false},"excerpt":{"rendered":"","protected":false},"author":4,"featured_media":0,"parent":0,"menu_order":0,"comment_status":"closed","ping_status":"closed","template":"","meta":{"footnotes":""},"class_list":["post-55","page","type-page","status-publish","hentry"],"yoast_head":"<!-- This site is optimized with the Yoast SEO plugin v27.3 - https:\/\/yoast.com\/product\/yoast-seo-wordpress\/ -->\n<title>L\u2019outil de pr\u00e9paration d\u2019une demande - Service national d&#039;evaluation infirmi\u00e8re<\/title>\n<meta name=\"robots\" content=\"index, follow, max-snippet:-1, max-image-preview:large, max-video-preview:-1\" \/>\n<link rel=\"canonical\" href=\"https:\/\/www.nnas.ca\/fr\/loutil-de-preparation-dune-demande\/\" \/>\n<meta property=\"og:locale\" content=\"fr_CA\" \/>\n<meta property=\"og:type\" content=\"article\" \/>\n<meta property=\"og:title\" content=\"L\u2019outil de pr\u00e9paration d\u2019une demande - Service national d&#039;evaluation infirmi\u00e8re\" \/>\n<meta property=\"og:url\" content=\"https:\/\/www.nnas.ca\/fr\/loutil-de-preparation-dune-demande\/\" \/>\n<meta property=\"og:site_name\" content=\"Service national d&#039;evaluation infirmi\u00e8re\" \/>\n<meta property=\"article:modified_time\" content=\"2024-07-18T20:10:25+00:00\" \/>\n<meta property=\"og:image\" content=\"https:\/\/www.nnas.ca\/wp-content\/uploads\/2024\/07\/NNAS-SiteIMG_Masthead_1380x450_3.jpg\" \/>\n<meta name=\"twitter:card\" content=\"summary_large_image\" \/>\n<meta name=\"twitter:label1\" content=\"Estimation du temps de lecture\" \/>\n\t<meta name=\"twitter:data1\" content=\"3 minutes\" \/>\n<script type=\"application\/ld+json\" class=\"yoast-schema-graph\">{\"@context\":\"https:\\\/\\\/schema.org\",\"@graph\":[{\"@type\":\"WebPage\",\"@id\":\"https:\\\/\\\/www.nnas.ca\\\/fr\\\/loutil-de-preparation-dune-demande\\\/\",\"url\":\"https:\\\/\\\/www.nnas.ca\\\/fr\\\/loutil-de-preparation-dune-demande\\\/\",\"name\":\"L\u2019outil de pr\u00e9paration d\u2019une demande - Service national d&#039;evaluation infirmi\u00e8re\",\"isPartOf\":{\"@id\":\"https:\\\/\\\/www.nnas.ca\\\/fr\\\/#website\"},\"primaryImageOfPage\":{\"@id\":\"https:\\\/\\\/www.nnas.ca\\\/fr\\\/loutil-de-preparation-dune-demande\\\/#primaryimage\"},\"image\":{\"@id\":\"https:\\\/\\\/www.nnas.ca\\\/fr\\\/loutil-de-preparation-dune-demande\\\/#primaryimage\"},\"thumbnailUrl\":\"https:\\\/\\\/www.nnas.ca\\\/wp-content\\\/uploads\\\/2024\\\/07\\\/NNAS-SiteIMG_Masthead_1380x450_3.jpg\",\"datePublished\":\"2024-07-12T19:02:55+00:00\",\"dateModified\":\"2024-07-18T20:10:25+00:00\",\"breadcrumb\":{\"@id\":\"https:\\\/\\\/www.nnas.ca\\\/fr\\\/loutil-de-preparation-dune-demande\\\/#breadcrumb\"},\"inLanguage\":\"fr-CA\",\"potentialAction\":[{\"@type\":\"ReadAction\",\"target\":[\"https:\\\/\\\/www.nnas.ca\\\/fr\\\/loutil-de-preparation-dune-demande\\\/\"]}]},{\"@type\":\"ImageObject\",\"inLanguage\":\"fr-CA\",\"@id\":\"https:\\\/\\\/www.nnas.ca\\\/fr\\\/loutil-de-preparation-dune-demande\\\/#primaryimage\",\"url\":\"https:\\\/\\\/www.nnas.ca\\\/wp-content\\\/uploads\\\/2024\\\/07\\\/NNAS-SiteIMG_Masthead_1380x450_3.jpg\",\"contentUrl\":\"https:\\\/\\\/www.nnas.ca\\\/wp-content\\\/uploads\\\/2024\\\/07\\\/NNAS-SiteIMG_Masthead_1380x450_3.jpg\"},{\"@type\":\"BreadcrumbList\",\"@id\":\"https:\\\/\\\/www.nnas.ca\\\/fr\\\/loutil-de-preparation-dune-demande\\\/#breadcrumb\",\"itemListElement\":[{\"@type\":\"ListItem\",\"position\":1,\"name\":\"Home\",\"item\":\"https:\\\/\\\/www.nnas.ca\\\/fr\\\/\"},{\"@type\":\"ListItem\",\"position\":2,\"name\":\"L\u2019outil de pr\u00e9paration d\u2019une demande\"}]},{\"@type\":\"WebSite\",\"@id\":\"https:\\\/\\\/www.nnas.ca\\\/fr\\\/#website\",\"url\":\"https:\\\/\\\/www.nnas.ca\\\/fr\\\/\",\"name\":\"Service national d&#039;evaluation infirmi\u00e8re\",\"description\":\"\",\"potentialAction\":[{\"@type\":\"SearchAction\",\"target\":{\"@type\":\"EntryPoint\",\"urlTemplate\":\"https:\\\/\\\/www.nnas.ca\\\/fr\\\/?s={search_term_string}\"},\"query-input\":{\"@type\":\"PropertyValueSpecification\",\"valueRequired\":true,\"valueName\":\"search_term_string\"}}],\"inLanguage\":\"fr-CA\"}]}<\/script>\n<!-- \/ Yoast SEO plugin. -->","yoast_head_json":{"title":"L\u2019outil de pr\u00e9paration d\u2019une demande - Service national d&#039;evaluation infirmi\u00e8re","robots":{"index":"index","follow":"follow","max-snippet":"max-snippet:-1","max-image-preview":"max-image-preview:large","max-video-preview":"max-video-preview:-1"},"canonical":"https:\/\/www.nnas.ca\/fr\/loutil-de-preparation-dune-demande\/","og_locale":"fr_CA","og_type":"article","og_title":"L\u2019outil de pr\u00e9paration d\u2019une demande - Service national d&#039;evaluation infirmi\u00e8re","og_url":"https:\/\/www.nnas.ca\/fr\/loutil-de-preparation-dune-demande\/","og_site_name":"Service national d&#039;evaluation infirmi\u00e8re","article_modified_time":"2024-07-18T20:10:25+00:00","og_image":[{"url":"https:\/\/www.nnas.ca\/wp-content\/uploads\/2024\/07\/NNAS-SiteIMG_Masthead_1380x450_3.jpg","type":"","width":"","height":""}],"twitter_card":"summary_large_image","twitter_misc":{"Estimation du temps de lecture":"3 minutes"},"schema":{"@context":"https:\/\/schema.org","@graph":[{"@type":"WebPage","@id":"https:\/\/www.nnas.ca\/fr\/loutil-de-preparation-dune-demande\/","url":"https:\/\/www.nnas.ca\/fr\/loutil-de-preparation-dune-demande\/","name":"L\u2019outil de pr\u00e9paration d\u2019une demande - Service national d&#039;evaluation infirmi\u00e8re","isPartOf":{"@id":"https:\/\/www.nnas.ca\/fr\/#website"},"primaryImageOfPage":{"@id":"https:\/\/www.nnas.ca\/fr\/loutil-de-preparation-dune-demande\/#primaryimage"},"image":{"@id":"https:\/\/www.nnas.ca\/fr\/loutil-de-preparation-dune-demande\/#primaryimage"},"thumbnailUrl":"https:\/\/www.nnas.ca\/wp-content\/uploads\/2024\/07\/NNAS-SiteIMG_Masthead_1380x450_3.jpg","datePublished":"2024-07-12T19:02:55+00:00","dateModified":"2024-07-18T20:10:25+00:00","breadcrumb":{"@id":"https:\/\/www.nnas.ca\/fr\/loutil-de-preparation-dune-demande\/#breadcrumb"},"inLanguage":"fr-CA","potentialAction":[{"@type":"ReadAction","target":["https:\/\/www.nnas.ca\/fr\/loutil-de-preparation-dune-demande\/"]}]},{"@type":"ImageObject","inLanguage":"fr-CA","@id":"https:\/\/www.nnas.ca\/fr\/loutil-de-preparation-dune-demande\/#primaryimage","url":"https:\/\/www.nnas.ca\/wp-content\/uploads\/2024\/07\/NNAS-SiteIMG_Masthead_1380x450_3.jpg","contentUrl":"https:\/\/www.nnas.ca\/wp-content\/uploads\/2024\/07\/NNAS-SiteIMG_Masthead_1380x450_3.jpg"},{"@type":"BreadcrumbList","@id":"https:\/\/www.nnas.ca\/fr\/loutil-de-preparation-dune-demande\/#breadcrumb","itemListElement":[{"@type":"ListItem","position":1,"name":"Home","item":"https:\/\/www.nnas.ca\/fr\/"},{"@type":"ListItem","position":2,"name":"L\u2019outil de pr\u00e9paration d\u2019une demande"}]},{"@type":"WebSite","@id":"https:\/\/www.nnas.ca\/fr\/#website","url":"https:\/\/www.nnas.ca\/fr\/","name":"Service national d&#039;evaluation infirmi\u00e8re","description":"","potentialAction":[{"@type":"SearchAction","target":{"@type":"EntryPoint","urlTemplate":"https:\/\/www.nnas.ca\/fr\/?s={search_term_string}"},"query-input":{"@type":"PropertyValueSpecification","valueRequired":true,"valueName":"search_term_string"}}],"inLanguage":"fr-CA"}]}},"_links":{"self":[{"href":"https:\/\/www.nnas.ca\/fr\/wp-json\/wp\/v2\/pages\/55","targetHints":{"allow":["GET"]}}],"collection":[{"href":"https:\/\/www.nnas.ca\/fr\/wp-json\/wp\/v2\/pages"}],"about":[{"href":"https:\/\/www.nnas.ca\/fr\/wp-json\/wp\/v2\/types\/page"}],"author":[{"embeddable":true,"href":"https:\/\/www.nnas.ca\/fr\/wp-json\/wp\/v2\/users\/4"}],"replies":[{"embeddable":true,"href":"https:\/\/www.nnas.ca\/fr\/wp-json\/wp\/v2\/comments?post=55"}],"version-history":[{"count":1,"href":"https:\/\/www.nnas.ca\/fr\/wp-json\/wp\/v2\/pages\/55\/revisions"}],"predecessor-version":[{"id":282,"href":"https:\/\/www.nnas.ca\/fr\/wp-json\/wp\/v2\/pages\/55\/revisions\/282"}],"wp:attachment":[{"href":"https:\/\/www.nnas.ca\/fr\/wp-json\/wp\/v2\/media?parent=55"}],"curies":[{"name":"wp","href":"https:\/\/api.w.org\/{rel}","templated":true}]}}