{"id":62,"date":"2024-07-12T19:10:38","date_gmt":"2024-07-12T19:10:38","guid":{"rendered":"https:\/\/www.nnas.ca\/fr\/?page_id=62"},"modified":"2024-07-16T20:13:46","modified_gmt":"2024-07-16T20:13:46","slug":"politiques-devaluation","status":"publish","type":"page","link":"https:\/\/www.nnas.ca\/fr\/politiques-devaluation\/","title":{"rendered":"Politiques d\u2019\u00e9valuation"},"content":{"rendered":"\n<div class=\"wp-block-zp4-group block-spacing-undefined\"><div class=\"layout-container\">\n<div class=\"wp-block-zp4-masthead alignfull\"><div class=\"masthead\"><div class=\"image-container\"><img loading=\"lazy\" decoding=\"async\" width=\"1380\" height=\"450\" src=\"https:\/\/www.nnas.ca\/fr\/wp-content\/uploads\/sites\/2\/2024\/07\/NNAS-SiteIMG_Masthead_1380x450_9.jpg\" alt=\"\" class=\"wp-image-118\" srcset=\"https:\/\/www.nnas.ca\/fr\/wp-content\/uploads\/sites\/2\/2024\/07\/NNAS-SiteIMG_Masthead_1380x450_9.jpg 1380w, https:\/\/www.nnas.ca\/fr\/wp-content\/uploads\/sites\/2\/2024\/07\/NNAS-SiteIMG_Masthead_1380x450_9-300x98.jpg 300w, https:\/\/www.nnas.ca\/fr\/wp-content\/uploads\/sites\/2\/2024\/07\/NNAS-SiteIMG_Masthead_1380x450_9-1024x334.jpg 1024w, https:\/\/www.nnas.ca\/fr\/wp-content\/uploads\/sites\/2\/2024\/07\/NNAS-SiteIMG_Masthead_1380x450_9-768x250.jpg 768w\" sizes=\"auto, (max-width: 1380px) 100vw, 1380px\" \/><div class=\"image-overlay\" style=\"background-color:undefined;opacity:0.5\"><\/div><\/div><div class=\"content-container\"><h1>Politiques d\u2019\u00e9valuation<\/h1><p class=\"has-large-font-size\"><\/p>\n<div class=\"wp-block-buttons is-content-justification-left is-layout-flex wp-container-core-buttons-is-layout-fc4fd283 wp-block-buttons-is-layout-flex\">\n\n\n\n<\/div>\n<\/div><\/div><\/div>\n<\/div><\/div>\n\n\n\n<h2 class=\"wp-block-heading\"><a href=\"https:\/\/www.nnas.ca\/fr\/wp-content\/uploads\/sites\/2\/2024\/07\/P-A102-Error-Identification-and-Reporting20240619-FR.pdf\" data-type=\"link\" data-id=\"https:\/\/www.nnas.ca\/fr\/wp-content\/uploads\/sites\/2\/2024\/07\/P-A102-Error-Identification-and-Reporting20240619-FR.pdf\"><span style=\"text-decoration: underline;\"><strong>1. Politique en mati\u00e8re d\u2019identification et de signalement des erreurs<\/strong><\/span><\/a><\/h2>\n\n\n\n<h2 class=\"wp-block-heading\"><a href=\"https:\/\/www.nnas.ca\/fr\/wp-content\/uploads\/sites\/2\/2024\/07\/P-A103-Privacy-20240619-APPROVED-_FR.pdf\" data-type=\"attachment\" data-id=\"134\"><span style=\"text-decoration: underline;\"><strong>2. Politique sur la protection des renseignements personnels<\/strong><\/span><\/a><\/h2>\n\n\n\n<h2 class=\"wp-block-heading\"><a href=\"https:\/\/www.nnas.ca\/fr\/wp-content\/uploads\/sites\/2\/2024\/07\/P-A104-Complaints-20240519-APPROVED_FR.pdf\" data-type=\"attachment\" data-id=\"133\"><strong><span style=\"text-decoration: underline;\">3. Politique en mati\u00e8re de plaintes<\/span><\/strong><\/a><\/h2>\n\n\n\n<h2 class=\"wp-block-heading\"><a href=\"https:\/\/www.nnas.ca\/fr\/wp-content\/uploads\/sites\/2\/2024\/07\/P-A105-Refund-Policy-20240619.pdf\" data-type=\"attachment\" data-id=\"132\"><strong><span style=\"text-decoration: underline;\">4. Politique en mati\u00e8re de remboursement<\/span><\/strong><\/a><\/h2>\n\n\n\n<h2 class=\"wp-block-heading\"><a href=\"https:\/\/www.nnas.ca\/fr\/wp-content\/uploads\/sites\/2\/2024\/07\/P-A106-Fraudulent-Irregular-Documents-20240619-FR.pdf\" data-type=\"attachment\" data-id=\"131\"><strong><span style=\"text-decoration: underline;\">5. Politique en mati\u00e8re de documents frauduleux et non conformes<\/span><\/strong><\/a><\/h2>\n\n\n\n<h2 class=\"wp-block-heading\"><strong><span style=\"text-decoration: underline\"><a href=\"https:\/\/www.nnas.ca\/fr\/wp-content\/uploads\/sites\/2\/2024\/07\/SNEI_Le_processus_dappel-FR-20240619.pdf\" data-type=\"link\" data-id=\"https:\/\/www.nnas.ca\/fr\/wp-content\/uploads\/sites\/2\/2024\/07\/SNEI_Le_processus_dappel-FR-20240619.pdf\">6. <strong>Proc\u00e9dure d\u2019appel<\/strong><\/a><\/span><\/strong><\/h2>\n\n\n\n<h2 class=\"wp-block-heading\"><strong><span style=\"text-decoration: underline\"><a href=\"https:\/\/www.nnas.ca\/fr\/wp-content\/uploads\/sites\/2\/2024\/07\/FAQs-Assessment-Policies-20240619-FR.pdf\" data-type=\"link\" data-id=\"https:\/\/www.nnas.ca\/fr\/wp-content\/uploads\/sites\/2\/2024\/07\/FAQs-Assessment-Policies-20240619-FR.pdf\">7. <strong>FAQ sur les politiques d\u2019\u00e9valuation<\/strong><\/a><\/span><\/strong><\/h2>\n\n\n\n<h2 class=\"wp-block-heading\">8. <strong>Processus d\u2019\u00e9valuation de remplacement<\/strong>&nbsp;<\/h2>\n\n\n\n<p>Le SNEI pr\u00e9voit un processus d\u2019\u00e9valuation de remplacement \u00e0 l\u2019intention d\u2019un petit nombre de personnes qui pr\u00e9sentent une demande et qui, en raison de situations majeures et persistantes ind\u00e9pendantes de leur volont\u00e9, sont incapables de fournir une partie ou la totalit\u00e9 des documents v\u00e9rifiables requis pour terminer le processus de demande aupr\u00e8s du SNEI.&nbsp;<\/p>\n\n\n\n<p>Pour que votre situation soit examin\u00e9e dans le cadre du Processus d\u2019\u00e9valuation de remplacement, veuillez <a href=\"mailto:inaccessibledocuments@nnas.ca\" target=\"_blank\" rel=\"noreferrer noopener\"><strong><span style=\"text-decoration: underline\">cliquer ici<\/span><\/strong><\/a>.<\/p>\n","protected":false},"excerpt":{"rendered":"<p>1. Politique en mati\u00e8re d\u2019identification et de signalement des erreurs 2. Politique sur la protection des renseignements personnels 3. Politique en mati\u00e8re de plaintes 4. Politique en mati\u00e8re de remboursement 5. Politique en mati\u00e8re de documents frauduleux et non conformes 6. Proc\u00e9dure d\u2019appel 7. FAQ sur les politiques d\u2019\u00e9valuation 8. Processus d\u2019\u00e9valuation de remplacement&nbsp; Le [&hellip;]<\/p>\n","protected":false},"author":5,"featured_media":118,"parent":0,"menu_order":0,"comment_status":"closed","ping_status":"closed","template":"","meta":{"footnotes":""},"class_list":["post-62","page","type-page","status-publish","has-post-thumbnail","hentry"],"yoast_head":"<!-- This site is optimized with the Yoast SEO plugin v27.3 - https:\/\/yoast.com\/product\/yoast-seo-wordpress\/ -->\n<title>Politiques d\u2019\u00e9valuation - Service national d&#039;evaluation infirmi\u00e8re<\/title>\n<meta name=\"robots\" content=\"index, follow, max-snippet:-1, max-image-preview:large, max-video-preview:-1\" \/>\n<link rel=\"canonical\" href=\"https:\/\/www.nnas.ca\/fr\/politiques-devaluation\/\" \/>\n<meta property=\"og:locale\" content=\"fr_CA\" \/>\n<meta property=\"og:type\" content=\"article\" \/>\n<meta property=\"og:title\" content=\"Politiques d\u2019\u00e9valuation - Service national d&#039;evaluation infirmi\u00e8re\" \/>\n<meta property=\"og:description\" content=\"1. Politique en mati\u00e8re d\u2019identification et de signalement des erreurs 2. Politique sur la protection des renseignements personnels 3. Politique en mati\u00e8re de plaintes 4. Politique en mati\u00e8re de remboursement 5. Politique en mati\u00e8re de documents frauduleux et non conformes 6. Proc\u00e9dure d\u2019appel 7. FAQ sur les politiques d\u2019\u00e9valuation 8. Processus d\u2019\u00e9valuation de remplacement&nbsp; Le [&hellip;]\" \/>\n<meta property=\"og:url\" content=\"https:\/\/www.nnas.ca\/fr\/politiques-devaluation\/\" \/>\n<meta property=\"og:site_name\" content=\"Service national d&#039;evaluation infirmi\u00e8re\" \/>\n<meta property=\"article:modified_time\" content=\"2024-07-16T20:13:46+00:00\" \/>\n<meta property=\"og:image\" content=\"https:\/\/www.nnas.ca\/fr\/wp-content\/uploads\/sites\/2\/2024\/07\/NNAS-SiteIMG_Masthead_1380x450_9.jpg\" \/>\n\t<meta property=\"og:image:width\" content=\"1380\" \/>\n\t<meta property=\"og:image:height\" content=\"450\" \/>\n\t<meta property=\"og:image:type\" content=\"image\/jpeg\" \/>\n<meta name=\"twitter:card\" content=\"summary_large_image\" \/>\n<meta name=\"twitter:label1\" content=\"Estimation du temps de lecture\" \/>\n\t<meta name=\"twitter:data1\" content=\"1 minute\" \/>\n<script type=\"application\/ld+json\" class=\"yoast-schema-graph\">{\"@context\":\"https:\\\/\\\/schema.org\",\"@graph\":[{\"@type\":\"WebPage\",\"@id\":\"https:\\\/\\\/www.nnas.ca\\\/fr\\\/politiques-devaluation\\\/\",\"url\":\"https:\\\/\\\/www.nnas.ca\\\/fr\\\/politiques-devaluation\\\/\",\"name\":\"Politiques d\u2019\u00e9valuation - Service national d&#039;evaluation infirmi\u00e8re\",\"isPartOf\":{\"@id\":\"https:\\\/\\\/www.nnas.ca\\\/fr\\\/#website\"},\"primaryImageOfPage\":{\"@id\":\"https:\\\/\\\/www.nnas.ca\\\/fr\\\/politiques-devaluation\\\/#primaryimage\"},\"image\":{\"@id\":\"https:\\\/\\\/www.nnas.ca\\\/fr\\\/politiques-devaluation\\\/#primaryimage\"},\"thumbnailUrl\":\"https:\\\/\\\/www.nnas.ca\\\/fr\\\/wp-content\\\/uploads\\\/sites\\\/2\\\/2024\\\/07\\\/NNAS-SiteIMG_Masthead_1380x450_9.jpg\",\"datePublished\":\"2024-07-12T19:10:38+00:00\",\"dateModified\":\"2024-07-16T20:13:46+00:00\",\"breadcrumb\":{\"@id\":\"https:\\\/\\\/www.nnas.ca\\\/fr\\\/politiques-devaluation\\\/#breadcrumb\"},\"inLanguage\":\"fr-CA\",\"potentialAction\":[{\"@type\":\"ReadAction\",\"target\":[\"https:\\\/\\\/www.nnas.ca\\\/fr\\\/politiques-devaluation\\\/\"]}]},{\"@type\":\"ImageObject\",\"inLanguage\":\"fr-CA\",\"@id\":\"https:\\\/\\\/www.nnas.ca\\\/fr\\\/politiques-devaluation\\\/#primaryimage\",\"url\":\"https:\\\/\\\/www.nnas.ca\\\/fr\\\/wp-content\\\/uploads\\\/sites\\\/2\\\/2024\\\/07\\\/NNAS-SiteIMG_Masthead_1380x450_9.jpg\",\"contentUrl\":\"https:\\\/\\\/www.nnas.ca\\\/fr\\\/wp-content\\\/uploads\\\/sites\\\/2\\\/2024\\\/07\\\/NNAS-SiteIMG_Masthead_1380x450_9.jpg\",\"width\":1380,\"height\":450},{\"@type\":\"BreadcrumbList\",\"@id\":\"https:\\\/\\\/www.nnas.ca\\\/fr\\\/politiques-devaluation\\\/#breadcrumb\",\"itemListElement\":[{\"@type\":\"ListItem\",\"position\":1,\"name\":\"Home\",\"item\":\"https:\\\/\\\/www.nnas.ca\\\/fr\\\/\"},{\"@type\":\"ListItem\",\"position\":2,\"name\":\"Politiques d\u2019\u00e9valuation\"}]},{\"@type\":\"WebSite\",\"@id\":\"https:\\\/\\\/www.nnas.ca\\\/fr\\\/#website\",\"url\":\"https:\\\/\\\/www.nnas.ca\\\/fr\\\/\",\"name\":\"Service national d&#039;evaluation infirmi\u00e8re\",\"description\":\"\",\"potentialAction\":[{\"@type\":\"SearchAction\",\"target\":{\"@type\":\"EntryPoint\",\"urlTemplate\":\"https:\\\/\\\/www.nnas.ca\\\/fr\\\/?s={search_term_string}\"},\"query-input\":{\"@type\":\"PropertyValueSpecification\",\"valueRequired\":true,\"valueName\":\"search_term_string\"}}],\"inLanguage\":\"fr-CA\"}]}<\/script>\n<!-- \/ Yoast SEO plugin. -->","yoast_head_json":{"title":"Politiques d\u2019\u00e9valuation - Service national d&#039;evaluation infirmi\u00e8re","robots":{"index":"index","follow":"follow","max-snippet":"max-snippet:-1","max-image-preview":"max-image-preview:large","max-video-preview":"max-video-preview:-1"},"canonical":"https:\/\/www.nnas.ca\/fr\/politiques-devaluation\/","og_locale":"fr_CA","og_type":"article","og_title":"Politiques d\u2019\u00e9valuation - Service national d&#039;evaluation infirmi\u00e8re","og_description":"1. Politique en mati\u00e8re d\u2019identification et de signalement des erreurs 2. Politique sur la protection des renseignements personnels 3. Politique en mati\u00e8re de plaintes 4. Politique en mati\u00e8re de remboursement 5. Politique en mati\u00e8re de documents frauduleux et non conformes 6. Proc\u00e9dure d\u2019appel 7. FAQ sur les politiques d\u2019\u00e9valuation 8. Processus d\u2019\u00e9valuation de remplacement&nbsp; Le [&hellip;]","og_url":"https:\/\/www.nnas.ca\/fr\/politiques-devaluation\/","og_site_name":"Service national d&#039;evaluation infirmi\u00e8re","article_modified_time":"2024-07-16T20:13:46+00:00","og_image":[{"width":1380,"height":450,"url":"https:\/\/www.nnas.ca\/fr\/wp-content\/uploads\/sites\/2\/2024\/07\/NNAS-SiteIMG_Masthead_1380x450_9.jpg","type":"image\/jpeg"}],"twitter_card":"summary_large_image","twitter_misc":{"Estimation du temps de lecture":"1 minute"},"schema":{"@context":"https:\/\/schema.org","@graph":[{"@type":"WebPage","@id":"https:\/\/www.nnas.ca\/fr\/politiques-devaluation\/","url":"https:\/\/www.nnas.ca\/fr\/politiques-devaluation\/","name":"Politiques d\u2019\u00e9valuation - Service national d&#039;evaluation infirmi\u00e8re","isPartOf":{"@id":"https:\/\/www.nnas.ca\/fr\/#website"},"primaryImageOfPage":{"@id":"https:\/\/www.nnas.ca\/fr\/politiques-devaluation\/#primaryimage"},"image":{"@id":"https:\/\/www.nnas.ca\/fr\/politiques-devaluation\/#primaryimage"},"thumbnailUrl":"https:\/\/www.nnas.ca\/fr\/wp-content\/uploads\/sites\/2\/2024\/07\/NNAS-SiteIMG_Masthead_1380x450_9.jpg","datePublished":"2024-07-12T19:10:38+00:00","dateModified":"2024-07-16T20:13:46+00:00","breadcrumb":{"@id":"https:\/\/www.nnas.ca\/fr\/politiques-devaluation\/#breadcrumb"},"inLanguage":"fr-CA","potentialAction":[{"@type":"ReadAction","target":["https:\/\/www.nnas.ca\/fr\/politiques-devaluation\/"]}]},{"@type":"ImageObject","inLanguage":"fr-CA","@id":"https:\/\/www.nnas.ca\/fr\/politiques-devaluation\/#primaryimage","url":"https:\/\/www.nnas.ca\/fr\/wp-content\/uploads\/sites\/2\/2024\/07\/NNAS-SiteIMG_Masthead_1380x450_9.jpg","contentUrl":"https:\/\/www.nnas.ca\/fr\/wp-content\/uploads\/sites\/2\/2024\/07\/NNAS-SiteIMG_Masthead_1380x450_9.jpg","width":1380,"height":450},{"@type":"BreadcrumbList","@id":"https:\/\/www.nnas.ca\/fr\/politiques-devaluation\/#breadcrumb","itemListElement":[{"@type":"ListItem","position":1,"name":"Home","item":"https:\/\/www.nnas.ca\/fr\/"},{"@type":"ListItem","position":2,"name":"Politiques d\u2019\u00e9valuation"}]},{"@type":"WebSite","@id":"https:\/\/www.nnas.ca\/fr\/#website","url":"https:\/\/www.nnas.ca\/fr\/","name":"Service national d&#039;evaluation infirmi\u00e8re","description":"","potentialAction":[{"@type":"SearchAction","target":{"@type":"EntryPoint","urlTemplate":"https:\/\/www.nnas.ca\/fr\/?s={search_term_string}"},"query-input":{"@type":"PropertyValueSpecification","valueRequired":true,"valueName":"search_term_string"}}],"inLanguage":"fr-CA"}]}},"_links":{"self":[{"href":"https:\/\/www.nnas.ca\/fr\/wp-json\/wp\/v2\/pages\/62","targetHints":{"allow":["GET"]}}],"collection":[{"href":"https:\/\/www.nnas.ca\/fr\/wp-json\/wp\/v2\/pages"}],"about":[{"href":"https:\/\/www.nnas.ca\/fr\/wp-json\/wp\/v2\/types\/page"}],"author":[{"embeddable":true,"href":"https:\/\/www.nnas.ca\/fr\/wp-json\/wp\/v2\/users\/5"}],"replies":[{"embeddable":true,"href":"https:\/\/www.nnas.ca\/fr\/wp-json\/wp\/v2\/comments?post=62"}],"version-history":[{"count":0,"href":"https:\/\/www.nnas.ca\/fr\/wp-json\/wp\/v2\/pages\/62\/revisions"}],"wp:featuredmedia":[{"embeddable":true,"href":"https:\/\/www.nnas.ca\/fr\/wp-json\/wp\/v2\/media\/118"}],"wp:attachment":[{"href":"https:\/\/www.nnas.ca\/fr\/wp-json\/wp\/v2\/media?parent=62"}],"curies":[{"name":"wp","href":"https:\/\/api.w.org\/{rel}","templated":true}]}}