{"id":63,"date":"2024-07-12T19:12:16","date_gmt":"2024-07-12T19:12:16","guid":{"rendered":"https:\/\/www.nnas.ca\/fr\/?page_id=63"},"modified":"2024-07-16T18:36:46","modified_gmt":"2024-07-16T18:36:46","slug":"les-differentes-professions-infirmieres","status":"publish","type":"page","link":"https:\/\/www.nnas.ca\/fr\/les-differentes-professions-infirmieres\/","title":{"rendered":"Les diff\u00e9rentes professions infirmi\u00e8res\u00a0"},"content":{"rendered":"\n<div class=\"wp-block-zp4-group block-spacing-undefined\"><div class=\"layout-container\">\n<div class=\"wp-block-zp4-masthead alignfull\"><div class=\"masthead\"><div class=\"image-container\"><img loading=\"lazy\" decoding=\"async\" width=\"1380\" height=\"450\" src=\"https:\/\/www.nnas.ca\/fr\/wp-content\/uploads\/sites\/2\/2024\/07\/NNAS-SiteIMG_Masthead_1380x450_16.jpg\" alt=\"\" class=\"wp-image-223\" srcset=\"https:\/\/www.nnas.ca\/fr\/wp-content\/uploads\/sites\/2\/2024\/07\/NNAS-SiteIMG_Masthead_1380x450_16.jpg 1380w, https:\/\/www.nnas.ca\/fr\/wp-content\/uploads\/sites\/2\/2024\/07\/NNAS-SiteIMG_Masthead_1380x450_16-300x98.jpg 300w, https:\/\/www.nnas.ca\/fr\/wp-content\/uploads\/sites\/2\/2024\/07\/NNAS-SiteIMG_Masthead_1380x450_16-1024x334.jpg 1024w, https:\/\/www.nnas.ca\/fr\/wp-content\/uploads\/sites\/2\/2024\/07\/NNAS-SiteIMG_Masthead_1380x450_16-768x250.jpg 768w\" sizes=\"auto, (max-width: 1380px) 100vw, 1380px\" \/><div class=\"image-overlay\" style=\"background-color:undefined;opacity:0.5\"><\/div><\/div><div class=\"content-container\"><h1>Les diff\u00e9rentes professions infirmi\u00e8res\u00a0<\/h1><p class=\"has-large-font-size\">Au Canada, on compte trois professions infirmi\u00e8res r\u00e9glement\u00e9es : les infirmi\u00e8res autoris\u00e9es\/infirmiers autoris\u00e9s (IA), les infirmi\u00e8res auxiliaires autoris\u00e9es\/infirmiers auxiliaires autoris\u00e9s (IAA) et les infirmi\u00e8res psychiatriques autoris\u00e9es\/infirmiers psychiatriques autoris\u00e9s (IPA).&nbsp;<\/p>\n<div class=\"wp-block-buttons is-content-justification-left is-layout-flex wp-container-core-buttons-is-layout-fc4fd283 wp-block-buttons-is-layout-flex\">\n<div class=\"wp-block-button has-custom-font-size has-medium-font-size\"><a class=\"wp-block-button__link wp-element-button\" href=\"#RN\">Infirmi\u00e8re autoris\u00e9e\/infirmier autoris\u00e9 (IA)&nbsp;<\/a><\/div>\n\n\n\n<div class=\"wp-block-button has-custom-font-size has-medium-font-size\"><a class=\"wp-block-button__link wp-element-button\" href=\"#LPN\">Infirmi\u00e8re auxiliaire autoris\u00e9e\/infirmier auxiliaire autoris\u00e9 (IAA)&nbsp;<\/a><\/div>\n\n\n\n<div class=\"wp-block-button has-custom-font-size has-medium-font-size\"><a class=\"wp-block-button__link wp-element-button\" href=\"#RPN\">Infirmi\u00e8re psychiatrique autoris\u00e9e\/infirmier psychiatrique autoris\u00e9 (IPA)&nbsp;<\/a><\/div>\n<\/div>\n<\/div><\/div><\/div>\n\n\n\n<h2 class=\"wp-block-heading\"><strong>Survol des professions infirmi\u00e8res au Canada&nbsp;<\/strong>&nbsp;<\/h2>\n\n\n\n<p>Le titre d\u2019\u00ab infirmi\u00e8re\/infirmier \u00bb ne peut \u00eatre utilis\u00e9 que par des professionnels inscrits ou titulaires d\u2019un permis d\u2019exercice aupr\u00e8s d\u2019un ordre, d\u2019une association ou d\u2019un organisme de r\u00e9glementation des soins infirmiers dans la province canadienne o\u00f9 l\u2019on veut travailler. Cette mesure vise \u00e0 prot\u00e9ger la sant\u00e9 et la s\u00e9curit\u00e9 du public. Les organismes de r\u00e9glementation veillent en outre \u00e0 ce que le personnel infirmier r\u00e9pond aux normes en vigueur. Chaque province et territoire a ses propres r\u00e8glements; il n\u2019y a pas de processus national en mati\u00e8re d\u2019inscription ou d\u2019attribution du droit d\u2019exercice.&nbsp;<\/p>\n<\/div><\/div>\n\n\n\n<div class=\"wp-block-zp4-group block-spacing-undefined\"><div class=\"layout-container\">\n<h2 class=\"wp-block-heading\" id=\"RN\"><strong>Infirmi\u00e8re autoris\u00e9e\/infirmier autoris\u00e9 (IA)&nbsp;<\/strong>&nbsp;<\/h2>\n\n\n\n<p>Pour devenir une infirmi\u00e8re autoris\u00e9e ou un infirmier autoris\u00e9 au Canada, il faut g\u00e9n\u00e9ralement suivre un programme universitaire de quatre ans menant \u00e0 un dipl\u00f4me en soins infirmiers. Les \u00e9tudes comprennent une formation th\u00e9orique et clinique sur les soins infirmiers en m\u00e9decine et en chirurgie.&nbsp;<\/p>\n\n\n\n<p>Les IA sont des g\u00e9n\u00e9ralistes qui poss\u00e8dent des comp\u00e9tences leur permettant de travailler avec diff\u00e9rents patients et dans tous les milieux cliniques. Parfois, les IA se sp\u00e9cialisent dans un type particulier de soins infirmiers.&nbsp;<\/p>\n\n\n\n<p>Les IA re\u00e7oivent une formation pour fournir des soins directs et pour coordonner les soins fournis \u00e0 des personnes, \u00e0 des familles, \u00e0 des groupes et \u00e0 des communaut\u00e9s dans divers milieux de soins de sant\u00e9 et en collaboration avec divers professionnels de la sant\u00e9. La formation clinique pr\u00e9pare les IA \u00e0 prendre des d\u00e9cisions lorsque les besoins en mati\u00e8re de soins deviennent plus complexes.&nbsp;<\/p>\n\n\n\n<p>Il faut devenir IA avant de pouvoir obtenir une ma\u00eetrise ou un doctorat en sciences infirmi\u00e8res.&nbsp;<\/p>\n<\/div><\/div>\n\n\n\n<div class=\"wp-block-zp4-group block-spacing-undefined\"><div class=\"layout-container\">\n<h2 class=\"wp-block-heading\" id=\"LPN\"><strong>Infirmi\u00e8re auxiliaire autoris\u00e9e\/infirmier auxiliaire autoris\u00e9 (IAA)&nbsp;<\/strong>&nbsp;<\/h2>\n\n\n\n<p>Pour devenir une infirmi\u00e8re auxiliaire autoris\u00e9e ou un infirmier auxiliaire autoris\u00e9 au Canada, il faut g\u00e9n\u00e9ralement suivre un programme coll\u00e9gial de deux ou trois ans menant \u00e0 un dipl\u00f4me en soins infirmiers. Les \u00e9tudes comprennent une formation th\u00e9orique et clinique sur les soins infirmiers en m\u00e9decine et en chirurgie.&nbsp;<\/p>\n\n\n\n<p>Les IAA sont des g\u00e9n\u00e9ralistes qui poss\u00e8dent des comp\u00e9tences leur permettant de travailler avec diff\u00e9rents patients et dans tous les milieux cliniques. Parfois, les IAA se sp\u00e9cialisent dans un type particulier de soins infirmiers. Par contre, leur champ d\u2019exercice est plus limit\u00e9 que celui des IA.&nbsp;<\/p>\n\n\n\n<p>Les IAA fournissent et coordonnent les soins fournis \u00e0 des personnes, \u00e0 des familles, \u00e0 des groupes et \u00e0 des communaut\u00e9s dans divers milieux de soins de sant\u00e9 et en collaboration avec divers professionnels de la sant\u00e9. Les IAA travaillent aupr\u00e8s de patients ayant besoin de soins de diverses complexit\u00e9s, en consultation et en collaboration avec d\u2019autres professionnels de la sant\u00e9, au besoin.&nbsp;&nbsp;<\/p>\n\n\n\n<p>Comme pour tout le personnel infirmier, les IAA ont souvent la possibilit\u00e9 d\u2019exercer d\u2019autres fonctions dans le domaine des soins de sant\u00e9, y compris dans le domaine de l\u2019administration et de la gestion.&nbsp;<\/p>\n<\/div><\/div>\n\n\n\n<div class=\"wp-block-zp4-group block-spacing-undefined\"><div class=\"layout-container\">\n<h2 class=\"wp-block-heading\" id=\"RPN\"><strong>Infirmi\u00e8re psychiatrique autoris\u00e9e\/infirmier psychiatrique autoris\u00e9 (IPA)&nbsp;<\/strong>&nbsp;<\/h2>\n\n\n\n<p>La profession d\u2019infirmi\u00e8re psychiatrique autoris\u00e9e\/infirmier psychiatrique autoris\u00e9 est r\u00e9glement\u00e9e en Colombie-Britannique, en Alberta, en Saskatchewan et au Manitoba. Dans ces provinces, il faut habituellement suivre une formation en soins infirmiers de 2,5 \u00e0 4 ans au niveau coll\u00e9gial ou universitaire pour devenir IPA. Les programmes d\u2019\u00e9tudes suivis par les IPA comprennent une formation th\u00e9orique et clinique en soins infirmiers psychiatriques et g\u00e9n\u00e9raux.&nbsp;&nbsp;<\/p>\n\n\n\n<p>Les IPA fournissent des soins \u00e0 des patients ayant des besoins complexes en mati\u00e8re de probl\u00e9matiques psychosociales, de sant\u00e9 mentale et de sant\u00e9 physique. Les IPA coordonnent les soins fournis \u00e0 des personnes, \u00e0 des familles, \u00e0 des groupes et \u00e0 des communaut\u00e9s dans divers milieux de soins de sant\u00e9 et en collaboration avec divers professionnels de la sant\u00e9.&nbsp;<\/p>\n<\/div><\/div>\n\n\n\n<div class=\"wp-block-zp4-group block-spacing-undefined\"><div class=\"layout-container\">\n<h2 class=\"wp-block-heading\"><strong>Les diff\u00e9rences entre les professions&nbsp;<\/strong>&nbsp;<\/h2>\n\n\n\n<p>Au Canada, les diff\u00e9rences entre les professions infirmi\u00e8res r\u00e9sident dans :&nbsp;<\/p>\n\n\n\n<ul class=\"wp-block-list\">\n<li>le type d\u2019\u00e9tudes et de formation requis;&nbsp;<\/li>\n<\/ul>\n\n\n\n<ul class=\"wp-block-list\">\n<li>le champ d\u2019exercice.&nbsp;&nbsp;<\/li>\n<\/ul>\n\n\n\n<p>Dans une profession r\u00e9glement\u00e9e comme celle des soins infirmiers, le champ d\u2019exercice fait r\u00e9f\u00e9rence au genre de travail qu\u2019une personne est autoris\u00e9e \u00e0 faire en fonction de sa formation et de ses comp\u00e9tences, conform\u00e9ment aux politiques des organismes de r\u00e9glementation. Le champ d\u2019exercice des professions infirmi\u00e8res varie d\u2019une province \u00e0 l\u2019autre.&nbsp;&nbsp;<\/p>\n\n\n\n<p>Au Canada, la formation et l\u2019exp\u00e9rience dans l\u2019une ou l\u2019autre des professions infirmi\u00e8res peuvent donner acc\u00e8s \u00e0 des emplois dans le milieu des soins de sant\u00e9, y compris dans le domaine de l\u2019administration et de la gestion.&nbsp;<\/p>\n<\/div><\/div>\n","protected":false},"excerpt":{"rendered":"","protected":false},"author":4,"featured_media":223,"parent":0,"menu_order":0,"comment_status":"closed","ping_status":"closed","template":"","meta":{"footnotes":""},"class_list":["post-63","page","type-page","status-publish","has-post-thumbnail","hentry"],"yoast_head":"<!-- This site is optimized with the Yoast SEO plugin v27.3 - https:\/\/yoast.com\/product\/yoast-seo-wordpress\/ -->\n<title>Les diff\u00e9rentes professions infirmi\u00e8res\u00a0 - Service national d&#039;evaluation infirmi\u00e8re<\/title>\n<meta name=\"robots\" content=\"index, follow, max-snippet:-1, max-image-preview:large, max-video-preview:-1\" \/>\n<link rel=\"canonical\" href=\"https:\/\/www.nnas.ca\/fr\/les-differentes-professions-infirmieres\/\" \/>\n<meta property=\"og:locale\" content=\"fr_CA\" \/>\n<meta property=\"og:type\" content=\"article\" \/>\n<meta property=\"og:title\" content=\"Les diff\u00e9rentes professions infirmi\u00e8res\u00a0 - Service national d&#039;evaluation infirmi\u00e8re\" \/>\n<meta property=\"og:url\" content=\"https:\/\/www.nnas.ca\/fr\/les-differentes-professions-infirmieres\/\" \/>\n<meta property=\"og:site_name\" content=\"Service national d&#039;evaluation infirmi\u00e8re\" \/>\n<meta property=\"article:modified_time\" content=\"2024-07-16T18:36:46+00:00\" \/>\n<meta property=\"og:image\" content=\"https:\/\/www.nnas.ca\/fr\/wp-content\/uploads\/sites\/2\/2024\/07\/NNAS-SiteIMG_Masthead_1380x450_16.jpg\" \/>\n\t<meta property=\"og:image:width\" content=\"1380\" \/>\n\t<meta property=\"og:image:height\" content=\"450\" \/>\n\t<meta property=\"og:image:type\" content=\"image\/jpeg\" \/>\n<meta name=\"twitter:card\" content=\"summary_large_image\" \/>\n<meta name=\"twitter:label1\" content=\"Estimation du temps de lecture\" \/>\n\t<meta name=\"twitter:data1\" content=\"4 minutes\" \/>\n<script type=\"application\/ld+json\" class=\"yoast-schema-graph\">{\"@context\":\"https:\\\/\\\/schema.org\",\"@graph\":[{\"@type\":\"WebPage\",\"@id\":\"https:\\\/\\\/www.nnas.ca\\\/fr\\\/les-differentes-professions-infirmieres\\\/\",\"url\":\"https:\\\/\\\/www.nnas.ca\\\/fr\\\/les-differentes-professions-infirmieres\\\/\",\"name\":\"Les diff\u00e9rentes professions infirmi\u00e8res\u00a0 - Service national d&#039;evaluation infirmi\u00e8re\",\"isPartOf\":{\"@id\":\"https:\\\/\\\/www.nnas.ca\\\/fr\\\/#website\"},\"primaryImageOfPage\":{\"@id\":\"https:\\\/\\\/www.nnas.ca\\\/fr\\\/les-differentes-professions-infirmieres\\\/#primaryimage\"},\"image\":{\"@id\":\"https:\\\/\\\/www.nnas.ca\\\/fr\\\/les-differentes-professions-infirmieres\\\/#primaryimage\"},\"thumbnailUrl\":\"https:\\\/\\\/www.nnas.ca\\\/fr\\\/wp-content\\\/uploads\\\/sites\\\/2\\\/2024\\\/07\\\/NNAS-SiteIMG_Masthead_1380x450_16.jpg\",\"datePublished\":\"2024-07-12T19:12:16+00:00\",\"dateModified\":\"2024-07-16T18:36:46+00:00\",\"breadcrumb\":{\"@id\":\"https:\\\/\\\/www.nnas.ca\\\/fr\\\/les-differentes-professions-infirmieres\\\/#breadcrumb\"},\"inLanguage\":\"fr-CA\",\"potentialAction\":[{\"@type\":\"ReadAction\",\"target\":[\"https:\\\/\\\/www.nnas.ca\\\/fr\\\/les-differentes-professions-infirmieres\\\/\"]}]},{\"@type\":\"ImageObject\",\"inLanguage\":\"fr-CA\",\"@id\":\"https:\\\/\\\/www.nnas.ca\\\/fr\\\/les-differentes-professions-infirmieres\\\/#primaryimage\",\"url\":\"https:\\\/\\\/www.nnas.ca\\\/fr\\\/wp-content\\\/uploads\\\/sites\\\/2\\\/2024\\\/07\\\/NNAS-SiteIMG_Masthead_1380x450_16.jpg\",\"contentUrl\":\"https:\\\/\\\/www.nnas.ca\\\/fr\\\/wp-content\\\/uploads\\\/sites\\\/2\\\/2024\\\/07\\\/NNAS-SiteIMG_Masthead_1380x450_16.jpg\",\"width\":1380,\"height\":450},{\"@type\":\"BreadcrumbList\",\"@id\":\"https:\\\/\\\/www.nnas.ca\\\/fr\\\/les-differentes-professions-infirmieres\\\/#breadcrumb\",\"itemListElement\":[{\"@type\":\"ListItem\",\"position\":1,\"name\":\"Home\",\"item\":\"https:\\\/\\\/www.nnas.ca\\\/fr\\\/\"},{\"@type\":\"ListItem\",\"position\":2,\"name\":\"Les diff\u00e9rentes professions infirmi\u00e8res\u00a0\"}]},{\"@type\":\"WebSite\",\"@id\":\"https:\\\/\\\/www.nnas.ca\\\/fr\\\/#website\",\"url\":\"https:\\\/\\\/www.nnas.ca\\\/fr\\\/\",\"name\":\"Service national d&#039;evaluation infirmi\u00e8re\",\"description\":\"\",\"potentialAction\":[{\"@type\":\"SearchAction\",\"target\":{\"@type\":\"EntryPoint\",\"urlTemplate\":\"https:\\\/\\\/www.nnas.ca\\\/fr\\\/?s={search_term_string}\"},\"query-input\":{\"@type\":\"PropertyValueSpecification\",\"valueRequired\":true,\"valueName\":\"search_term_string\"}}],\"inLanguage\":\"fr-CA\"}]}<\/script>\n<!-- \/ Yoast SEO plugin. -->","yoast_head_json":{"title":"Les diff\u00e9rentes professions infirmi\u00e8res\u00a0 - Service national d&#039;evaluation infirmi\u00e8re","robots":{"index":"index","follow":"follow","max-snippet":"max-snippet:-1","max-image-preview":"max-image-preview:large","max-video-preview":"max-video-preview:-1"},"canonical":"https:\/\/www.nnas.ca\/fr\/les-differentes-professions-infirmieres\/","og_locale":"fr_CA","og_type":"article","og_title":"Les diff\u00e9rentes professions infirmi\u00e8res\u00a0 - Service national d&#039;evaluation infirmi\u00e8re","og_url":"https:\/\/www.nnas.ca\/fr\/les-differentes-professions-infirmieres\/","og_site_name":"Service national d&#039;evaluation infirmi\u00e8re","article_modified_time":"2024-07-16T18:36:46+00:00","og_image":[{"width":1380,"height":450,"url":"https:\/\/www.nnas.ca\/fr\/wp-content\/uploads\/sites\/2\/2024\/07\/NNAS-SiteIMG_Masthead_1380x450_16.jpg","type":"image\/jpeg"}],"twitter_card":"summary_large_image","twitter_misc":{"Estimation du temps de lecture":"4 minutes"},"schema":{"@context":"https:\/\/schema.org","@graph":[{"@type":"WebPage","@id":"https:\/\/www.nnas.ca\/fr\/les-differentes-professions-infirmieres\/","url":"https:\/\/www.nnas.ca\/fr\/les-differentes-professions-infirmieres\/","name":"Les diff\u00e9rentes professions infirmi\u00e8res\u00a0 - Service national d&#039;evaluation infirmi\u00e8re","isPartOf":{"@id":"https:\/\/www.nnas.ca\/fr\/#website"},"primaryImageOfPage":{"@id":"https:\/\/www.nnas.ca\/fr\/les-differentes-professions-infirmieres\/#primaryimage"},"image":{"@id":"https:\/\/www.nnas.ca\/fr\/les-differentes-professions-infirmieres\/#primaryimage"},"thumbnailUrl":"https:\/\/www.nnas.ca\/fr\/wp-content\/uploads\/sites\/2\/2024\/07\/NNAS-SiteIMG_Masthead_1380x450_16.jpg","datePublished":"2024-07-12T19:12:16+00:00","dateModified":"2024-07-16T18:36:46+00:00","breadcrumb":{"@id":"https:\/\/www.nnas.ca\/fr\/les-differentes-professions-infirmieres\/#breadcrumb"},"inLanguage":"fr-CA","potentialAction":[{"@type":"ReadAction","target":["https:\/\/www.nnas.ca\/fr\/les-differentes-professions-infirmieres\/"]}]},{"@type":"ImageObject","inLanguage":"fr-CA","@id":"https:\/\/www.nnas.ca\/fr\/les-differentes-professions-infirmieres\/#primaryimage","url":"https:\/\/www.nnas.ca\/fr\/wp-content\/uploads\/sites\/2\/2024\/07\/NNAS-SiteIMG_Masthead_1380x450_16.jpg","contentUrl":"https:\/\/www.nnas.ca\/fr\/wp-content\/uploads\/sites\/2\/2024\/07\/NNAS-SiteIMG_Masthead_1380x450_16.jpg","width":1380,"height":450},{"@type":"BreadcrumbList","@id":"https:\/\/www.nnas.ca\/fr\/les-differentes-professions-infirmieres\/#breadcrumb","itemListElement":[{"@type":"ListItem","position":1,"name":"Home","item":"https:\/\/www.nnas.ca\/fr\/"},{"@type":"ListItem","position":2,"name":"Les diff\u00e9rentes professions infirmi\u00e8res\u00a0"}]},{"@type":"WebSite","@id":"https:\/\/www.nnas.ca\/fr\/#website","url":"https:\/\/www.nnas.ca\/fr\/","name":"Service national d&#039;evaluation infirmi\u00e8re","description":"","potentialAction":[{"@type":"SearchAction","target":{"@type":"EntryPoint","urlTemplate":"https:\/\/www.nnas.ca\/fr\/?s={search_term_string}"},"query-input":{"@type":"PropertyValueSpecification","valueRequired":true,"valueName":"search_term_string"}}],"inLanguage":"fr-CA"}]}},"_links":{"self":[{"href":"https:\/\/www.nnas.ca\/fr\/wp-json\/wp\/v2\/pages\/63","targetHints":{"allow":["GET"]}}],"collection":[{"href":"https:\/\/www.nnas.ca\/fr\/wp-json\/wp\/v2\/pages"}],"about":[{"href":"https:\/\/www.nnas.ca\/fr\/wp-json\/wp\/v2\/types\/page"}],"author":[{"embeddable":true,"href":"https:\/\/www.nnas.ca\/fr\/wp-json\/wp\/v2\/users\/4"}],"replies":[{"embeddable":true,"href":"https:\/\/www.nnas.ca\/fr\/wp-json\/wp\/v2\/comments?post=63"}],"version-history":[{"count":0,"href":"https:\/\/www.nnas.ca\/fr\/wp-json\/wp\/v2\/pages\/63\/revisions"}],"wp:featuredmedia":[{"embeddable":true,"href":"https:\/\/www.nnas.ca\/fr\/wp-json\/wp\/v2\/media\/223"}],"wp:attachment":[{"href":"https:\/\/www.nnas.ca\/fr\/wp-json\/wp\/v2\/media?parent=63"}],"curies":[{"name":"wp","href":"https:\/\/api.w.org\/{rel}","templated":true}]}}