{"id":67,"date":"2024-07-12T19:22:00","date_gmt":"2024-07-12T19:22:00","guid":{"rendered":"https:\/\/www.nnas.ca\/fr\/?page_id=67"},"modified":"2026-02-25T17:51:16","modified_gmt":"2026-02-25T17:51:16","slug":"vision-mission-et-leadership","status":"publish","type":"page","link":"https:\/\/www.nnas.ca\/fr\/vision-mission-et-leadership\/","title":{"rendered":"Vision, mission et leadership\u00a0"},"content":{"rendered":"\n<div class=\"wp-block-zp4-group block-spacing-undefined\"><div class=\"layout-container\">\n<div class=\"wp-block-zp4-masthead alignfull\"><div class=\"masthead\"><div class=\"image-container\"><img loading=\"lazy\" decoding=\"async\" width=\"1380\" height=\"450\" src=\"https:\/\/www.nnas.ca\/fr\/wp-content\/uploads\/sites\/2\/2024\/07\/NNAS-SiteIMG_Masthead_1380x450_9.jpg\" alt=\"\" class=\"wp-image-118\" srcset=\"https:\/\/www.nnas.ca\/fr\/wp-content\/uploads\/sites\/2\/2024\/07\/NNAS-SiteIMG_Masthead_1380x450_9.jpg 1380w, https:\/\/www.nnas.ca\/fr\/wp-content\/uploads\/sites\/2\/2024\/07\/NNAS-SiteIMG_Masthead_1380x450_9-300x98.jpg 300w, https:\/\/www.nnas.ca\/fr\/wp-content\/uploads\/sites\/2\/2024\/07\/NNAS-SiteIMG_Masthead_1380x450_9-1024x334.jpg 1024w, https:\/\/www.nnas.ca\/fr\/wp-content\/uploads\/sites\/2\/2024\/07\/NNAS-SiteIMG_Masthead_1380x450_9-768x250.jpg 768w\" sizes=\"auto, (max-width: 1380px) 100vw, 1380px\" \/><div class=\"image-overlay\" style=\"background-color:undefined;opacity:0.5\"><\/div><\/div><div class=\"content-container\"><h1>Vision, mission et leadership\u00a0<\/h1><p class=\"has-large-font-size\"><\/p>\n<div class=\"wp-block-buttons is-content-justification-left is-layout-flex wp-container-core-buttons-is-layout-d7bdc116 wp-block-buttons-is-layout-flex\" style=\"margin-top:0;margin-bottom:0\">\n<div class=\"wp-block-button\"><a class=\"wp-block-button__link has-medium-font-size has-custom-font-size wp-element-button\" href=\"#vision\">Vision&nbsp;<\/a><\/div>\n\n\n\n<div class=\"wp-block-button\"><a class=\"wp-block-button__link has-medium-font-size has-custom-font-size wp-element-button\" href=\"#mission\">Mission<\/a><\/div>\n\n\n\n<div class=\"wp-block-button\"><a class=\"wp-block-button__link has-medium-font-size has-custom-font-size wp-element-button\" href=\"#leadership\">Leadership<\/a><\/div>\n<\/div>\n<\/div><\/div><\/div>\n<\/div><\/div>\n\n\n\n<p><\/p>\n\n\n\n<h2 class=\"wp-block-heading\" id=\"vision\">Vision<\/h2>\n\n\n\n<p>Le Service national d\u2019\u00e9valuation infirmi\u00e8re offre un service d\u2019une qualit\u00e9 sup\u00e9rieure et respecte les normes d\u2019excellence les plus \u00e9lev\u00e9es pour authentifier les titres de comp\u00e9tences et examiner la formation en soins infirmiers re\u00e7ue \u00e0 l\u2019\u00e9tranger.&nbsp;<\/p>\n\n\n\n<div class=\"wp-block-zp4-group block-spacing-undefined\"><div class=\"layout-container\">\n<h2 class=\"wp-block-heading\" id=\"mission\">Mission<\/h2>\n\n\n\n<p>Le Service national d\u2019\u00e9valuation infirmi\u00e8re offre aux infirmi\u00e8res et aux infirmiers form\u00e9s \u00e0 l\u2019\u00e9tranger un point d\u2019acc\u00e8s unique pour entreprendre le processus d\u2019accr\u00e9ditation en vue d\u2019exercer dans le domaine des soins infirmiers au Canada.&nbsp;<\/p>\n<\/div><\/div>\n\n\n\n<div class=\"wp-block-zp4-group block-spacing-undefined\"><div class=\"layout-container\">\n<h2 class=\"wp-block-heading\"><strong>Valeurs&nbsp;<\/strong>&nbsp;<\/h2>\n\n\n\n<p>Nos valeurs :&nbsp;&nbsp;<\/p>\n\n\n\n<ul class=\"wp-block-list\">\n<li>Accent mis sur le service&nbsp;<\/li>\n\n\n\n<li>Transparence&nbsp;<\/li>\n\n\n\n<li>Proactivit\u00e9 et innovation&nbsp;<\/li>\n\n\n\n<li>\u00c9quit\u00e9, diversit\u00e9 et inclusion&nbsp;<\/li>\n\n\n\n<li>Collaboration et responsabilit\u00e9&nbsp;&nbsp;<\/li>\n<\/ul>\n<\/div><\/div>\n\n\n\n<div class=\"wp-block-zp4-group block-spacing-undefined\"><div class=\"layout-container\">\n<h2 class=\"wp-block-heading\" id=\"leadership\">Leadership&nbsp;<\/h2>\n\n\n\n<p>Le SNEI est dirig\u00e9 par un conseil d\u2019administration compos\u00e9 d\u2019administrateurs et d\u2019administratrices provenant d\u2019organisations publiques et d\u2019organismes de r\u00e9glementation. Ces personnes poss\u00e8dent un ensemble diversifi\u00e9 de comp\u00e9tences, d\u2019exp\u00e9riences et de points de vue.\u202f&nbsp;&nbsp;<\/p>\n<\/div><\/div>\n\n\n\n<div class=\"wp-block-zp4-group block-spacing-undefined\"><div class=\"layout-container\">\n<h2 class=\"wp-block-heading\"><strong>Conseil d\u2019administration du SNEI<\/strong>&nbsp;<\/h2>\n\n\n\n<p>Le SNEI est dirig\u00e9 par un conseil d\u2019administration compos\u00e9 d\u2019administrateurs et d\u2019administratrices provenant d\u2019organisations publiques et d\u2019organismes de r\u00e9glementation. Ces personnes poss\u00e8dent un ensemble diversifi\u00e9 de comp\u00e9tences, d\u2019exp\u00e9riences et de points de vue.&nbsp;<\/p>\n\n\n\n<div class=\"wp-block-zp4-cards has-3-columns is-style-contained\">\n<div class=\"wp-block-zp4-card\"><div class=\"image-container\"><img loading=\"lazy\" decoding=\"async\" width=\"352\" height=\"352\" src=\"https:\/\/www.nnas.ca\/fr\/wp-content\/uploads\/sites\/2\/2025\/01\/Ken-Alger-resized.jpg\" alt=\"\" class=\"wp-image-378\" srcset=\"https:\/\/www.nnas.ca\/fr\/wp-content\/uploads\/sites\/2\/2025\/01\/Ken-Alger-resized.jpg 352w, https:\/\/www.nnas.ca\/fr\/wp-content\/uploads\/sites\/2\/2025\/01\/Ken-Alger-resized-300x300.jpg 300w, https:\/\/www.nnas.ca\/fr\/wp-content\/uploads\/sites\/2\/2025\/01\/Ken-Alger-resized-150x150.jpg 150w\" sizes=\"auto, (max-width: 352px) 100vw, 352px\" \/><\/div><div class=\"content-container \"><h3 class=\"title has-large-font-size\">Ken Alger<\/h3><p><strong>Pr\u00e9sidente du conseil d\u2019administration<\/strong><\/p><\/div><\/div>\n<\/div>\n<\/div><\/div>\n\n\n\n<h2 class=\"wp-block-heading\"><strong>Membres du CA<\/strong>&nbsp;<\/h2>\n\n\n\n<div class=\"wp-block-zp4-cards has-3-columns is-style-contained\">\n<div class=\"wp-block-zp4-card\"><div class=\"image-container\"><img loading=\"lazy\" decoding=\"async\" width=\"352\" height=\"352\" src=\"https:\/\/www.nnas.ca\/fr\/wp-content\/uploads\/sites\/2\/2025\/01\/Beverly-Balaski-resized.jpg\" alt=\"\" class=\"wp-image-379\" srcset=\"https:\/\/www.nnas.ca\/fr\/wp-content\/uploads\/sites\/2\/2025\/01\/Beverly-Balaski-resized.jpg 352w, https:\/\/www.nnas.ca\/fr\/wp-content\/uploads\/sites\/2\/2025\/01\/Beverly-Balaski-resized-300x300.jpg 300w, https:\/\/www.nnas.ca\/fr\/wp-content\/uploads\/sites\/2\/2025\/01\/Beverly-Balaski-resized-150x150.jpg 150w\" sizes=\"auto, (max-width: 352px) 100vw, 352px\" \/><\/div><div class=\"content-container \"><h3 class=\"title has-large-font-size\">Beverly Balaski<\/h3><p>Administratrice membre&nbsp;<\/p><\/div><\/div>\n\n\n\n<div class=\"wp-block-zp4-card\"><div class=\"image-container\"><img loading=\"lazy\" decoding=\"async\" width=\"352\" height=\"352\" src=\"https:\/\/www.nnas.ca\/fr\/wp-content\/uploads\/sites\/2\/2025\/01\/AEH_resized_with_border_352x352.jpg\" alt=\"\" class=\"wp-image-375\" srcset=\"https:\/\/www.nnas.ca\/fr\/wp-content\/uploads\/sites\/2\/2025\/01\/AEH_resized_with_border_352x352.jpg 352w, https:\/\/www.nnas.ca\/fr\/wp-content\/uploads\/sites\/2\/2025\/01\/AEH_resized_with_border_352x352-300x300.jpg 300w, https:\/\/www.nnas.ca\/fr\/wp-content\/uploads\/sites\/2\/2025\/01\/AEH_resized_with_border_352x352-150x150.jpg 150w\" sizes=\"auto, (max-width: 352px) 100vw, 352px\" \/><\/div><div class=\"content-container \"><h3 class=\"title has-large-font-size\">Adam Harvey<\/h3><p>Repr\u00e9sentant du public&nbsp;<\/p><\/div><\/div>\n\n\n\n<div class=\"wp-block-zp4-card\"><div class=\"image-container\"><img loading=\"lazy\" decoding=\"async\" width=\"352\" height=\"352\" src=\"https:\/\/www.nnas.ca\/fr\/wp-content\/uploads\/sites\/2\/2025\/01\/Leah-Hutt-resized.jpg\" alt=\"\" class=\"wp-image-380\" srcset=\"https:\/\/www.nnas.ca\/fr\/wp-content\/uploads\/sites\/2\/2025\/01\/Leah-Hutt-resized.jpg 352w, https:\/\/www.nnas.ca\/fr\/wp-content\/uploads\/sites\/2\/2025\/01\/Leah-Hutt-resized-300x300.jpg 300w, https:\/\/www.nnas.ca\/fr\/wp-content\/uploads\/sites\/2\/2025\/01\/Leah-Hutt-resized-150x150.jpg 150w\" sizes=\"auto, (max-width: 352px) 100vw, 352px\" \/><\/div><div class=\"content-container \"><h3 class=\"title has-large-font-size\">Leah Hutt<\/h3><p>Repr\u00e9sentant du public&nbsp;<\/p><\/div><\/div>\n\n\n\n<div class=\"wp-block-zp4-card\"><div class=\"image-container\"><img loading=\"lazy\" decoding=\"async\" width=\"352\" height=\"352\" src=\"https:\/\/www.nnas.ca\/fr\/wp-content\/uploads\/sites\/2\/2025\/01\/Melissa-Panton-resized.jpg\" alt=\"\" class=\"wp-image-382\" srcset=\"https:\/\/www.nnas.ca\/fr\/wp-content\/uploads\/sites\/2\/2025\/01\/Melissa-Panton-resized.jpg 352w, https:\/\/www.nnas.ca\/fr\/wp-content\/uploads\/sites\/2\/2025\/01\/Melissa-Panton-resized-300x300.jpg 300w, https:\/\/www.nnas.ca\/fr\/wp-content\/uploads\/sites\/2\/2025\/01\/Melissa-Panton-resized-150x150.jpg 150w\" sizes=\"auto, (max-width: 352px) 100vw, 352px\" \/><\/div><div class=\"content-container \"><h3 class=\"title has-large-font-size\">Melissa Panton<\/h3><p>Administratrice membre&nbsp;<\/p><\/div><\/div>\n\n\n\n<div class=\"wp-block-zp4-card\"><div class=\"image-container\"><img loading=\"lazy\" decoding=\"async\" width=\"352\" height=\"352\" src=\"https:\/\/www.nnas.ca\/fr\/wp-content\/uploads\/sites\/2\/2025\/01\/Ben-Rempel-resized.jpg\" alt=\"\" class=\"wp-image-383\" srcset=\"https:\/\/www.nnas.ca\/fr\/wp-content\/uploads\/sites\/2\/2025\/01\/Ben-Rempel-resized.jpg 352w, https:\/\/www.nnas.ca\/fr\/wp-content\/uploads\/sites\/2\/2025\/01\/Ben-Rempel-resized-300x300.jpg 300w, https:\/\/www.nnas.ca\/fr\/wp-content\/uploads\/sites\/2\/2025\/01\/Ben-Rempel-resized-150x150.jpg 150w\" sizes=\"auto, (max-width: 352px) 100vw, 352px\" \/><\/div><div class=\"content-container \"><h3 class=\"title has-large-font-size\">Ben Rempel<\/h3><p>Repr\u00e9sentant du public&nbsp;<\/p><\/div><\/div>\n\n\n\n<div class=\"wp-block-zp4-card\"><div class=\"image-container\"><img loading=\"lazy\" decoding=\"async\" width=\"352\" height=\"352\" src=\"https:\/\/www.nnas.ca\/fr\/wp-content\/uploads\/sites\/2\/2025\/01\/Jennifer-Breton-resized.jpg\" alt=\"\" class=\"wp-image-384\" srcset=\"https:\/\/www.nnas.ca\/fr\/wp-content\/uploads\/sites\/2\/2025\/01\/Jennifer-Breton-resized.jpg 352w, https:\/\/www.nnas.ca\/fr\/wp-content\/uploads\/sites\/2\/2025\/01\/Jennifer-Breton-resized-300x300.jpg 300w, https:\/\/www.nnas.ca\/fr\/wp-content\/uploads\/sites\/2\/2025\/01\/Jennifer-Breton-resized-150x150.jpg 150w\" sizes=\"auto, (max-width: 352px) 100vw, 352px\" \/><\/div><div class=\"content-container \"><h3 class=\"title has-large-font-size\">Jennifer Breton<\/h3><p>Administratrice membre&nbsp;<\/p><\/div><\/div>\n\n\n\n<div class=\"wp-block-zp4-card\"><div class=\"image-container\"><img loading=\"lazy\" decoding=\"async\" width=\"352\" height=\"352\" src=\"https:\/\/www.nnas.ca\/fr\/wp-content\/uploads\/sites\/2\/2025\/01\/Cheryl-Hamilton-resized.jpg\" alt=\"\" class=\"wp-image-385\" srcset=\"https:\/\/www.nnas.ca\/fr\/wp-content\/uploads\/sites\/2\/2025\/01\/Cheryl-Hamilton-resized.jpg 352w, https:\/\/www.nnas.ca\/fr\/wp-content\/uploads\/sites\/2\/2025\/01\/Cheryl-Hamilton-resized-300x300.jpg 300w, https:\/\/www.nnas.ca\/fr\/wp-content\/uploads\/sites\/2\/2025\/01\/Cheryl-Hamilton-resized-150x150.jpg 150w\" sizes=\"auto, (max-width: 352px) 100vw, 352px\" \/><\/div><div class=\"content-container \"><h3 class=\"title has-large-font-size\">Cheryl Hamilton<\/h3><p>Administratrice membre&nbsp;<\/p><\/div><\/div>\n\n\n\n<div class=\"wp-block-zp4-card\"><div class=\"image-container\"><img loading=\"lazy\" decoding=\"async\" width=\"352\" height=\"352\" src=\"https:\/\/www.nnas.ca\/fr\/wp-content\/uploads\/sites\/2\/2025\/01\/Kate-Sheppard-resized.jpg\" alt=\"\" class=\"wp-image-386\" srcset=\"https:\/\/www.nnas.ca\/fr\/wp-content\/uploads\/sites\/2\/2025\/01\/Kate-Sheppard-resized.jpg 352w, https:\/\/www.nnas.ca\/fr\/wp-content\/uploads\/sites\/2\/2025\/01\/Kate-Sheppard-resized-300x300.jpg 300w, https:\/\/www.nnas.ca\/fr\/wp-content\/uploads\/sites\/2\/2025\/01\/Kate-Sheppard-resized-150x150.jpg 150w\" sizes=\"auto, (max-width: 352px) 100vw, 352px\" \/><\/div><div class=\"content-container \"><h3 class=\"title has-large-font-size\">Kate Sheppard<\/h3><p>Administratrice membre&nbsp;<\/p><\/div><\/div>\n\n\n\n<div class=\"wp-block-zp4-card\"><div class=\"content-container no-image\"><\/div><\/div>\n\n\n\n<div class=\"wp-block-zp4-card\"><div class=\"image-container\"><img loading=\"lazy\" decoding=\"async\" width=\"614\" height=\"352\" src=\"https:\/\/www.nnas.ca\/fr\/wp-content\/uploads\/sites\/2\/2026\/02\/251210_Penni_Daeko00046-copy-614x352.jpg\" alt=\"\" class=\"wp-image-474\" \/><\/div><div class=\"content-container \"><h3 class=\"title has-large-font-size\">Penni Caron, RPN, BHA<\/h3><p>Directrice g\u00e9n\u00e9rale<\/p><\/div><\/div>\n<\/div>\n\n\n\n<h2 class=\"wp-block-heading\"><\/h2>\n\n\n\n<div class=\"wp-block-zp4-group block-spacing-undefined\"><div class=\"layout-container\">\n<h2 class=\"wp-block-heading\"><strong>Nos membres<\/strong>&nbsp;<\/h2>\n\n\n\n<h3 class=\"wp-block-heading\"><strong>Organismes membres repr\u00e9sentant le personnel infirmier autoris\u00e9&nbsp;<\/strong>&nbsp;<\/h3>\n\n\n\n<p><a href=\"https:\/\/crnnl.ca\/\" target=\"_blank\" rel=\"noreferrer noopener\">College of Registered Nurses of Newfoundland and Labrador<\/a>&nbsp;&nbsp;<\/p>\n\n\n\n<p><a href=\"https:\/\/crnpei.ca\/\" target=\"_blank\" rel=\"noreferrer noopener\">College of Registered Nurses of Prince Edward Island<\/a>&nbsp;&nbsp;<\/p>\n\n\n\n<p><a href=\"https:\/\/www.nanb.nb.ca\/\">Ordre de la pratique infirmi\u00e8re du Nouveau-Brunswick (OPINB)<\/a><\/p>\n\n\n\n<p><a href=\"https:\/\/nscn.ca\/\" target=\"_blank\" rel=\"noreferrer noopener\">Nova Scotia College of Nursing<\/a>&nbsp;&nbsp;<\/p>\n\n\n\n<p><a href=\"https:\/\/www.cno.org\/fr\/bienvenue\/\" target=\"_blank\" rel=\"noreferrer noopener\">Ordre des infirmi\u00e8res et infirmiers de l&rsquo;Ontario<\/a>&nbsp;&nbsp;<\/p>\n\n\n\n<p><a href=\"https:\/\/www.crnm.mb.ca\/\" target=\"_blank\" rel=\"noreferrer noopener\">College of Registered Nurses of Manitoba<\/a>&nbsp;&nbsp;<\/p>\n\n\n\n<p><a href=\"https:\/\/www.crns.ca\/\" target=\"_blank\" rel=\"noreferrer noopener\">College of Registered Nurses of Saskatchewan<\/a>&nbsp;&nbsp;<\/p>\n\n\n\n<p><a href=\"https:\/\/nurses.ab.ca\/\" target=\"_blank\" rel=\"noreferrer noopener\">College of Registered Nurses of Alberta<\/a>&nbsp;&nbsp;<\/p>\n\n\n\n<p><a href=\"https:\/\/www.bccnm.ca\/\" target=\"_blank\" rel=\"noreferrer noopener\">BC College of Nurses and Midwives<\/a>&nbsp;&nbsp;<\/p>\n<\/div><\/div>\n\n\n\n<div class=\"wp-block-zp4-group block-spacing-undefined\"><div class=\"layout-container\">\n<h2 class=\"wp-block-heading\"><strong>Organismes membres repr\u00e9sentant le personnel infirmier auxiliaire autoris\u00e9&nbsp;<\/strong>&nbsp;<\/h2>\n\n\n\n<p><a href=\"https:\/\/www.clpnnl.ca\/\" target=\"_blank\" rel=\"noreferrer noopener\">College of Licensed Practical Nurses Newfoundland &amp; Labrador<\/a>&nbsp;&nbsp;<\/p>\n\n\n\n<p><a href=\"https:\/\/clpnpei.ca\/\" target=\"_blank\" rel=\"noreferrer noopener\">College of Licensed Practical Nurses of Prince Edward Island<\/a>&nbsp;&nbsp;<\/p>\n\n\n\n<p><a href=\"https:\/\/www.anblpn.ca\/?lang=fr\" target=\"_blank\" rel=\"noreferrer noopener\">Association des infirmier(\u00e8re)s auxiliaires autoris\u00e9(e)s du Nouveau-Brunswick<\/a>&nbsp;&nbsp;<\/p>\n\n\n\n<p><a href=\"https:\/\/nscn.ca\/\" target=\"_blank\" rel=\"noreferrer noopener\">Nova Scotia College of Nursing<\/a>&nbsp;&nbsp;<\/p>\n\n\n\n<p><a href=\"https:\/\/www.cno.org\/fr\/bienvenue\/\" target=\"_blank\" rel=\"noreferrer noopener\">Ordre des infirmi\u00e8res et infirmiers de l&rsquo;Ontario<\/a>&nbsp;&nbsp;<\/p>\n\n\n\n<p><a href=\"http:\/\/www.clpnm.ca\/\" target=\"_blank\" rel=\"noreferrer noopener\">College of Licensed Practical Nurses of Manitoba<\/a>&nbsp;&nbsp;<\/p>\n\n\n\n<p><a href=\"http:\/\/www.salpn.com\/\" target=\"_blank\" rel=\"noreferrer noopener\">Saskatchewan Association of Licensed Practical Nurses<\/a>&nbsp;&nbsp;<\/p>\n\n\n\n<p><a href=\"https:\/\/www.clha.com\/\" target=\"_blank\" rel=\"noreferrer noopener\">College of Licensed Practical Nurses and Health Care Aids of Alberta<\/a>&nbsp;&nbsp;<\/p>\n\n\n\n<p><a href=\"https:\/\/www.bccnm.ca\/\" target=\"_blank\" rel=\"noreferrer noopener\">BC College of Nurses and Midwives<\/a>&nbsp;&nbsp;<\/p>\n<\/div><\/div>\n\n\n\n<div class=\"wp-block-zp4-group block-spacing-undefined\"><div class=\"layout-container\">\n<h2 class=\"wp-block-heading\"><strong>Organismes membres repr\u00e9sentant le personnel infirmier psychiatrique autoris\u00e9&nbsp;<\/strong>&nbsp;<\/h2>\n\n\n\n<p><a href=\"http:\/\/www.crpnm.mb.ca\/\" target=\"_blank\" rel=\"noreferrer noopener\">College of Registered Psychiatric Nurses of Manitoba<\/a>&nbsp;&nbsp;<\/p>\n\n\n\n<p><a href=\"https:\/\/www.rpnas.com\/\" target=\"_blank\" rel=\"noreferrer noopener\">Registered Psychiatric Nurses Association of Saskatchewan<\/a>&nbsp;&nbsp;<\/p>\n\n\n\n<p><a href=\"https:\/\/www.crpna.ab.ca\/\" target=\"_blank\" rel=\"noreferrer noopener\">College of Registered Psychiatric Nurses of Alberta<\/a>&nbsp;&nbsp;<\/p>\n\n\n\n<p><a href=\"https:\/\/www.bccnm.ca\/\" target=\"_blank\" rel=\"noreferrer noopener\">BC College of Nurses and Midwives<\/a>&nbsp;<\/p>\n<\/div><\/div>\n","protected":false},"excerpt":{"rendered":"<p>Vision Le Service national d\u2019\u00e9valuation infirmi\u00e8re offre un service d\u2019une qualit\u00e9 sup\u00e9rieure et respecte les normes d\u2019excellence les plus \u00e9lev\u00e9es pour authentifier les titres de comp\u00e9tences et examiner la formation en soins infirmiers re\u00e7ue \u00e0 l\u2019\u00e9tranger.&nbsp; Membres du CA&nbsp;<\/p>\n","protected":false},"author":4,"featured_media":118,"parent":0,"menu_order":0,"comment_status":"closed","ping_status":"closed","template":"","meta":{"footnotes":""},"class_list":["post-67","page","type-page","status-publish","has-post-thumbnail","hentry"],"yoast_head":"<!-- This site is optimized with the Yoast SEO plugin v27.3 - https:\/\/yoast.com\/product\/yoast-seo-wordpress\/ -->\n<title>Vision, mission et leadership\u00a0 - Service national d&#039;evaluation infirmi\u00e8re<\/title>\n<meta name=\"robots\" content=\"index, follow, max-snippet:-1, max-image-preview:large, max-video-preview:-1\" \/>\n<link rel=\"canonical\" href=\"https:\/\/www.nnas.ca\/fr\/vision-mission-et-leadership\/\" \/>\n<meta property=\"og:locale\" content=\"fr_CA\" \/>\n<meta property=\"og:type\" content=\"article\" \/>\n<meta property=\"og:title\" content=\"Vision, mission et leadership\u00a0 - Service national d&#039;evaluation infirmi\u00e8re\" \/>\n<meta property=\"og:description\" content=\"Vision Le Service national d\u2019\u00e9valuation infirmi\u00e8re offre un service d\u2019une qualit\u00e9 sup\u00e9rieure et respecte les normes d\u2019excellence les plus \u00e9lev\u00e9es pour authentifier les titres de comp\u00e9tences et examiner la formation en soins infirmiers re\u00e7ue \u00e0 l\u2019\u00e9tranger.&nbsp; Membres du CA&nbsp;\" \/>\n<meta property=\"og:url\" content=\"https:\/\/www.nnas.ca\/fr\/vision-mission-et-leadership\/\" \/>\n<meta property=\"og:site_name\" content=\"Service national d&#039;evaluation infirmi\u00e8re\" \/>\n<meta property=\"article:modified_time\" content=\"2026-02-25T17:51:16+00:00\" \/>\n<meta property=\"og:image\" content=\"https:\/\/www.nnas.ca\/fr\/wp-content\/uploads\/sites\/2\/2024\/07\/NNAS-SiteIMG_Masthead_1380x450_9.jpg\" \/>\n\t<meta property=\"og:image:width\" content=\"1380\" \/>\n\t<meta property=\"og:image:height\" content=\"450\" \/>\n\t<meta property=\"og:image:type\" content=\"image\/jpeg\" \/>\n<meta name=\"twitter:card\" content=\"summary_large_image\" \/>\n<meta name=\"twitter:label1\" content=\"Estimation du temps de lecture\" \/>\n\t<meta name=\"twitter:data1\" content=\"5 minutes\" \/>\n<script type=\"application\/ld+json\" class=\"yoast-schema-graph\">{\"@context\":\"https:\\\/\\\/schema.org\",\"@graph\":[{\"@type\":\"WebPage\",\"@id\":\"https:\\\/\\\/www.nnas.ca\\\/fr\\\/vision-mission-et-leadership\\\/\",\"url\":\"https:\\\/\\\/www.nnas.ca\\\/fr\\\/vision-mission-et-leadership\\\/\",\"name\":\"Vision, mission et leadership\u00a0 - Service national d&#039;evaluation infirmi\u00e8re\",\"isPartOf\":{\"@id\":\"https:\\\/\\\/www.nnas.ca\\\/fr\\\/#website\"},\"primaryImageOfPage\":{\"@id\":\"https:\\\/\\\/www.nnas.ca\\\/fr\\\/vision-mission-et-leadership\\\/#primaryimage\"},\"image\":{\"@id\":\"https:\\\/\\\/www.nnas.ca\\\/fr\\\/vision-mission-et-leadership\\\/#primaryimage\"},\"thumbnailUrl\":\"https:\\\/\\\/www.nnas.ca\\\/fr\\\/wp-content\\\/uploads\\\/sites\\\/2\\\/2024\\\/07\\\/NNAS-SiteIMG_Masthead_1380x450_9.jpg\",\"datePublished\":\"2024-07-12T19:22:00+00:00\",\"dateModified\":\"2026-02-25T17:51:16+00:00\",\"breadcrumb\":{\"@id\":\"https:\\\/\\\/www.nnas.ca\\\/fr\\\/vision-mission-et-leadership\\\/#breadcrumb\"},\"inLanguage\":\"fr-CA\",\"potentialAction\":[{\"@type\":\"ReadAction\",\"target\":[\"https:\\\/\\\/www.nnas.ca\\\/fr\\\/vision-mission-et-leadership\\\/\"]}]},{\"@type\":\"ImageObject\",\"inLanguage\":\"fr-CA\",\"@id\":\"https:\\\/\\\/www.nnas.ca\\\/fr\\\/vision-mission-et-leadership\\\/#primaryimage\",\"url\":\"https:\\\/\\\/www.nnas.ca\\\/fr\\\/wp-content\\\/uploads\\\/sites\\\/2\\\/2024\\\/07\\\/NNAS-SiteIMG_Masthead_1380x450_9.jpg\",\"contentUrl\":\"https:\\\/\\\/www.nnas.ca\\\/fr\\\/wp-content\\\/uploads\\\/sites\\\/2\\\/2024\\\/07\\\/NNAS-SiteIMG_Masthead_1380x450_9.jpg\",\"width\":1380,\"height\":450},{\"@type\":\"BreadcrumbList\",\"@id\":\"https:\\\/\\\/www.nnas.ca\\\/fr\\\/vision-mission-et-leadership\\\/#breadcrumb\",\"itemListElement\":[{\"@type\":\"ListItem\",\"position\":1,\"name\":\"Home\",\"item\":\"https:\\\/\\\/www.nnas.ca\\\/fr\\\/\"},{\"@type\":\"ListItem\",\"position\":2,\"name\":\"Vision, mission et leadership\u00a0\"}]},{\"@type\":\"WebSite\",\"@id\":\"https:\\\/\\\/www.nnas.ca\\\/fr\\\/#website\",\"url\":\"https:\\\/\\\/www.nnas.ca\\\/fr\\\/\",\"name\":\"Service national d&#039;evaluation infirmi\u00e8re\",\"description\":\"\",\"potentialAction\":[{\"@type\":\"SearchAction\",\"target\":{\"@type\":\"EntryPoint\",\"urlTemplate\":\"https:\\\/\\\/www.nnas.ca\\\/fr\\\/?s={search_term_string}\"},\"query-input\":{\"@type\":\"PropertyValueSpecification\",\"valueRequired\":true,\"valueName\":\"search_term_string\"}}],\"inLanguage\":\"fr-CA\"}]}<\/script>\n<!-- \/ Yoast SEO plugin. -->","yoast_head_json":{"title":"Vision, mission et leadership\u00a0 - Service national d&#039;evaluation infirmi\u00e8re","robots":{"index":"index","follow":"follow","max-snippet":"max-snippet:-1","max-image-preview":"max-image-preview:large","max-video-preview":"max-video-preview:-1"},"canonical":"https:\/\/www.nnas.ca\/fr\/vision-mission-et-leadership\/","og_locale":"fr_CA","og_type":"article","og_title":"Vision, mission et leadership\u00a0 - Service national d&#039;evaluation infirmi\u00e8re","og_description":"Vision Le Service national d\u2019\u00e9valuation infirmi\u00e8re offre un service d\u2019une qualit\u00e9 sup\u00e9rieure et respecte les normes d\u2019excellence les plus \u00e9lev\u00e9es pour authentifier les titres de comp\u00e9tences et examiner la formation en soins infirmiers re\u00e7ue \u00e0 l\u2019\u00e9tranger.&nbsp; Membres du CA&nbsp;","og_url":"https:\/\/www.nnas.ca\/fr\/vision-mission-et-leadership\/","og_site_name":"Service national d&#039;evaluation infirmi\u00e8re","article_modified_time":"2026-02-25T17:51:16+00:00","og_image":[{"width":1380,"height":450,"url":"https:\/\/www.nnas.ca\/fr\/wp-content\/uploads\/sites\/2\/2024\/07\/NNAS-SiteIMG_Masthead_1380x450_9.jpg","type":"image\/jpeg"}],"twitter_card":"summary_large_image","twitter_misc":{"Estimation du temps de lecture":"5 minutes"},"schema":{"@context":"https:\/\/schema.org","@graph":[{"@type":"WebPage","@id":"https:\/\/www.nnas.ca\/fr\/vision-mission-et-leadership\/","url":"https:\/\/www.nnas.ca\/fr\/vision-mission-et-leadership\/","name":"Vision, mission et leadership\u00a0 - Service national d&#039;evaluation infirmi\u00e8re","isPartOf":{"@id":"https:\/\/www.nnas.ca\/fr\/#website"},"primaryImageOfPage":{"@id":"https:\/\/www.nnas.ca\/fr\/vision-mission-et-leadership\/#primaryimage"},"image":{"@id":"https:\/\/www.nnas.ca\/fr\/vision-mission-et-leadership\/#primaryimage"},"thumbnailUrl":"https:\/\/www.nnas.ca\/fr\/wp-content\/uploads\/sites\/2\/2024\/07\/NNAS-SiteIMG_Masthead_1380x450_9.jpg","datePublished":"2024-07-12T19:22:00+00:00","dateModified":"2026-02-25T17:51:16+00:00","breadcrumb":{"@id":"https:\/\/www.nnas.ca\/fr\/vision-mission-et-leadership\/#breadcrumb"},"inLanguage":"fr-CA","potentialAction":[{"@type":"ReadAction","target":["https:\/\/www.nnas.ca\/fr\/vision-mission-et-leadership\/"]}]},{"@type":"ImageObject","inLanguage":"fr-CA","@id":"https:\/\/www.nnas.ca\/fr\/vision-mission-et-leadership\/#primaryimage","url":"https:\/\/www.nnas.ca\/fr\/wp-content\/uploads\/sites\/2\/2024\/07\/NNAS-SiteIMG_Masthead_1380x450_9.jpg","contentUrl":"https:\/\/www.nnas.ca\/fr\/wp-content\/uploads\/sites\/2\/2024\/07\/NNAS-SiteIMG_Masthead_1380x450_9.jpg","width":1380,"height":450},{"@type":"BreadcrumbList","@id":"https:\/\/www.nnas.ca\/fr\/vision-mission-et-leadership\/#breadcrumb","itemListElement":[{"@type":"ListItem","position":1,"name":"Home","item":"https:\/\/www.nnas.ca\/fr\/"},{"@type":"ListItem","position":2,"name":"Vision, mission et leadership\u00a0"}]},{"@type":"WebSite","@id":"https:\/\/www.nnas.ca\/fr\/#website","url":"https:\/\/www.nnas.ca\/fr\/","name":"Service national d&#039;evaluation infirmi\u00e8re","description":"","potentialAction":[{"@type":"SearchAction","target":{"@type":"EntryPoint","urlTemplate":"https:\/\/www.nnas.ca\/fr\/?s={search_term_string}"},"query-input":{"@type":"PropertyValueSpecification","valueRequired":true,"valueName":"search_term_string"}}],"inLanguage":"fr-CA"}]}},"_links":{"self":[{"href":"https:\/\/www.nnas.ca\/fr\/wp-json\/wp\/v2\/pages\/67","targetHints":{"allow":["GET"]}}],"collection":[{"href":"https:\/\/www.nnas.ca\/fr\/wp-json\/wp\/v2\/pages"}],"about":[{"href":"https:\/\/www.nnas.ca\/fr\/wp-json\/wp\/v2\/types\/page"}],"author":[{"embeddable":true,"href":"https:\/\/www.nnas.ca\/fr\/wp-json\/wp\/v2\/users\/4"}],"replies":[{"embeddable":true,"href":"https:\/\/www.nnas.ca\/fr\/wp-json\/wp\/v2\/comments?post=67"}],"version-history":[{"count":8,"href":"https:\/\/www.nnas.ca\/fr\/wp-json\/wp\/v2\/pages\/67\/revisions"}],"predecessor-version":[{"id":476,"href":"https:\/\/www.nnas.ca\/fr\/wp-json\/wp\/v2\/pages\/67\/revisions\/476"}],"wp:featuredmedia":[{"embeddable":true,"href":"https:\/\/www.nnas.ca\/fr\/wp-json\/wp\/v2\/media\/118"}],"wp:attachment":[{"href":"https:\/\/www.nnas.ca\/fr\/wp-json\/wp\/v2\/media?parent=67"}],"curies":[{"name":"wp","href":"https:\/\/api.w.org\/{rel}","templated":true}]}}