{"id":69,"date":"2024-07-12T19:52:02","date_gmt":"2024-07-12T19:52:02","guid":{"rendered":"https:\/\/www.nnas.ca\/fr\/?page_id=69"},"modified":"2024-07-16T17:21:43","modified_gmt":"2024-07-16T17:21:43","slug":"communiquer-avec-nous","status":"publish","type":"page","link":"https:\/\/www.nnas.ca\/fr\/communiquer-avec-nous\/","title":{"rendered":"Communiquer avec nous"},"content":{"rendered":"\n<div class=\"wp-block-zp4-group bottom-spacing-3 block-spacing-undefined\"><div class=\"layout-container\">\n<p>Coordonn\u00e9es du SNEI:<\/p>\n\n\n\n<h2 class=\"wp-block-heading\"><strong>Pour toute question sur la pr\u00e9sentation d\u2019une demande au SNEI<\/strong><\/h2>\n\n\n\n<p>Si vous avez besoin d\u2019aide \u00e0 propos de votre demande ou de tout document, notre \u00e9quipe de soutien s\u2019empressera de vous aider. Vous pouvez la joindre par t\u00e9l\u00e9phone ou par courriel:<\/p>\n\n\n\n<p><strong><strong>Num\u00e9ro sans frais<\/strong>:<\/strong>\u202f<a href=\"tel:1-855-977-1898\" target=\"_blank\" rel=\"noreferrer noopener\"><strong>+1 (855) 977-1898<\/strong><\/a>\u202f |\u202f u lundi au vendredi, de 8 h \u00e0 16 h HE.\u00a0<\/p>\n\n\n\n<p><strong><strong>Courriel<\/strong>:<\/strong>\u202f<a href=\"mailto:support@nnas.ca\" target=\"_blank\" rel=\"noreferrer noopener\"><strong>support@nnas.ca<\/strong><\/a>\u00a0<\/p>\n\n\n\n<h2 class=\"wp-block-heading\"><strong>Pour faire parvenir des documents au SNEI par la poste ou par service de messagerie<\/strong><\/h2>\n\n\n\n<p>Voici les adresses que doivent utiliser les autorit\u00e9s comp\u00e9tentes (tierces parties) et les personnes qui pr\u00e9sentent une demande.<\/p>\n\n\n\n<div class=\"wp-block-columns is-layout-flex wp-container-core-columns-is-layout-28f84493 wp-block-columns-is-layout-flex\">\n<div class=\"wp-block-column is-layout-flow wp-block-column-is-layout-flow\">\n<p><strong>Mailing address for <strong>Envoi de documents par la poste<\/strong><\/strong>\u00a0<\/p>\n\n\n\n<p>National Nursing Assessment Service&nbsp;<br>Post Office Box 8658&nbsp;<br>Philadelphia, PA&nbsp;<br>19101-8658, USA&nbsp;<\/p>\n<\/div>\n\n\n\n<div class=\"wp-block-column is-layout-flow wp-block-column-is-layout-flow\">\n<p><strong>Courier<strong>Envoi par service de messagerie<\/strong>\u00a0\u00a0address for documents<\/strong>\u00a0<\/p>\n\n\n\n<p>National Nursing Assessment Service&nbsp;<br>3600 Market Street, Suite 400&nbsp;<br>Philadelphia, PA&nbsp;<br>19104-2651, USA&nbsp;<\/p>\n<\/div>\n<\/div>\n\n\n\n<h2 class=\"wp-block-heading\"><strong>Pour communiquer avec le si\u00e8ge social<\/strong><\/h2>\n\n\n\n<p><strong>Par la poste<\/strong>:<\/p>\n\n\n\n<p>Service national d\u2019\u00e9valuation infirmi\u00e8re \u00a0<br>Regus, Centre Eaton\u00a0<br>1, rue Dundas Ouest \u00a0<br>Suite 2500 \u00a0<br>Toronto (Ontario)\u00a0 M5G 1Z3<br>Canada<\/p>\n\n\n\n<p><strong><strong>Par t\u00e9l\u00e9phone<\/strong>:<\/strong>\u00a0<\/p>\n\n\n\n<p>N<sup>o<\/sup> sans frais: +1 (877) 215 9889\u00a0<\/p>\n\n\n\n<p><strong><strong>Par courriel<\/strong>:<\/strong>\u00a0<\/p>\n\n\n\n<p><a href=\"mailto:info@nnas.ca\" target=\"_blank\" rel=\"noreferrer noopener\"><strong>info@nnas.ca<\/strong><\/a><strong><\/strong>&nbsp;<\/p>\n\n\n<div class=\"frm_forms  with_frm_style frm_style_formidable-style\" id=\"frm_form_1_container\" >\n<form enctype=\"multipart\/form-data\" method=\"post\" class=\"frm-show-form \" id=\"form_contact-form\" >\n<div class=\"frm_form_fields \">\n<fieldset>\n<legend class=\"frm_screen_reader\">Contact Us<\/legend>\r\n\r\n<div class=\"frm_fields_container\">\n<input type=\"hidden\" name=\"frm_action\" value=\"create\" \/>\n<input type=\"hidden\" name=\"form_id\" value=\"1\" \/>\n<input type=\"hidden\" name=\"frm_hide_fields_1\" id=\"frm_hide_fields_1\" value=\"\" \/>\n<input type=\"hidden\" name=\"form_key\" value=\"contact-form\" \/>\n<input type=\"hidden\" name=\"item_meta[0]\" value=\"\" \/>\n<input type=\"hidden\" id=\"frm_submit_entry_1\" name=\"frm_submit_entry_1\" value=\"522b197fa2\" \/><input type=\"hidden\" name=\"_wp_http_referer\" value=\"\/fr\/wp-json\/wp\/v2\/pages\/69\" \/><div id=\"frm_field_1_container\" class=\"frm_form_field form-field  frm_required_field frm_top_container frm_first frm_half\">\r\n    <label for=\"field_qh4icy\" id=\"field_qh4icy_label\" class=\"frm_primary_label\">Name\r\n        <span class=\"frm_required\" aria-hidden=\"true\">*<\/span>\r\n    <\/label>\r\n    <input type=\"text\" id=\"field_qh4icy\" name=\"item_meta[1]\" value=\"\"  data-reqmsg=\"Name cannot be blank.\" aria-required=\"true\" data-invmsg=\"Name is invalid\" aria-invalid=\"false\"   aria-describedby=\"frm_desc_field_qh4icy\"\/>\r\n    <div class=\"frm_description\" id=\"frm_desc_field_qh4icy\">First<\/div>\r\n    \r\n<\/div>\n<div id=\"frm_field_2_container\" class=\"frm_form_field form-field  frm_required_field frm_hidden_container frm_half\">\r\n    <label for=\"field_ocfup1\" id=\"field_ocfup1_label\" class=\"frm_primary_label\">Last\r\n        <span class=\"frm_required\" aria-hidden=\"true\">*<\/span>\r\n    <\/label>\r\n    <input type=\"text\" id=\"field_ocfup1\" name=\"item_meta[2]\" value=\"\"  data-reqmsg=\"Last cannot be blank.\" aria-required=\"true\" data-invmsg=\"Last is invalid\" aria-invalid=\"false\"   aria-describedby=\"frm_desc_field_ocfup1\"\/>\r\n    <div class=\"frm_description\" id=\"frm_desc_field_ocfup1\">Last<\/div>\r\n    \r\n<\/div>\n<div id=\"frm_field_3_container\" class=\"frm_form_field form-field  frm_required_field frm_top_container frm_full\">\r\n    <label for=\"field_29yf4d\" id=\"field_29yf4d_label\" class=\"frm_primary_label\">Email\r\n        <span class=\"frm_required\" aria-hidden=\"true\">*<\/span>\r\n    <\/label>\r\n    <input type=\"email\" id=\"field_29yf4d\" name=\"item_meta[3]\" value=\"\"  data-reqmsg=\"Email cannot be blank.\" aria-required=\"true\" data-invmsg=\"Please enter a valid email address\" aria-invalid=\"false\"  \/>\r\n    \r\n    \r\n<\/div>\n<div id=\"frm_field_4_container\" class=\"frm_form_field form-field  frm_required_field frm_top_container frm_full\">\r\n    <label for=\"field_e6lis6\" id=\"field_e6lis6_label\" class=\"frm_primary_label\">Subject\r\n        <span class=\"frm_required\" aria-hidden=\"true\">*<\/span>\r\n    <\/label>\r\n    <input type=\"text\" id=\"field_e6lis6\" name=\"item_meta[4]\" value=\"\"  data-reqmsg=\"Subject cannot be blank.\" aria-required=\"true\" data-invmsg=\"Subject is invalid\" aria-invalid=\"false\"  \/>\r\n    \r\n    \r\n<\/div>\n<div id=\"frm_field_5_container\" class=\"frm_form_field form-field  frm_required_field frm_top_container frm_full\">\r\n    <label for=\"field_9jv0r1\" id=\"field_9jv0r1_label\" class=\"frm_primary_label\">Message\r\n        <span class=\"frm_required\" aria-hidden=\"true\">*<\/span>\r\n    <\/label>\r\n    <textarea name=\"item_meta[5]\" id=\"field_9jv0r1\" rows=\"5\"  data-reqmsg=\"Message cannot be blank.\" aria-required=\"true\" data-invmsg=\"Message is invalid\" aria-invalid=\"false\"  ><\/textarea>\r\n    \r\n    \r\n<\/div>\n<div id=\"frm_field_6_container\" class=\"frm_form_field form-field \">\r\n\t<div class=\"frm_submit\">\r\n\r\n<button class=\"frm_button_submit\" type=\"submit\"  >Submit<\/button>\r\n\r\n\r\n<\/div>\r\n<\/div>\n\t<input type=\"hidden\" name=\"item_key\" value=\"\" \/>\n\t\t\t<div id=\"frm_field_7_container\">\n\t\t\t<label for=\"field_u8s3d\" >\n\t\t\t\tIf you are human, leave this field blank.\t\t\t<\/label>\n\t\t\t<input  id=\"field_u8s3d\" type=\"text\" class=\"frm_form_field form-field frm_verify\" name=\"item_meta[7]\" value=\"\"  \/>\n\t\t<\/div>\n\t\t<\/div>\n<\/fieldset>\n<\/div>\n\n<\/form>\n<\/div>\n\n<\/div><\/div>\n","protected":false},"excerpt":{"rendered":"","protected":false},"author":5,"featured_media":0,"parent":0,"menu_order":0,"comment_status":"closed","ping_status":"closed","template":"","meta":{"footnotes":""},"class_list":["post-69","page","type-page","status-publish","hentry"],"yoast_head":"<!-- This site is optimized with the Yoast SEO plugin v27.3 - https:\/\/yoast.com\/product\/yoast-seo-wordpress\/ -->\n<title>Communiquer avec nous - Service national d&#039;evaluation infirmi\u00e8re<\/title>\n<meta name=\"robots\" content=\"index, follow, max-snippet:-1, max-image-preview:large, max-video-preview:-1\" \/>\n<link rel=\"canonical\" href=\"https:\/\/www.nnas.ca\/fr\/communiquer-avec-nous\/\" \/>\n<meta property=\"og:locale\" content=\"fr_CA\" \/>\n<meta property=\"og:type\" content=\"article\" \/>\n<meta property=\"og:title\" content=\"Communiquer avec nous - Service national d&#039;evaluation infirmi\u00e8re\" \/>\n<meta property=\"og:url\" content=\"https:\/\/www.nnas.ca\/fr\/communiquer-avec-nous\/\" \/>\n<meta property=\"og:site_name\" content=\"Service national d&#039;evaluation infirmi\u00e8re\" \/>\n<meta property=\"article:modified_time\" content=\"2024-07-16T17:21:43+00:00\" \/>\n<meta property=\"og:image\" content=\"https:\/\/www.nnas.ca\/fr\/wp-content\/uploads\/sites\/2\/2024\/07\/nnas-fb-share-image-fr.png\" \/>\n\t<meta property=\"og:image:width\" content=\"1400\" \/>\n\t<meta property=\"og:image:height\" content=\"713\" \/>\n\t<meta property=\"og:image:type\" content=\"image\/png\" \/>\n<meta name=\"twitter:card\" content=\"summary_large_image\" \/>\n<meta name=\"twitter:label1\" content=\"Estimation du temps de lecture\" \/>\n\t<meta name=\"twitter:data1\" content=\"1 minute\" \/>\n<script type=\"application\/ld+json\" class=\"yoast-schema-graph\">{\"@context\":\"https:\\\/\\\/schema.org\",\"@graph\":[{\"@type\":\"WebPage\",\"@id\":\"https:\\\/\\\/www.nnas.ca\\\/fr\\\/communiquer-avec-nous\\\/\",\"url\":\"https:\\\/\\\/www.nnas.ca\\\/fr\\\/communiquer-avec-nous\\\/\",\"name\":\"Communiquer avec nous - Service national d&#039;evaluation infirmi\u00e8re\",\"isPartOf\":{\"@id\":\"https:\\\/\\\/www.nnas.ca\\\/fr\\\/#website\"},\"datePublished\":\"2024-07-12T19:52:02+00:00\",\"dateModified\":\"2024-07-16T17:21:43+00:00\",\"breadcrumb\":{\"@id\":\"https:\\\/\\\/www.nnas.ca\\\/fr\\\/communiquer-avec-nous\\\/#breadcrumb\"},\"inLanguage\":\"fr-CA\",\"potentialAction\":[{\"@type\":\"ReadAction\",\"target\":[\"https:\\\/\\\/www.nnas.ca\\\/fr\\\/communiquer-avec-nous\\\/\"]}]},{\"@type\":\"BreadcrumbList\",\"@id\":\"https:\\\/\\\/www.nnas.ca\\\/fr\\\/communiquer-avec-nous\\\/#breadcrumb\",\"itemListElement\":[{\"@type\":\"ListItem\",\"position\":1,\"name\":\"Home\",\"item\":\"https:\\\/\\\/www.nnas.ca\\\/fr\\\/\"},{\"@type\":\"ListItem\",\"position\":2,\"name\":\"Communiquer avec nous\"}]},{\"@type\":\"WebSite\",\"@id\":\"https:\\\/\\\/www.nnas.ca\\\/fr\\\/#website\",\"url\":\"https:\\\/\\\/www.nnas.ca\\\/fr\\\/\",\"name\":\"Service national d&#039;evaluation infirmi\u00e8re\",\"description\":\"\",\"potentialAction\":[{\"@type\":\"SearchAction\",\"target\":{\"@type\":\"EntryPoint\",\"urlTemplate\":\"https:\\\/\\\/www.nnas.ca\\\/fr\\\/?s={search_term_string}\"},\"query-input\":{\"@type\":\"PropertyValueSpecification\",\"valueRequired\":true,\"valueName\":\"search_term_string\"}}],\"inLanguage\":\"fr-CA\"}]}<\/script>\n<!-- \/ Yoast SEO plugin. -->","yoast_head_json":{"title":"Communiquer avec nous - Service national d&#039;evaluation infirmi\u00e8re","robots":{"index":"index","follow":"follow","max-snippet":"max-snippet:-1","max-image-preview":"max-image-preview:large","max-video-preview":"max-video-preview:-1"},"canonical":"https:\/\/www.nnas.ca\/fr\/communiquer-avec-nous\/","og_locale":"fr_CA","og_type":"article","og_title":"Communiquer avec nous - Service national d&#039;evaluation infirmi\u00e8re","og_url":"https:\/\/www.nnas.ca\/fr\/communiquer-avec-nous\/","og_site_name":"Service national d&#039;evaluation infirmi\u00e8re","article_modified_time":"2024-07-16T17:21:43+00:00","og_image":[{"width":1400,"height":713,"url":"https:\/\/www.nnas.ca\/fr\/wp-content\/uploads\/sites\/2\/2024\/07\/nnas-fb-share-image-fr.png","type":"image\/png"}],"twitter_card":"summary_large_image","twitter_misc":{"Estimation du temps de lecture":"1 minute"},"schema":{"@context":"https:\/\/schema.org","@graph":[{"@type":"WebPage","@id":"https:\/\/www.nnas.ca\/fr\/communiquer-avec-nous\/","url":"https:\/\/www.nnas.ca\/fr\/communiquer-avec-nous\/","name":"Communiquer avec nous - Service national d&#039;evaluation infirmi\u00e8re","isPartOf":{"@id":"https:\/\/www.nnas.ca\/fr\/#website"},"datePublished":"2024-07-12T19:52:02+00:00","dateModified":"2024-07-16T17:21:43+00:00","breadcrumb":{"@id":"https:\/\/www.nnas.ca\/fr\/communiquer-avec-nous\/#breadcrumb"},"inLanguage":"fr-CA","potentialAction":[{"@type":"ReadAction","target":["https:\/\/www.nnas.ca\/fr\/communiquer-avec-nous\/"]}]},{"@type":"BreadcrumbList","@id":"https:\/\/www.nnas.ca\/fr\/communiquer-avec-nous\/#breadcrumb","itemListElement":[{"@type":"ListItem","position":1,"name":"Home","item":"https:\/\/www.nnas.ca\/fr\/"},{"@type":"ListItem","position":2,"name":"Communiquer avec nous"}]},{"@type":"WebSite","@id":"https:\/\/www.nnas.ca\/fr\/#website","url":"https:\/\/www.nnas.ca\/fr\/","name":"Service national d&#039;evaluation infirmi\u00e8re","description":"","potentialAction":[{"@type":"SearchAction","target":{"@type":"EntryPoint","urlTemplate":"https:\/\/www.nnas.ca\/fr\/?s={search_term_string}"},"query-input":{"@type":"PropertyValueSpecification","valueRequired":true,"valueName":"search_term_string"}}],"inLanguage":"fr-CA"}]}},"_links":{"self":[{"href":"https:\/\/www.nnas.ca\/fr\/wp-json\/wp\/v2\/pages\/69","targetHints":{"allow":["GET"]}}],"collection":[{"href":"https:\/\/www.nnas.ca\/fr\/wp-json\/wp\/v2\/pages"}],"about":[{"href":"https:\/\/www.nnas.ca\/fr\/wp-json\/wp\/v2\/types\/page"}],"author":[{"embeddable":true,"href":"https:\/\/www.nnas.ca\/fr\/wp-json\/wp\/v2\/users\/5"}],"replies":[{"embeddable":true,"href":"https:\/\/www.nnas.ca\/fr\/wp-json\/wp\/v2\/comments?post=69"}],"version-history":[{"count":0,"href":"https:\/\/www.nnas.ca\/fr\/wp-json\/wp\/v2\/pages\/69\/revisions"}],"wp:attachment":[{"href":"https:\/\/www.nnas.ca\/fr\/wp-json\/wp\/v2\/media?parent=69"}],"curies":[{"name":"wp","href":"https:\/\/api.w.org\/{rel}","templated":true}]}}